{"id":984,"date":"2021-08-10T17:54:46","date_gmt":"2021-08-10T15:54:46","guid":{"rendered":"https:\/\/vivaservice.de\/viva_test_2\/?page_id=984"},"modified":"2022-04-25T21:05:03","modified_gmt":"2022-04-25T19:05:03","slug":"luftfilter","status":"publish","type":"page","link":"https:\/\/vivaservice.de\/en\/luftfilter\/","title":{"rendered":"Mobile Luftfilter"},"content":{"rendered":"<div class=\"wp-block-columns is-layout-flex wp-container-core-columns-is-layout-9d6595d7 wp-block-columns-is-layout-flex\">\n<div class=\"wp-block-column is-layout-flow wp-block-column-is-layout-flow\" style=\"flex-basis:33.33%\">\n<div class=\"alignnormal\"><div id=\"metaslider-id-2843\" style=\"max-width: 500px;\" class=\"ml-slider-3-108-0 metaslider metaslider-flex metaslider-2843 ml-slider has-dots-nav ms-theme-default\" role=\"region\" aria-label=\"Luftfilteranlagen\" data-height=\"300\" data-width=\"500\">\n    <div id=\"metaslider_container_2843\">\n        <div id=\"metaslider_2843\">\n            <ul class='slides'>\n                <li style=\"display: block; width: 100%;\" class=\"slide-2844 ms-image\" aria-roledescription=\"slide\" data-date=\"2022-04-25 21:03:53\" data-filename=\"youvee-Luftreiniger-500x300.jpg\" data-slide-type=\"image\"><img loading=\"lazy\" decoding=\"async\" src=\"https:\/\/vivaservice.de\/wp-content\/uploads\/2021\/10\/youvee-Luftreiniger-500x300.jpg\" height=\"300\" width=\"500\" alt=\"youvee Luftfilter\" class=\"slider-2843 slide-2844 msDefaultImage\" title=\"youvee-Luftreiniger\" \/><div class=\"caption-wrap\"><div class=\"caption\">Luftfilter von youvee<\/div><\/div><\/li>\n                <li style=\"display: none; width: 100%;\" class=\"slide-2845 ms-image\" aria-roledescription=\"slide\" data-date=\"2022-04-25 21:04:02\" data-filename=\"youvee_gastro_kupfer-500x300.jpg\" data-slide-type=\"image\"><img loading=\"lazy\" decoding=\"async\" src=\"https:\/\/vivaservice.de\/wp-content\/uploads\/2022\/04\/youvee_gastro_kupfer-500x300.jpg\" height=\"300\" width=\"500\" alt=\"youvee Luftfilter vor einer Bar\" class=\"slider-2843 slide-2845 msDefaultImage\" title=\"Third Wave Coffee Shop Interior\" \/><div class=\"caption-wrap\"><div class=\"caption\">youvee Luftfilter <\/div><\/div><\/li>\n            <\/ul>\n        <\/div>\n        \n    <\/div>\n<\/div><\/div>\n<\/div>\n\n\n\n<div class=\"wp-block-column is-layout-flow wp-block-column-is-layout-flow\" style=\"flex-basis:66.66%\">\n<h3 class=\"wp-block-heading\">Luftreiniger von youvee<\/h3>\n\n\n\n<p style=\"font-size:17px\">Die Coronapandemie hat uns gezeigt, dass Hygiene nicht nur bei den Schankanlagen und Tafelwasseranlagen wichtig ist, sondern auch in den Innenr\u00e4umen. Mit mobilen Luftreingern der Firma yuovee bieten wir flexible, stylische Luftreiniger an, die nicht nur in der Gastronomie, sondern auch in Gewerber\u00e4umen, Gesch\u00e4ften und Arztpraxen Verwendung finden. Durch das Prinzip der Reinigung mit UV Strahlung werden keine Filter ben\u00f6tigt, die nach einiger Zeit ersetzt werden m\u00fcssten. Die Ger\u00e4te sind damit sehr wartungsarm und haben eine sehr hohe Reinigungskapazit\u00e4t. Die mobilen Luftreiniger der Firma youvee sind 99,99 Prozent wirksam gegen Corona-Viren, best\u00e4tigt surch das Max-Planck-Institut. Eine Steuerung der Luftreiniger ist \u00fcber die APP m\u00f6glich. Optional k\u00f6nnen die Luftreiniger von youvee mit einem CO2-Sensor ausgestattet werden.<\/p>\n\n\n\n<div class=\"wp-block-buttons is-layout-flex wp-block-buttons-is-layout-flex\">\n<div class=\"wp-block-button\"><a class=\"wp-block-button__link\" href=\"https:\/\/vivaservice.de\/en\/kontakt\/\" style=\"border-radius:15px\">Anfrage Luftfilteranlage<\/a><\/div>\n<\/div>\n\n\n\n<div style=\"height:45px\" aria-hidden=\"true\" class=\"wp-block-spacer\"><\/div>\n\n\n\n<div class=\"wp-block-buttons is-layout-flex wp-block-buttons-is-layout-flex\">\n<div class=\"wp-block-button\"><a class=\"wp-block-button__link has-white-color has-text-color\" href=\"https:\/\/vivaservice.de\/en\/#viva-gastroservice\" style=\"border-radius:15px\">zur\u00fcck<\/a><\/div>\n<\/div>\n<\/div>\n<\/div>","protected":false},"excerpt":{"rendered":"<p>Luftreiniger von youvee Die Coronapandemie hat uns gezeigt, dass Hygiene nicht nur bei den Schankanlagen und Tafelwasseranlagen wichtig ist, sondern auch in den Innenr\u00e4umen. Mit mobilen Luftreingern der Firma yuovee bieten wir flexible, stylische Luftreiniger an, die nicht nur in der Gastronomie, sondern auch in Gewerber\u00e4umen, Gesch\u00e4ften und Arztpraxen Verwendung finden. Durch das Prinzip der [&hellip;]<\/p>\n","protected":false},"author":1,"featured_media":0,"parent":0,"menu_order":0,"comment_status":"closed","ping_status":"closed","template":"","meta":{"footnotes":""},"class_list":["post-984","page","type-page","status-publish","hentry"],"yoast_head":"<!-- This site is optimized with the Yoast SEO plugin v27.4 - https:\/\/yoast.com\/product\/yoast-seo-wordpress\/ -->\n<title>Mobile Luftfilter - viva-service AG<\/title>\n<meta name=\"robots\" content=\"index, follow, max-snippet:-1, max-image-preview:large, max-video-preview:-1\" \/>\n<link rel=\"canonical\" href=\"https:\/\/vivaservice.de\/en\/luftfilter\/\" \/>\n<meta property=\"og:locale\" content=\"en_GB\" \/>\n<meta property=\"og:type\" content=\"article\" \/>\n<meta property=\"og:title\" content=\"Mobile Luftfilter - viva-service AG\" \/>\n<meta property=\"og:description\" content=\"Luftreiniger von youvee Die Coronapandemie hat uns gezeigt, dass Hygiene nicht nur bei den Schankanlagen und Tafelwasseranlagen wichtig ist, sondern auch in den Innenr\u00e4umen. Mit mobilen Luftreingern der Firma yuovee bieten wir flexible, stylische Luftreiniger an, die nicht nur in der Gastronomie, sondern auch in Gewerber\u00e4umen, Gesch\u00e4ften und Arztpraxen Verwendung finden. Durch das Prinzip der [&hellip;]\" \/>\n<meta property=\"og:url\" content=\"https:\/\/vivaservice.de\/en\/luftfilter\/\" \/>\n<meta property=\"og:site_name\" content=\"viva-service AG\" \/>\n<meta property=\"article:modified_time\" content=\"2022-04-25T19:05:03+00:00\" \/>\n<meta name=\"twitter:card\" content=\"summary_large_image\" \/>\n<meta name=\"twitter:label1\" content=\"Estimated reading time\" \/>\n\t<meta name=\"twitter:data1\" content=\"1 minute\" \/>\n<script type=\"application\/ld+json\" class=\"yoast-schema-graph\">{\"@context\":\"https:\\\/\\\/schema.org\",\"@graph\":[{\"@type\":\"WebPage\",\"@id\":\"https:\\\/\\\/vivaservice.de\\\/luftfilter\\\/\",\"url\":\"https:\\\/\\\/vivaservice.de\\\/luftfilter\\\/\",\"name\":\"Mobile Luftfilter - viva-service AG\",\"isPartOf\":{\"@id\":\"https:\\\/\\\/vivaservice.de\\\/#website\"},\"datePublished\":\"2021-08-10T15:54:46+00:00\",\"dateModified\":\"2022-04-25T19:05:03+00:00\",\"breadcrumb\":{\"@id\":\"https:\\\/\\\/vivaservice.de\\\/luftfilter\\\/#breadcrumb\"},\"inLanguage\":\"en-GB\",\"potentialAction\":[{\"@type\":\"ReadAction\",\"target\":[\"https:\\\/\\\/vivaservice.de\\\/luftfilter\\\/\"]}]},{\"@type\":\"BreadcrumbList\",\"@id\":\"https:\\\/\\\/vivaservice.de\\\/luftfilter\\\/#breadcrumb\",\"itemListElement\":[{\"@type\":\"ListItem\",\"position\":1,\"name\":\"Startseite\",\"item\":\"https:\\\/\\\/vivaservice.de\\\/\"},{\"@type\":\"ListItem\",\"position\":2,\"name\":\"Mobile Luftfilter\"}]},{\"@type\":\"WebSite\",\"@id\":\"https:\\\/\\\/vivaservice.de\\\/#website\",\"url\":\"https:\\\/\\\/vivaservice.de\\\/\",\"name\":\"viva-service AG\",\"description\":\"\",\"publisher\":{\"@id\":\"https:\\\/\\\/vivaservice.de\\\/#organization\"},\"potentialAction\":[{\"@type\":\"SearchAction\",\"target\":{\"@type\":\"EntryPoint\",\"urlTemplate\":\"https:\\\/\\\/vivaservice.de\\\/?s={search_term_string}\"},\"query-input\":{\"@type\":\"PropertyValueSpecification\",\"valueRequired\":true,\"valueName\":\"search_term_string\"}}],\"inLanguage\":\"en-GB\"},{\"@type\":\"Organization\",\"@id\":\"https:\\\/\\\/vivaservice.de\\\/#organization\",\"name\":\"viva-service AG\",\"url\":\"https:\\\/\\\/vivaservice.de\\\/\",\"logo\":{\"@type\":\"ImageObject\",\"inLanguage\":\"en-GB\",\"@id\":\"https:\\\/\\\/vivaservice.de\\\/#\\\/schema\\\/logo\\\/image\\\/\",\"url\":\"https:\\\/\\\/vivaservice.de\\\/wp-content\\\/uploads\\\/2025\\\/06\\\/cropped-Wort-Bildmarke_150px.png\",\"contentUrl\":\"https:\\\/\\\/vivaservice.de\\\/wp-content\\\/uploads\\\/2025\\\/06\\\/cropped-Wort-Bildmarke_150px.png\",\"width\":151,\"height\":69,\"caption\":\"viva-service AG\"},\"image\":{\"@id\":\"https:\\\/\\\/vivaservice.de\\\/#\\\/schema\\\/logo\\\/image\\\/\"}}]}<\/script>\n<!-- \/ Yoast SEO plugin. -->","yoast_head_json":{"title":"Mobile Luftfilter - viva-service AG","robots":{"index":"index","follow":"follow","max-snippet":"max-snippet:-1","max-image-preview":"max-image-preview:large","max-video-preview":"max-video-preview:-1"},"canonical":"https:\/\/vivaservice.de\/en\/luftfilter\/","og_locale":"en_GB","og_type":"article","og_title":"Mobile Luftfilter - viva-service AG","og_description":"Luftreiniger von youvee Die Coronapandemie hat uns gezeigt, dass Hygiene nicht nur bei den Schankanlagen und Tafelwasseranlagen wichtig ist, sondern auch in den Innenr\u00e4umen. Mit mobilen Luftreingern der Firma yuovee bieten wir flexible, stylische Luftreiniger an, die nicht nur in der Gastronomie, sondern auch in Gewerber\u00e4umen, Gesch\u00e4ften und Arztpraxen Verwendung finden. Durch das Prinzip der [&hellip;]","og_url":"https:\/\/vivaservice.de\/en\/luftfilter\/","og_site_name":"viva-service AG","article_modified_time":"2022-04-25T19:05:03+00:00","twitter_card":"summary_large_image","twitter_misc":{"Estimated reading time":"1 minute"},"schema":{"@context":"https:\/\/schema.org","@graph":[{"@type":"WebPage","@id":"https:\/\/vivaservice.de\/luftfilter\/","url":"https:\/\/vivaservice.de\/luftfilter\/","name":"Mobile Luftfilter - viva-service AG","isPartOf":{"@id":"https:\/\/vivaservice.de\/#website"},"datePublished":"2021-08-10T15:54:46+00:00","dateModified":"2022-04-25T19:05:03+00:00","breadcrumb":{"@id":"https:\/\/vivaservice.de\/luftfilter\/#breadcrumb"},"inLanguage":"en-GB","potentialAction":[{"@type":"ReadAction","target":["https:\/\/vivaservice.de\/luftfilter\/"]}]},{"@type":"BreadcrumbList","@id":"https:\/\/vivaservice.de\/luftfilter\/#breadcrumb","itemListElement":[{"@type":"ListItem","position":1,"name":"Startseite","item":"https:\/\/vivaservice.de\/"},{"@type":"ListItem","position":2,"name":"Mobile Luftfilter"}]},{"@type":"WebSite","@id":"https:\/\/vivaservice.de\/#website","url":"https:\/\/vivaservice.de\/","name":"viva-service AG","description":"","publisher":{"@id":"https:\/\/vivaservice.de\/#organization"},"potentialAction":[{"@type":"SearchAction","target":{"@type":"EntryPoint","urlTemplate":"https:\/\/vivaservice.de\/?s={search_term_string}"},"query-input":{"@type":"PropertyValueSpecification","valueRequired":true,"valueName":"search_term_string"}}],"inLanguage":"en-GB"},{"@type":"Organization","@id":"https:\/\/vivaservice.de\/#organization","name":"viva-service AG","url":"https:\/\/vivaservice.de\/","logo":{"@type":"ImageObject","inLanguage":"en-GB","@id":"https:\/\/vivaservice.de\/#\/schema\/logo\/image\/","url":"https:\/\/vivaservice.de\/wp-content\/uploads\/2025\/06\/cropped-Wort-Bildmarke_150px.png","contentUrl":"https:\/\/vivaservice.de\/wp-content\/uploads\/2025\/06\/cropped-Wort-Bildmarke_150px.png","width":151,"height":69,"caption":"viva-service AG"},"image":{"@id":"https:\/\/vivaservice.de\/#\/schema\/logo\/image\/"}}]}},"_links":{"self":[{"href":"https:\/\/vivaservice.de\/en\/wp-json\/wp\/v2\/pages\/984","targetHints":{"allow":["GET"]}}],"collection":[{"href":"https:\/\/vivaservice.de\/en\/wp-json\/wp\/v2\/pages"}],"about":[{"href":"https:\/\/vivaservice.de\/en\/wp-json\/wp\/v2\/types\/page"}],"author":[{"embeddable":true,"href":"https:\/\/vivaservice.de\/en\/wp-json\/wp\/v2\/users\/1"}],"replies":[{"embeddable":true,"href":"https:\/\/vivaservice.de\/en\/wp-json\/wp\/v2\/comments?post=984"}],"version-history":[{"count":21,"href":"https:\/\/vivaservice.de\/en\/wp-json\/wp\/v2\/pages\/984\/revisions"}],"predecessor-version":[{"id":2846,"href":"https:\/\/vivaservice.de\/en\/wp-json\/wp\/v2\/pages\/984\/revisions\/2846"}],"wp:attachment":[{"href":"https:\/\/vivaservice.de\/en\/wp-json\/wp\/v2\/media?parent=984"}],"curies":[{"name":"wp","href":"https:\/\/api.w.org\/{rel}","templated":true}]}}