{"id":981,"date":"2021-08-10T18:03:20","date_gmt":"2021-08-10T16:03:20","guid":{"rendered":"https:\/\/vivaservice.de\/viva_test_2\/?page_id=981"},"modified":"2022-05-13T22:39:38","modified_gmt":"2022-05-13T20:39:38","slug":"montage","status":"publish","type":"page","link":"https:\/\/vivaservice.de\/en\/montage\/","title":{"rendered":"Montage &#038; Instandhaltung von Schankanlagen"},"content":{"rendered":"<div class=\"wp-block-columns is-layout-flex wp-container-core-columns-is-layout-9d6595d7 wp-block-columns-is-layout-flex\">\n<div class=\"wp-block-column is-layout-flow wp-block-column-is-layout-flow\" style=\"flex-basis:33.33%\">\n<figure class=\"wp-block-gallery has-nested-images columns-default is-cropped wp-block-gallery-1 is-layout-flex wp-block-gallery-is-layout-flex\">\n<figure class=\"wp-block-image size-large\"><img loading=\"lazy\" decoding=\"async\" width=\"1024\" height=\"768\" data-id=\"1244\" src=\"https:\/\/vivaservice.de\/viva_test_2\/wp-content\/uploads\/2021\/10\/02235f6d-4d99-433b-807f-169688ea917b-1024x768.jpg\" alt=\"\" class=\"wp-image-1244\" srcset=\"https:\/\/vivaservice.de\/wp-content\/uploads\/2021\/10\/02235f6d-4d99-433b-807f-169688ea917b-1024x768.jpg 1024w, https:\/\/vivaservice.de\/wp-content\/uploads\/2021\/10\/02235f6d-4d99-433b-807f-169688ea917b-300x225.jpg 300w, https:\/\/vivaservice.de\/wp-content\/uploads\/2021\/10\/02235f6d-4d99-433b-807f-169688ea917b-768x576.jpg 768w, https:\/\/vivaservice.de\/wp-content\/uploads\/2021\/10\/02235f6d-4d99-433b-807f-169688ea917b-1536x1152.jpg 1536w, https:\/\/vivaservice.de\/wp-content\/uploads\/2021\/10\/02235f6d-4d99-433b-807f-169688ea917b-16x12.jpg 16w, https:\/\/vivaservice.de\/wp-content\/uploads\/2021\/10\/02235f6d-4d99-433b-807f-169688ea917b-533x400.jpg 533w, https:\/\/vivaservice.de\/wp-content\/uploads\/2021\/10\/02235f6d-4d99-433b-807f-169688ea917b-100x75.jpg 100w, https:\/\/vivaservice.de\/wp-content\/uploads\/2021\/10\/02235f6d-4d99-433b-807f-169688ea917b.jpg 1600w\" sizes=\"auto, (max-width: 1024px) 100vw, 1024px\" \/><\/figure>\n\n\n\n<figure class=\"wp-block-image size-large\"><img loading=\"lazy\" decoding=\"async\" width=\"1024\" height=\"768\" data-id=\"1245\" src=\"https:\/\/vivaservice.de\/viva_test_2\/wp-content\/uploads\/2021\/10\/e3b61147-8c50-4dc8-93da-1603c5363efe-1024x768.jpg\" alt=\"\" class=\"wp-image-1245\" srcset=\"https:\/\/vivaservice.de\/wp-content\/uploads\/2021\/10\/e3b61147-8c50-4dc8-93da-1603c5363efe-1024x768.jpg 1024w, https:\/\/vivaservice.de\/wp-content\/uploads\/2021\/10\/e3b61147-8c50-4dc8-93da-1603c5363efe-300x225.jpg 300w, https:\/\/vivaservice.de\/wp-content\/uploads\/2021\/10\/e3b61147-8c50-4dc8-93da-1603c5363efe-768x576.jpg 768w, https:\/\/vivaservice.de\/wp-content\/uploads\/2021\/10\/e3b61147-8c50-4dc8-93da-1603c5363efe-1536x1152.jpg 1536w, https:\/\/vivaservice.de\/wp-content\/uploads\/2021\/10\/e3b61147-8c50-4dc8-93da-1603c5363efe-16x12.jpg 16w, https:\/\/vivaservice.de\/wp-content\/uploads\/2021\/10\/e3b61147-8c50-4dc8-93da-1603c5363efe-533x400.jpg 533w, https:\/\/vivaservice.de\/wp-content\/uploads\/2021\/10\/e3b61147-8c50-4dc8-93da-1603c5363efe-100x75.jpg 100w, https:\/\/vivaservice.de\/wp-content\/uploads\/2021\/10\/e3b61147-8c50-4dc8-93da-1603c5363efe.jpg 1600w\" sizes=\"auto, (max-width: 1024px) 100vw, 1024px\" \/><\/figure>\n\n\n\n<figure class=\"wp-block-image size-large\"><img loading=\"lazy\" decoding=\"async\" width=\"1024\" height=\"768\" data-id=\"1246\" src=\"https:\/\/vivaservice.de\/viva_test_2\/wp-content\/uploads\/2021\/10\/e58d27b5-c3c7-43a7-9c74-81d3e9fc3889-1024x768.jpg\" alt=\"\" class=\"wp-image-1246\" srcset=\"https:\/\/vivaservice.de\/wp-content\/uploads\/2021\/10\/e58d27b5-c3c7-43a7-9c74-81d3e9fc3889-1024x768.jpg 1024w, https:\/\/vivaservice.de\/wp-content\/uploads\/2021\/10\/e58d27b5-c3c7-43a7-9c74-81d3e9fc3889-300x225.jpg 300w, https:\/\/vivaservice.de\/wp-content\/uploads\/2021\/10\/e58d27b5-c3c7-43a7-9c74-81d3e9fc3889-768x576.jpg 768w, https:\/\/vivaservice.de\/wp-content\/uploads\/2021\/10\/e58d27b5-c3c7-43a7-9c74-81d3e9fc3889-1536x1152.jpg 1536w, https:\/\/vivaservice.de\/wp-content\/uploads\/2021\/10\/e58d27b5-c3c7-43a7-9c74-81d3e9fc3889-16x12.jpg 16w, https:\/\/vivaservice.de\/wp-content\/uploads\/2021\/10\/e58d27b5-c3c7-43a7-9c74-81d3e9fc3889-533x400.jpg 533w, https:\/\/vivaservice.de\/wp-content\/uploads\/2021\/10\/e58d27b5-c3c7-43a7-9c74-81d3e9fc3889-100x75.jpg 100w, https:\/\/vivaservice.de\/wp-content\/uploads\/2021\/10\/e58d27b5-c3c7-43a7-9c74-81d3e9fc3889.jpg 1600w\" sizes=\"auto, (max-width: 1024px) 100vw, 1024px\" \/><\/figure>\n\n\n\n<figure class=\"wp-block-image size-large\"><img loading=\"lazy\" decoding=\"async\" width=\"768\" height=\"1024\" data-id=\"1247\" src=\"https:\/\/vivaservice.de\/viva_test_2\/wp-content\/uploads\/2021\/10\/3b765342-0201-483b-97ae-145b8d5efa9a-768x1024.jpg\" alt=\"\" class=\"wp-image-1247\" srcset=\"https:\/\/vivaservice.de\/wp-content\/uploads\/2021\/10\/3b765342-0201-483b-97ae-145b8d5efa9a-768x1024.jpg 768w, https:\/\/vivaservice.de\/wp-content\/uploads\/2021\/10\/3b765342-0201-483b-97ae-145b8d5efa9a-225x300.jpg 225w, https:\/\/vivaservice.de\/wp-content\/uploads\/2021\/10\/3b765342-0201-483b-97ae-145b8d5efa9a-1152x1536.jpg 1152w, https:\/\/vivaservice.de\/wp-content\/uploads\/2021\/10\/3b765342-0201-483b-97ae-145b8d5efa9a-9x12.jpg 9w, https:\/\/vivaservice.de\/wp-content\/uploads\/2021\/10\/3b765342-0201-483b-97ae-145b8d5efa9a-300x400.jpg 300w, https:\/\/vivaservice.de\/wp-content\/uploads\/2021\/10\/3b765342-0201-483b-97ae-145b8d5efa9a-75x100.jpg 75w, https:\/\/vivaservice.de\/wp-content\/uploads\/2021\/10\/3b765342-0201-483b-97ae-145b8d5efa9a.jpg 1200w\" sizes=\"auto, (max-width: 768px) 100vw, 768px\" \/><\/figure>\n<\/figure>\n<\/div>\n\n\n\n<div class=\"wp-block-column is-layout-flow wp-block-column-is-layout-flow\" style=\"flex-basis:66.66%\">\n<p style=\"font-size:17px\">viva-gastroservice bietet zus\u00e4tzlich zur Reinigung die Installation, Montage und Instandhaltung von Schankanlagen. Dies f\u00e4ngt an bei dem Tausch von Leitungen, Zapfh\u00e4hnen, Druckminderen und Schankbalken, den Austausch des Begleitk\u00fchler bis zur Installation von ganzen Theken. Diese Dienstleistungen bieten wir ebenfalls f\u00fcr Taffelwasseranlagen. viva-gastroservice ist ein Garant f\u00fcr h\u00f6chsten Trinkgenu\u00df.<\/p>\n\n\n\n<div class=\"wp-block-buttons is-layout-flex wp-block-buttons-is-layout-flex\">\n<div class=\"wp-block-button\"><a class=\"wp-block-button__link\" href=\"https:\/\/vivaservice.de\/en\/kontakt\/\" style=\"border-radius:15px\">Anfrage Montage &amp; Instandhaltung<\/a><\/div>\n<\/div>\n\n\n\n<div style=\"height:45px\" aria-hidden=\"true\" class=\"wp-block-spacer\"><\/div>\n\n\n\n<div class=\"wp-block-buttons is-layout-flex wp-block-buttons-is-layout-flex\">\n<div class=\"wp-block-button\"><a class=\"wp-block-button__link\" href=\"https:\/\/vivaservice.de\/en\/#viva-gastroservice\" style=\"border-radius:15px\">zur\u00fcck<\/a><\/div>\n<\/div>\n<\/div>\n<\/div>","protected":false},"excerpt":{"rendered":"<p>viva-gastroservice bietet zus\u00e4tzlich zur Reinigung die Installation, Montage und Instandhaltung von Schankanlagen. Dies f\u00e4ngt an bei dem Tausch von Leitungen, Zapfh\u00e4hnen, Druckminderen und Schankbalken, den Austausch des Begleitk\u00fchler bis zur Installation von ganzen Theken. Diese Dienstleistungen bieten wir ebenfalls f\u00fcr Taffelwasseranlagen. viva-gastroservice ist ein Garant f\u00fcr h\u00f6chsten Trinkgenu\u00df.<\/p>","protected":false},"author":1,"featured_media":0,"parent":0,"menu_order":0,"comment_status":"closed","ping_status":"closed","template":"","meta":{"footnotes":""},"class_list":["post-981","page","type-page","status-publish","hentry"],"yoast_head":"<!-- This site is optimized with the Yoast SEO plugin v27.4 - https:\/\/yoast.com\/product\/yoast-seo-wordpress\/ -->\n<title>Montage &amp; Instandhaltung von Schankanlagen - viva-service AG<\/title>\n<meta name=\"robots\" content=\"index, follow, max-snippet:-1, max-image-preview:large, max-video-preview:-1\" \/>\n<link rel=\"canonical\" href=\"https:\/\/vivaservice.de\/en\/montage\/\" \/>\n<meta property=\"og:locale\" content=\"en_GB\" \/>\n<meta property=\"og:type\" content=\"article\" \/>\n<meta property=\"og:title\" content=\"Montage &amp; Instandhaltung von Schankanlagen - viva-service AG\" \/>\n<meta property=\"og:description\" content=\"viva-gastroservice bietet zus\u00e4tzlich zur Reinigung die Installation, Montage und Instandhaltung von Schankanlagen. Dies f\u00e4ngt an bei dem Tausch von Leitungen, Zapfh\u00e4hnen, Druckminderen und Schankbalken, den Austausch des Begleitk\u00fchler bis zur Installation von ganzen Theken. Diese Dienstleistungen bieten wir ebenfalls f\u00fcr Taffelwasseranlagen. viva-gastroservice ist ein Garant f\u00fcr h\u00f6chsten Trinkgenu\u00df.\" \/>\n<meta property=\"og:url\" content=\"https:\/\/vivaservice.de\/en\/montage\/\" \/>\n<meta property=\"og:site_name\" content=\"viva-service AG\" \/>\n<meta property=\"article:modified_time\" content=\"2022-05-13T20:39:38+00:00\" \/>\n<meta property=\"og:image\" content=\"https:\/\/vivaservice.de\/viva_test_2\/wp-content\/uploads\/2021\/10\/02235f6d-4d99-433b-807f-169688ea917b-1024x768.jpg\" \/>\n<meta name=\"twitter:card\" content=\"summary_large_image\" \/>\n<meta name=\"twitter:label1\" content=\"Estimated reading time\" \/>\n\t<meta name=\"twitter:data1\" content=\"2 minutes\" \/>\n<script type=\"application\/ld+json\" class=\"yoast-schema-graph\">{\"@context\":\"https:\\\/\\\/schema.org\",\"@graph\":[{\"@type\":\"WebPage\",\"@id\":\"https:\\\/\\\/vivaservice.de\\\/montage\\\/\",\"url\":\"https:\\\/\\\/vivaservice.de\\\/montage\\\/\",\"name\":\"Montage & Instandhaltung von Schankanlagen - viva-service AG\",\"isPartOf\":{\"@id\":\"https:\\\/\\\/vivaservice.de\\\/#website\"},\"primaryImageOfPage\":{\"@id\":\"https:\\\/\\\/vivaservice.de\\\/montage\\\/#primaryimage\"},\"image\":{\"@id\":\"https:\\\/\\\/vivaservice.de\\\/montage\\\/#primaryimage\"},\"thumbnailUrl\":\"https:\\\/\\\/vivaservice.de\\\/viva_test_2\\\/wp-content\\\/uploads\\\/2021\\\/10\\\/02235f6d-4d99-433b-807f-169688ea917b-1024x768.jpg\",\"datePublished\":\"2021-08-10T16:03:20+00:00\",\"dateModified\":\"2022-05-13T20:39:38+00:00\",\"breadcrumb\":{\"@id\":\"https:\\\/\\\/vivaservice.de\\\/montage\\\/#breadcrumb\"},\"inLanguage\":\"en-GB\",\"potentialAction\":[{\"@type\":\"ReadAction\",\"target\":[\"https:\\\/\\\/vivaservice.de\\\/montage\\\/\"]}]},{\"@type\":\"ImageObject\",\"inLanguage\":\"en-GB\",\"@id\":\"https:\\\/\\\/vivaservice.de\\\/montage\\\/#primaryimage\",\"url\":\"https:\\\/\\\/vivaservice.de\\\/viva_test_2\\\/wp-content\\\/uploads\\\/2021\\\/10\\\/02235f6d-4d99-433b-807f-169688ea917b-1024x768.jpg\",\"contentUrl\":\"https:\\\/\\\/vivaservice.de\\\/viva_test_2\\\/wp-content\\\/uploads\\\/2021\\\/10\\\/02235f6d-4d99-433b-807f-169688ea917b-1024x768.jpg\"},{\"@type\":\"BreadcrumbList\",\"@id\":\"https:\\\/\\\/vivaservice.de\\\/montage\\\/#breadcrumb\",\"itemListElement\":[{\"@type\":\"ListItem\",\"position\":1,\"name\":\"Startseite\",\"item\":\"https:\\\/\\\/vivaservice.de\\\/\"},{\"@type\":\"ListItem\",\"position\":2,\"name\":\"Montage &#038; Instandhaltung von Schankanlagen\"}]},{\"@type\":\"WebSite\",\"@id\":\"https:\\\/\\\/vivaservice.de\\\/#website\",\"url\":\"https:\\\/\\\/vivaservice.de\\\/\",\"name\":\"viva-service AG\",\"description\":\"\",\"publisher\":{\"@id\":\"https:\\\/\\\/vivaservice.de\\\/#organization\"},\"potentialAction\":[{\"@type\":\"SearchAction\",\"target\":{\"@type\":\"EntryPoint\",\"urlTemplate\":\"https:\\\/\\\/vivaservice.de\\\/?s={search_term_string}\"},\"query-input\":{\"@type\":\"PropertyValueSpecification\",\"valueRequired\":true,\"valueName\":\"search_term_string\"}}],\"inLanguage\":\"en-GB\"},{\"@type\":\"Organization\",\"@id\":\"https:\\\/\\\/vivaservice.de\\\/#organization\",\"name\":\"viva-service AG\",\"url\":\"https:\\\/\\\/vivaservice.de\\\/\",\"logo\":{\"@type\":\"ImageObject\",\"inLanguage\":\"en-GB\",\"@id\":\"https:\\\/\\\/vivaservice.de\\\/#\\\/schema\\\/logo\\\/image\\\/\",\"url\":\"https:\\\/\\\/vivaservice.de\\\/wp-content\\\/uploads\\\/2025\\\/06\\\/cropped-Wort-Bildmarke_150px.png\",\"contentUrl\":\"https:\\\/\\\/vivaservice.de\\\/wp-content\\\/uploads\\\/2025\\\/06\\\/cropped-Wort-Bildmarke_150px.png\",\"width\":151,\"height\":69,\"caption\":\"viva-service AG\"},\"image\":{\"@id\":\"https:\\\/\\\/vivaservice.de\\\/#\\\/schema\\\/logo\\\/image\\\/\"}}]}<\/script>\n<!-- \/ Yoast SEO plugin. -->","yoast_head_json":{"title":"Montage & Instandhaltung von Schankanlagen - viva-service AG","robots":{"index":"index","follow":"follow","max-snippet":"max-snippet:-1","max-image-preview":"max-image-preview:large","max-video-preview":"max-video-preview:-1"},"canonical":"https:\/\/vivaservice.de\/en\/montage\/","og_locale":"en_GB","og_type":"article","og_title":"Montage & Instandhaltung von Schankanlagen - viva-service AG","og_description":"viva-gastroservice bietet zus\u00e4tzlich zur Reinigung die Installation, Montage und Instandhaltung von Schankanlagen. Dies f\u00e4ngt an bei dem Tausch von Leitungen, Zapfh\u00e4hnen, Druckminderen und Schankbalken, den Austausch des Begleitk\u00fchler bis zur Installation von ganzen Theken. Diese Dienstleistungen bieten wir ebenfalls f\u00fcr Taffelwasseranlagen. viva-gastroservice ist ein Garant f\u00fcr h\u00f6chsten Trinkgenu\u00df.","og_url":"https:\/\/vivaservice.de\/en\/montage\/","og_site_name":"viva-service AG","article_modified_time":"2022-05-13T20:39:38+00:00","og_image":[{"url":"https:\/\/vivaservice.de\/viva_test_2\/wp-content\/uploads\/2021\/10\/02235f6d-4d99-433b-807f-169688ea917b-1024x768.jpg","type":"","width":"","height":""}],"twitter_card":"summary_large_image","twitter_misc":{"Estimated reading time":"2 minutes"},"schema":{"@context":"https:\/\/schema.org","@graph":[{"@type":"WebPage","@id":"https:\/\/vivaservice.de\/montage\/","url":"https:\/\/vivaservice.de\/montage\/","name":"Montage & Instandhaltung von Schankanlagen - viva-service AG","isPartOf":{"@id":"https:\/\/vivaservice.de\/#website"},"primaryImageOfPage":{"@id":"https:\/\/vivaservice.de\/montage\/#primaryimage"},"image":{"@id":"https:\/\/vivaservice.de\/montage\/#primaryimage"},"thumbnailUrl":"https:\/\/vivaservice.de\/viva_test_2\/wp-content\/uploads\/2021\/10\/02235f6d-4d99-433b-807f-169688ea917b-1024x768.jpg","datePublished":"2021-08-10T16:03:20+00:00","dateModified":"2022-05-13T20:39:38+00:00","breadcrumb":{"@id":"https:\/\/vivaservice.de\/montage\/#breadcrumb"},"inLanguage":"en-GB","potentialAction":[{"@type":"ReadAction","target":["https:\/\/vivaservice.de\/montage\/"]}]},{"@type":"ImageObject","inLanguage":"en-GB","@id":"https:\/\/vivaservice.de\/montage\/#primaryimage","url":"https:\/\/vivaservice.de\/viva_test_2\/wp-content\/uploads\/2021\/10\/02235f6d-4d99-433b-807f-169688ea917b-1024x768.jpg","contentUrl":"https:\/\/vivaservice.de\/viva_test_2\/wp-content\/uploads\/2021\/10\/02235f6d-4d99-433b-807f-169688ea917b-1024x768.jpg"},{"@type":"BreadcrumbList","@id":"https:\/\/vivaservice.de\/montage\/#breadcrumb","itemListElement":[{"@type":"ListItem","position":1,"name":"Startseite","item":"https:\/\/vivaservice.de\/"},{"@type":"ListItem","position":2,"name":"Montage &#038; Instandhaltung von Schankanlagen"}]},{"@type":"WebSite","@id":"https:\/\/vivaservice.de\/#website","url":"https:\/\/vivaservice.de\/","name":"viva-service AG","description":"","publisher":{"@id":"https:\/\/vivaservice.de\/#organization"},"potentialAction":[{"@type":"SearchAction","target":{"@type":"EntryPoint","urlTemplate":"https:\/\/vivaservice.de\/?s={search_term_string}"},"query-input":{"@type":"PropertyValueSpecification","valueRequired":true,"valueName":"search_term_string"}}],"inLanguage":"en-GB"},{"@type":"Organization","@id":"https:\/\/vivaservice.de\/#organization","name":"viva-service AG","url":"https:\/\/vivaservice.de\/","logo":{"@type":"ImageObject","inLanguage":"en-GB","@id":"https:\/\/vivaservice.de\/#\/schema\/logo\/image\/","url":"https:\/\/vivaservice.de\/wp-content\/uploads\/2025\/06\/cropped-Wort-Bildmarke_150px.png","contentUrl":"https:\/\/vivaservice.de\/wp-content\/uploads\/2025\/06\/cropped-Wort-Bildmarke_150px.png","width":151,"height":69,"caption":"viva-service AG"},"image":{"@id":"https:\/\/vivaservice.de\/#\/schema\/logo\/image\/"}}]}},"_links":{"self":[{"href":"https:\/\/vivaservice.de\/en\/wp-json\/wp\/v2\/pages\/981","targetHints":{"allow":["GET"]}}],"collection":[{"href":"https:\/\/vivaservice.de\/en\/wp-json\/wp\/v2\/pages"}],"about":[{"href":"https:\/\/vivaservice.de\/en\/wp-json\/wp\/v2\/types\/page"}],"author":[{"embeddable":true,"href":"https:\/\/vivaservice.de\/en\/wp-json\/wp\/v2\/users\/1"}],"replies":[{"embeddable":true,"href":"https:\/\/vivaservice.de\/en\/wp-json\/wp\/v2\/comments?post=981"}],"version-history":[{"count":16,"href":"https:\/\/vivaservice.de\/en\/wp-json\/wp\/v2\/pages\/981\/revisions"}],"predecessor-version":[{"id":2968,"href":"https:\/\/vivaservice.de\/en\/wp-json\/wp\/v2\/pages\/981\/revisions\/2968"}],"wp:attachment":[{"href":"https:\/\/vivaservice.de\/en\/wp-json\/wp\/v2\/media?parent=981"}],"curies":[{"name":"wp","href":"https:\/\/api.w.org\/{rel}","templated":true}]}}