{"id":968,"date":"2021-08-10T12:31:09","date_gmt":"2021-08-10T10:31:09","guid":{"rendered":"https:\/\/vivaservice.de\/viva_test_2\/?page_id=968"},"modified":"2022-04-25T21:44:16","modified_gmt":"2022-04-25T19:44:16","slug":"pruefung-und-abnahme-von-schankanlagen","status":"publish","type":"page","link":"https:\/\/vivaservice.de\/en\/pruefung-und-abnahme-von-schankanlagen\/","title":{"rendered":"Pr\u00fcfung &#038; Abnahme von Schankanlagen"},"content":{"rendered":"<div class=\"wp-block-columns is-layout-flex wp-container-core-columns-is-layout-9d6595d7 wp-block-columns-is-layout-flex\">\n<div class=\"wp-block-column is-layout-flow wp-block-column-is-layout-flow\">\n<div class=\"alignnormal\"><div id=\"metaslider-id-2768\" style=\"max-width: 500px; margin: 0 auto;\" class=\"ml-slider-3-108-0 metaslider metaslider-flex metaslider-2768 ml-slider has-dots-nav ms-theme-default\" role=\"region\" aria-label=\"Pr\u00fcfung &amp; Abnahme von Schankanlagen\" data-height=\"650\" data-width=\"500\">\n    <div id=\"metaslider_container_2768\">\n        <div id=\"metaslider_2768\">\n            <ul class='slides'>\n                <li style=\"display: block; width: 100%;\" class=\"slide-2769 ms-image\" aria-roledescription=\"slide\" data-date=\"2022-04-19 16:00:17\" data-filename=\"Montage_11_cropped-500x650.jpg\" data-slide-type=\"image\"><img loading=\"lazy\" decoding=\"async\" src=\"https:\/\/vivaservice.de\/wp-content\/uploads\/2022\/03\/Montage_11_cropped-500x650.jpg\" height=\"650\" width=\"500\" alt=\"\" class=\"slider-2768 slide-2769 msDefaultImage\" title=\"Montage_11_cropped\" \/><div class=\"caption-wrap\"><div class=\"caption\">Installation im Schankraum<\/div><\/div><\/li>\n                <li style=\"display: none; width: 100%;\" class=\"slide-2770 ms-image\" aria-roledescription=\"slide\" data-date=\"2022-04-19 16:00:26\" data-filename=\"02235f6d-4d99-433b-807f-169688ea917b-500x650.jpg\" data-slide-type=\"image\"><img loading=\"lazy\" decoding=\"async\" src=\"https:\/\/vivaservice.de\/wp-content\/uploads\/2021\/10\/02235f6d-4d99-433b-807f-169688ea917b-500x650.jpg\" height=\"650\" width=\"500\" alt=\"Zapfanlage\" class=\"slider-2768 slide-2770 msDefaultImage\" title=\"02235f6d-4d99-433b-807f-169688ea917b\" \/><div class=\"caption-wrap\"><div class=\"caption\">Montage einer neuen Zapfanlage<\/div><\/div><\/li>\n            <\/ul>\n        <\/div>\n        \n    <\/div>\n<\/div><\/div>\n<\/div>\n\n\n\n<div class=\"wp-block-column is-layout-flow wp-block-column-is-layout-flow\" style=\"flex-basis:66.66%\">\n<p style=\"font-size:17px\">Die viva-gastroservice ist in der Lage Schankanlagen durch eine sachkundige Person abzunehmen. Es gibt zwei Arten der Pr\u00fcfung und Abnahme von Schankanlagen. Der erste Fall ist die Neuabnahme nach einer Neuinstallation. Der zweite Fall ist die regelm\u00e4\u00dfige, wiederkehrende Pr\u00fcfung. Der Betreiber beauftragt die Abnahme und die Pr\u00fcfung der Schankanlage durch eine bef\u00e4higte Person.<\/p>\n\n\n\n<div style=\"height:45px\" aria-hidden=\"true\" class=\"wp-block-spacer\"><\/div>\n\n\n\n<h3 class=\"wp-block-heading\">Neuabnahme von Schankanlagen<\/h3>\n\n\n\n<p style=\"font-size:17px\">Der erste Fall ist die Neuabnahme von Schankanlagen, die im Betriebsbuch dokumentiert wird.  Die Neuabnahme erfolgt nach Abschluss der Installation der Schankanlage. Der Installatuer pr\u00fcft bei der Abnahme, ob die Anlage entsprechend der Richtlinien installiert wurde und pr\u00fcft die Betriebssicherheit.<\/p>\n\n\n\n<div style=\"height:45px\" aria-hidden=\"true\" class=\"wp-block-spacer\"><\/div>\n\n\n\n<h3 class=\"wp-block-heading\">Wiederkehrende Pr\u00fcfung von Schankanlagen<\/h3>\n\n\n\n<p style=\"font-size:17px\">Alle zwei Jahre ist eine wiederkehrende Pr\u00fcfung der Schankanlage notwendig. Bei der dieser Pr\u00fcfung wird die Schankanlage von einer sachkundigen Person \u00fcberpr\u00fcft und abgenommen.<\/p>\n<\/div>\n<\/div>\n\n\n\n<div style=\"height:45px\" aria-hidden=\"true\" class=\"wp-block-spacer\"><\/div>\n\n\n\n<h3 class=\"wp-block-heading\">Das Angebot von viva-gastroservice zur Pr\u00fcfung und Abnahme<\/h3>\n\n\n\n<p style=\"font-size:17px\">Die Angebote der Pr\u00fcfung und Abnahme von Schankanlagen richten sich nicht nur an einzelne Gastronomiebetriebe, sondern auch an Brauereien, private und gewerbliche Kunden.<\/p>\n\n\n\n<p style=\"font-size:17px\">Schwerpunktm\u00e4\u00dfig bieten wir unsere Dienstleistungen in Baden-W\u00fcrttemberg, dem Raum Baden-Baden, B\u00fchl, Rastatt, Karlsruhe und Murgtal an. Wir sind mit unseren gut ausgestattetem Servicefahrzeugen immer in Ihrer N\u00e4he. Die Fahrzeuge sind mit den g\u00e4ngigen Materialien ausgestattet. Im Innenstadtbereich nutzen wir im Sinne der Nachhaltigkeit unser Fahrrad mit Anh\u00e4nger, um zu unseren Kunden zu gelangen.&nbsp;<\/p>\n\n\n\n<p style=\"font-size:17px\">Unser Leiter des Bereichs viva-gastroservice bildet sich st\u00e4ndig weiter und ist bef\u00e4higte Person und damit zur Pr\u00fcfung und Abnahme von Schankanlagen berechtigt.&nbsp;<\/p>\n\n\n\n<div class=\"wp-block-buttons is-layout-flex wp-block-buttons-is-layout-flex\">\n<div class=\"wp-block-button\"><a class=\"wp-block-button__link\" href=\"https:\/\/vivaservice.de\/en\/kontakt\/\" style=\"border-radius:15px\">Pr\u00fcfung &amp; Abnahme anfragen<\/a><\/div>\n<\/div>\n\n\n\n<div style=\"height:45px\" aria-hidden=\"true\" class=\"wp-block-spacer\"><\/div>\n\n\n\n<div class=\"wp-block-buttons is-layout-flex wp-block-buttons-is-layout-flex\">\n<div class=\"wp-block-button\"><a class=\"wp-block-button__link\" href=\"https:\/\/vivaservice.de\/en\/#viva-gastroservice\" style=\"border-radius:15px\">zur\u00fcck<\/a><\/div>\n<\/div>","protected":false},"excerpt":{"rendered":"<p>Die viva-gastroservice ist in der Lage Schankanlagen durch eine sachkundige Person abzunehmen. Es gibt zwei Arten der Pr\u00fcfung und Abnahme von Schankanlagen. Der erste Fall ist die Neuabnahme nach einer Neuinstallation. Der zweite Fall ist die regelm\u00e4\u00dfige, wiederkehrende Pr\u00fcfung. Der Betreiber beauftragt die Abnahme und die Pr\u00fcfung der Schankanlage durch eine bef\u00e4higte Person. Neuabnahme von [&hellip;]<\/p>\n","protected":false},"author":1,"featured_media":0,"parent":0,"menu_order":0,"comment_status":"closed","ping_status":"closed","template":"","meta":{"footnotes":""},"class_list":["post-968","page","type-page","status-publish","hentry"],"yoast_head":"<!-- This site is optimized with the Yoast SEO plugin v27.4 - https:\/\/yoast.com\/product\/yoast-seo-wordpress\/ -->\n<title>Pr\u00fcfung &amp; Abnahme von Schankanlagen - viva-service AG<\/title>\n<meta name=\"description\" content=\"Pr\u00fcfung und Abnahme von Schankanlagen durch Sachkundige Person. Neuabnahme von Schankanlage und Wiederkehrende Pr\u00fcfung von Schankanlagen.\" \/>\n<meta name=\"robots\" content=\"index, follow, max-snippet:-1, max-image-preview:large, max-video-preview:-1\" \/>\n<link rel=\"canonical\" href=\"https:\/\/vivaservice.de\/en\/pruefung-und-abnahme-von-schankanlagen\/\" \/>\n<meta property=\"og:locale\" content=\"en_GB\" \/>\n<meta property=\"og:type\" content=\"article\" \/>\n<meta property=\"og:title\" content=\"Pr\u00fcfung &amp; Abnahme von Schankanlagen - viva-service AG\" \/>\n<meta property=\"og:description\" content=\"Pr\u00fcfung und Abnahme von Schankanlagen durch Sachkundige Person. Neuabnahme von Schankanlage und Wiederkehrende Pr\u00fcfung von Schankanlagen.\" \/>\n<meta property=\"og:url\" content=\"https:\/\/vivaservice.de\/en\/pruefung-und-abnahme-von-schankanlagen\/\" \/>\n<meta property=\"og:site_name\" content=\"viva-service AG\" \/>\n<meta property=\"article:modified_time\" content=\"2022-04-25T19:44:16+00:00\" \/>\n<meta name=\"twitter:card\" content=\"summary_large_image\" \/>\n<meta name=\"twitter:label1\" content=\"Estimated reading time\" \/>\n\t<meta name=\"twitter:data1\" content=\"2 minutes\" \/>\n<script type=\"application\/ld+json\" class=\"yoast-schema-graph\">{\"@context\":\"https:\\\/\\\/schema.org\",\"@graph\":[{\"@type\":\"WebPage\",\"@id\":\"https:\\\/\\\/vivaservice.de\\\/pruefung-und-abnahme-von-schankanlagen\\\/\",\"url\":\"https:\\\/\\\/vivaservice.de\\\/pruefung-und-abnahme-von-schankanlagen\\\/\",\"name\":\"Pr\u00fcfung & Abnahme von Schankanlagen - viva-service AG\",\"isPartOf\":{\"@id\":\"https:\\\/\\\/vivaservice.de\\\/#website\"},\"datePublished\":\"2021-08-10T10:31:09+00:00\",\"dateModified\":\"2022-04-25T19:44:16+00:00\",\"description\":\"Pr\u00fcfung und Abnahme von Schankanlagen durch Sachkundige Person. Neuabnahme von Schankanlage und Wiederkehrende Pr\u00fcfung von Schankanlagen.\",\"breadcrumb\":{\"@id\":\"https:\\\/\\\/vivaservice.de\\\/pruefung-und-abnahme-von-schankanlagen\\\/#breadcrumb\"},\"inLanguage\":\"en-GB\",\"potentialAction\":[{\"@type\":\"ReadAction\",\"target\":[\"https:\\\/\\\/vivaservice.de\\\/pruefung-und-abnahme-von-schankanlagen\\\/\"]}]},{\"@type\":\"BreadcrumbList\",\"@id\":\"https:\\\/\\\/vivaservice.de\\\/pruefung-und-abnahme-von-schankanlagen\\\/#breadcrumb\",\"itemListElement\":[{\"@type\":\"ListItem\",\"position\":1,\"name\":\"Startseite\",\"item\":\"https:\\\/\\\/vivaservice.de\\\/\"},{\"@type\":\"ListItem\",\"position\":2,\"name\":\"Pr\u00fcfung &#038; Abnahme von Schankanlagen\"}]},{\"@type\":\"WebSite\",\"@id\":\"https:\\\/\\\/vivaservice.de\\\/#website\",\"url\":\"https:\\\/\\\/vivaservice.de\\\/\",\"name\":\"viva-service AG\",\"description\":\"\",\"publisher\":{\"@id\":\"https:\\\/\\\/vivaservice.de\\\/#organization\"},\"potentialAction\":[{\"@type\":\"SearchAction\",\"target\":{\"@type\":\"EntryPoint\",\"urlTemplate\":\"https:\\\/\\\/vivaservice.de\\\/?s={search_term_string}\"},\"query-input\":{\"@type\":\"PropertyValueSpecification\",\"valueRequired\":true,\"valueName\":\"search_term_string\"}}],\"inLanguage\":\"en-GB\"},{\"@type\":\"Organization\",\"@id\":\"https:\\\/\\\/vivaservice.de\\\/#organization\",\"name\":\"viva-service AG\",\"url\":\"https:\\\/\\\/vivaservice.de\\\/\",\"logo\":{\"@type\":\"ImageObject\",\"inLanguage\":\"en-GB\",\"@id\":\"https:\\\/\\\/vivaservice.de\\\/#\\\/schema\\\/logo\\\/image\\\/\",\"url\":\"https:\\\/\\\/vivaservice.de\\\/wp-content\\\/uploads\\\/2025\\\/06\\\/cropped-Wort-Bildmarke_150px.png\",\"contentUrl\":\"https:\\\/\\\/vivaservice.de\\\/wp-content\\\/uploads\\\/2025\\\/06\\\/cropped-Wort-Bildmarke_150px.png\",\"width\":151,\"height\":69,\"caption\":\"viva-service AG\"},\"image\":{\"@id\":\"https:\\\/\\\/vivaservice.de\\\/#\\\/schema\\\/logo\\\/image\\\/\"}}]}<\/script>\n<!-- \/ Yoast SEO plugin. -->","yoast_head_json":{"title":"Pr\u00fcfung & Abnahme von Schankanlagen - viva-service AG","description":"Pr\u00fcfung und Abnahme von Schankanlagen durch Sachkundige Person. Neuabnahme von Schankanlage und Wiederkehrende Pr\u00fcfung von Schankanlagen.","robots":{"index":"index","follow":"follow","max-snippet":"max-snippet:-1","max-image-preview":"max-image-preview:large","max-video-preview":"max-video-preview:-1"},"canonical":"https:\/\/vivaservice.de\/en\/pruefung-und-abnahme-von-schankanlagen\/","og_locale":"en_GB","og_type":"article","og_title":"Pr\u00fcfung & Abnahme von Schankanlagen - viva-service AG","og_description":"Pr\u00fcfung und Abnahme von Schankanlagen durch Sachkundige Person. Neuabnahme von Schankanlage und Wiederkehrende Pr\u00fcfung von Schankanlagen.","og_url":"https:\/\/vivaservice.de\/en\/pruefung-und-abnahme-von-schankanlagen\/","og_site_name":"viva-service AG","article_modified_time":"2022-04-25T19:44:16+00:00","twitter_card":"summary_large_image","twitter_misc":{"Estimated reading time":"2 minutes"},"schema":{"@context":"https:\/\/schema.org","@graph":[{"@type":"WebPage","@id":"https:\/\/vivaservice.de\/pruefung-und-abnahme-von-schankanlagen\/","url":"https:\/\/vivaservice.de\/pruefung-und-abnahme-von-schankanlagen\/","name":"Pr\u00fcfung & Abnahme von Schankanlagen - viva-service AG","isPartOf":{"@id":"https:\/\/vivaservice.de\/#website"},"datePublished":"2021-08-10T10:31:09+00:00","dateModified":"2022-04-25T19:44:16+00:00","description":"Pr\u00fcfung und Abnahme von Schankanlagen durch Sachkundige Person. Neuabnahme von Schankanlage und Wiederkehrende Pr\u00fcfung von Schankanlagen.","breadcrumb":{"@id":"https:\/\/vivaservice.de\/pruefung-und-abnahme-von-schankanlagen\/#breadcrumb"},"inLanguage":"en-GB","potentialAction":[{"@type":"ReadAction","target":["https:\/\/vivaservice.de\/pruefung-und-abnahme-von-schankanlagen\/"]}]},{"@type":"BreadcrumbList","@id":"https:\/\/vivaservice.de\/pruefung-und-abnahme-von-schankanlagen\/#breadcrumb","itemListElement":[{"@type":"ListItem","position":1,"name":"Startseite","item":"https:\/\/vivaservice.de\/"},{"@type":"ListItem","position":2,"name":"Pr\u00fcfung &#038; Abnahme von Schankanlagen"}]},{"@type":"WebSite","@id":"https:\/\/vivaservice.de\/#website","url":"https:\/\/vivaservice.de\/","name":"viva-service AG","description":"","publisher":{"@id":"https:\/\/vivaservice.de\/#organization"},"potentialAction":[{"@type":"SearchAction","target":{"@type":"EntryPoint","urlTemplate":"https:\/\/vivaservice.de\/?s={search_term_string}"},"query-input":{"@type":"PropertyValueSpecification","valueRequired":true,"valueName":"search_term_string"}}],"inLanguage":"en-GB"},{"@type":"Organization","@id":"https:\/\/vivaservice.de\/#organization","name":"viva-service AG","url":"https:\/\/vivaservice.de\/","logo":{"@type":"ImageObject","inLanguage":"en-GB","@id":"https:\/\/vivaservice.de\/#\/schema\/logo\/image\/","url":"https:\/\/vivaservice.de\/wp-content\/uploads\/2025\/06\/cropped-Wort-Bildmarke_150px.png","contentUrl":"https:\/\/vivaservice.de\/wp-content\/uploads\/2025\/06\/cropped-Wort-Bildmarke_150px.png","width":151,"height":69,"caption":"viva-service AG"},"image":{"@id":"https:\/\/vivaservice.de\/#\/schema\/logo\/image\/"}}]}},"_links":{"self":[{"href":"https:\/\/vivaservice.de\/en\/wp-json\/wp\/v2\/pages\/968","targetHints":{"allow":["GET"]}}],"collection":[{"href":"https:\/\/vivaservice.de\/en\/wp-json\/wp\/v2\/pages"}],"about":[{"href":"https:\/\/vivaservice.de\/en\/wp-json\/wp\/v2\/types\/page"}],"author":[{"embeddable":true,"href":"https:\/\/vivaservice.de\/en\/wp-json\/wp\/v2\/users\/1"}],"replies":[{"embeddable":true,"href":"https:\/\/vivaservice.de\/en\/wp-json\/wp\/v2\/comments?post=968"}],"version-history":[{"count":49,"href":"https:\/\/vivaservice.de\/en\/wp-json\/wp\/v2\/pages\/968\/revisions"}],"predecessor-version":[{"id":2859,"href":"https:\/\/vivaservice.de\/en\/wp-json\/wp\/v2\/pages\/968\/revisions\/2859"}],"wp:attachment":[{"href":"https:\/\/vivaservice.de\/en\/wp-json\/wp\/v2\/media?parent=968"}],"curies":[{"name":"wp","href":"https:\/\/api.w.org\/{rel}","templated":true}]}}