{"id":933,"date":"2021-08-01T14:11:23","date_gmt":"2021-08-01T12:11:23","guid":{"rendered":"https:\/\/vivaservice.de\/viva_test_2\/?page_id=933"},"modified":"2026-03-17T01:01:57","modified_gmt":"2026-03-17T00:01:57","slug":"schankanlagenreinigung","status":"publish","type":"page","link":"https:\/\/vivaservice.de\/en\/schankanlagenreinigung\/","title":{"rendered":"Schankanlagenreinigung"},"content":{"rendered":"<div class=\"wp-block-group\"><div class=\"wp-block-group__inner-container is-layout-flow wp-block-group-is-layout-flow\">\n<div class=\"wp-block-columns is-layout-flex wp-container-core-columns-is-layout-9d6595d7 wp-block-columns-is-layout-flex\">\n<div class=\"wp-block-column bild-schankanlagenreinigung is-layout-flow wp-block-column-is-layout-flow\" style=\"flex-basis:20%\">\n<figure class=\"wp-block-image size-large is-resized\"><img loading=\"lazy\" decoding=\"async\" width=\"475\" height=\"1024\" src=\"https:\/\/vivaservice.de\/wp-content\/uploads\/2021\/08\/lgnikimamopgfbca-475x1024.png\" alt=\"Schankanlagenfl\u00fcssigkeit\" class=\"wp-image-996\" style=\"width:238px;height:512px\"\/><figcaption class=\"wp-element-caption\">Schankanlgenreinigung mit DESANA MAX<\/figcaption><\/figure>\n<\/div>\n\n\n\n<div class=\"wp-block-column is-layout-flow wp-block-column-is-layout-flow\" style=\"flex-basis:80%\">\n<p style=\"font-size:17px;font-style:normal;font-weight:400\">Wir nutzen zur Reinigung von Bierleitungen DESANA MAX. Dabei handelt es sich um ein patentiertes Reinigungsmittel, das mit einem Farbumschlag den Zustand der Leitung wiedergibt. Durch den Farbumschlag ist eine rasche Qualit\u00e4tskontrolle ohne Labor m\u00f6glich. Das Verfahren zur Schankanlagenreinigung stellt sicher, dass die Qualit\u00e4t im Ausschank gew\u00e4hrleistet ist. So kann der Gastronom Getr\u00e4nke auf dem h\u00f6chsten Niveau ausschenken. F\u00fcr uns ist es selbstverst\u00e4ndlich die H\u00e4hne zu zerlegen und zu reinigen. Das gilt ebenfalls auch f\u00fcr die Keckverschl\u00fcsse und alle weiteren Komponenten der Schankanlage. Unsere Perfektion ist Garant f\u00fcr h\u00f6chsten Trinkgenu\u00df. Unsere Kunden aus der Spitzengastronomie sind von unseren Dienstleistungen und Service \u00fcberzeugt.<\/p>\n\n\n\n<p style=\"font-size:17px\">Sollte ein Zapfhahn defekt sein oder der Druckminderer nicht in Ordnung, so k\u00f6nnen wir diese in den meisten F\u00e4llen vorort auf Grund des mitgef\u00fchrten Ersatzteillagers austauschen. Das gilt ebenfalls f\u00fcr Dichtungen oder andere Klein- und Ersatzteile. &nbsp;<\/p>\n\n\n\n<p style=\"font-size:17px\">Wir reinigen nicht nur Bierleitungen, sondern auch Fruchtsaft, Wasser, Postmix- und Premixschankanlagen, sowie Computerschankanlagen. Auch Weinschankanlagen und mobile Schankanlagen geh\u00f6ren zu unserem Programm.<\/p>\n\n\n\n<p style=\"font-size:17px\">Wir sind Premiumpartner der gehobenen Gastronomie und sind immer unterwegs in Sachen Biergenu\u00df.<\/p>\n\n\n\n<div class=\"wp-block-buttons is-layout-flex wp-block-buttons-is-layout-flex\">\n<div class=\"wp-block-button\"><a class=\"wp-block-button__link wp-element-button\" href=\"https:\/\/vivaservice.de\/en\/kontakt\/\" style=\"border-radius:15px\">Anfrage Schankanlagenreinigung<\/a><\/div>\n<\/div>\n\n\n\n<div style=\"height:45px\" aria-hidden=\"true\" class=\"wp-block-spacer\"><\/div>\n\n\n\n<div class=\"wp-block-buttons is-layout-flex wp-block-buttons-is-layout-flex\">\n<div class=\"wp-block-button\"><a class=\"wp-block-button__link wp-element-button\" href=\"https:\/\/vivaservice.de\/en\/#viva-gastroservice\" style=\"border-radius:15px\">zur\u00fcck<\/a><\/div>\n<\/div>\n<\/div>\n<\/div>\n<\/div><\/div>","protected":false},"excerpt":{"rendered":"<p>Wir nutzen zur Reinigung von Bierleitungen DESANA MAX. Dabei handelt es sich um ein patentiertes Reinigungsmittel, das mit einem Farbumschlag den Zustand der Leitung wiedergibt. Durch den Farbumschlag ist eine rasche Qualit\u00e4tskontrolle ohne Labor m\u00f6glich. Das Verfahren zur Schankanlagenreinigung stellt sicher, dass die Qualit\u00e4t im Ausschank gew\u00e4hrleistet ist. So kann der Gastronom Getr\u00e4nke auf dem [&hellip;]<\/p>\n","protected":false},"author":1,"featured_media":0,"parent":0,"menu_order":0,"comment_status":"closed","ping_status":"closed","template":"","meta":{"footnotes":""},"class_list":["post-933","page","type-page","status-publish","hentry"],"yoast_head":"<!-- This site is optimized with the Yoast SEO plugin v27.4 - https:\/\/yoast.com\/product\/yoast-seo-wordpress\/ -->\n<title>Schankanlagenreinigung - viva-service AG<\/title>\n<meta name=\"description\" content=\"Schankanlagenreinigung nach nach DIN 6650-6. Reinigung von Bierleitungen, Schankanlagen, aller Art, sei es Premix oder Postmix..\" \/>\n<meta name=\"robots\" content=\"index, follow, max-snippet:-1, max-image-preview:large, max-video-preview:-1\" \/>\n<link rel=\"canonical\" href=\"https:\/\/vivaservice.de\/en\/schankanlagenreinigung\/\" \/>\n<meta property=\"og:locale\" content=\"en_GB\" \/>\n<meta property=\"og:type\" content=\"article\" \/>\n<meta property=\"og:title\" content=\"Schankanlagenreinigung - viva-service AG\" \/>\n<meta property=\"og:description\" content=\"Schankanlagenreinigung nach nach DIN 6650-6. Reinigung von Bierleitungen, Schankanlagen, aller Art, sei es Premix oder Postmix..\" \/>\n<meta property=\"og:url\" content=\"https:\/\/vivaservice.de\/en\/schankanlagenreinigung\/\" \/>\n<meta property=\"og:site_name\" content=\"viva-service AG\" \/>\n<meta property=\"article:modified_time\" content=\"2026-03-17T00:01:57+00:00\" \/>\n<meta property=\"og:image\" content=\"https:\/\/vivaservice.de\/wp-content\/uploads\/2021\/08\/lgnikimamopgfbca-e1651135918615.png\" \/>\n\t<meta property=\"og:image:width\" content=\"232\" \/>\n\t<meta property=\"og:image:height\" content=\"500\" \/>\n\t<meta property=\"og:image:type\" content=\"image\/png\" \/>\n<meta name=\"twitter:card\" content=\"summary_large_image\" \/>\n<meta name=\"twitter:label1\" content=\"Estimated reading time\" \/>\n\t<meta name=\"twitter:data1\" content=\"2 minutes\" \/>\n<script type=\"application\/ld+json\" class=\"yoast-schema-graph\">{\"@context\":\"https:\\\/\\\/schema.org\",\"@graph\":[{\"@type\":\"WebPage\",\"@id\":\"https:\\\/\\\/vivaservice.de\\\/schankanlagenreinigung\\\/\",\"url\":\"https:\\\/\\\/vivaservice.de\\\/schankanlagenreinigung\\\/\",\"name\":\"Schankanlagenreinigung - viva-service AG\",\"isPartOf\":{\"@id\":\"https:\\\/\\\/vivaservice.de\\\/#website\"},\"primaryImageOfPage\":{\"@id\":\"https:\\\/\\\/vivaservice.de\\\/schankanlagenreinigung\\\/#primaryimage\"},\"image\":{\"@id\":\"https:\\\/\\\/vivaservice.de\\\/schankanlagenreinigung\\\/#primaryimage\"},\"thumbnailUrl\":\"https:\\\/\\\/vivaservice.de\\\/wp-content\\\/uploads\\\/2021\\\/08\\\/lgnikimamopgfbca-475x1024.png\",\"datePublished\":\"2021-08-01T12:11:23+00:00\",\"dateModified\":\"2026-03-17T00:01:57+00:00\",\"description\":\"Schankanlagenreinigung nach nach DIN 6650-6. Reinigung von Bierleitungen, Schankanlagen, aller Art, sei es Premix oder Postmix..\",\"breadcrumb\":{\"@id\":\"https:\\\/\\\/vivaservice.de\\\/schankanlagenreinigung\\\/#breadcrumb\"},\"inLanguage\":\"en-GB\",\"potentialAction\":[{\"@type\":\"ReadAction\",\"target\":[\"https:\\\/\\\/vivaservice.de\\\/schankanlagenreinigung\\\/\"]}]},{\"@type\":\"ImageObject\",\"inLanguage\":\"en-GB\",\"@id\":\"https:\\\/\\\/vivaservice.de\\\/schankanlagenreinigung\\\/#primaryimage\",\"url\":\"https:\\\/\\\/vivaservice.de\\\/wp-content\\\/uploads\\\/2021\\\/08\\\/lgnikimamopgfbca-475x1024.png\",\"contentUrl\":\"https:\\\/\\\/vivaservice.de\\\/wp-content\\\/uploads\\\/2021\\\/08\\\/lgnikimamopgfbca-475x1024.png\"},{\"@type\":\"BreadcrumbList\",\"@id\":\"https:\\\/\\\/vivaservice.de\\\/schankanlagenreinigung\\\/#breadcrumb\",\"itemListElement\":[{\"@type\":\"ListItem\",\"position\":1,\"name\":\"Startseite\",\"item\":\"https:\\\/\\\/vivaservice.de\\\/\"},{\"@type\":\"ListItem\",\"position\":2,\"name\":\"Schankanlagenreinigung\"}]},{\"@type\":\"WebSite\",\"@id\":\"https:\\\/\\\/vivaservice.de\\\/#website\",\"url\":\"https:\\\/\\\/vivaservice.de\\\/\",\"name\":\"viva-service AG\",\"description\":\"\",\"publisher\":{\"@id\":\"https:\\\/\\\/vivaservice.de\\\/#organization\"},\"potentialAction\":[{\"@type\":\"SearchAction\",\"target\":{\"@type\":\"EntryPoint\",\"urlTemplate\":\"https:\\\/\\\/vivaservice.de\\\/?s={search_term_string}\"},\"query-input\":{\"@type\":\"PropertyValueSpecification\",\"valueRequired\":true,\"valueName\":\"search_term_string\"}}],\"inLanguage\":\"en-GB\"},{\"@type\":\"Organization\",\"@id\":\"https:\\\/\\\/vivaservice.de\\\/#organization\",\"name\":\"viva-service AG\",\"url\":\"https:\\\/\\\/vivaservice.de\\\/\",\"logo\":{\"@type\":\"ImageObject\",\"inLanguage\":\"en-GB\",\"@id\":\"https:\\\/\\\/vivaservice.de\\\/#\\\/schema\\\/logo\\\/image\\\/\",\"url\":\"https:\\\/\\\/vivaservice.de\\\/wp-content\\\/uploads\\\/2025\\\/06\\\/cropped-Wort-Bildmarke_150px.png\",\"contentUrl\":\"https:\\\/\\\/vivaservice.de\\\/wp-content\\\/uploads\\\/2025\\\/06\\\/cropped-Wort-Bildmarke_150px.png\",\"width\":151,\"height\":69,\"caption\":\"viva-service AG\"},\"image\":{\"@id\":\"https:\\\/\\\/vivaservice.de\\\/#\\\/schema\\\/logo\\\/image\\\/\"}}]}<\/script>\n<!-- \/ Yoast SEO plugin. -->","yoast_head_json":{"title":"Schankanlagenreinigung - viva-service AG","description":"Schankanlagenreinigung nach nach DIN 6650-6. Reinigung von Bierleitungen, Schankanlagen, aller Art, sei es Premix oder Postmix..","robots":{"index":"index","follow":"follow","max-snippet":"max-snippet:-1","max-image-preview":"max-image-preview:large","max-video-preview":"max-video-preview:-1"},"canonical":"https:\/\/vivaservice.de\/en\/schankanlagenreinigung\/","og_locale":"en_GB","og_type":"article","og_title":"Schankanlagenreinigung - viva-service AG","og_description":"Schankanlagenreinigung nach nach DIN 6650-6. Reinigung von Bierleitungen, Schankanlagen, aller Art, sei es Premix oder Postmix..","og_url":"https:\/\/vivaservice.de\/en\/schankanlagenreinigung\/","og_site_name":"viva-service AG","article_modified_time":"2026-03-17T00:01:57+00:00","og_image":[{"width":232,"height":500,"url":"https:\/\/vivaservice.de\/wp-content\/uploads\/2021\/08\/lgnikimamopgfbca-e1651135918615.png","type":"image\/png"}],"twitter_card":"summary_large_image","twitter_misc":{"Estimated reading time":"2 minutes"},"schema":{"@context":"https:\/\/schema.org","@graph":[{"@type":"WebPage","@id":"https:\/\/vivaservice.de\/schankanlagenreinigung\/","url":"https:\/\/vivaservice.de\/schankanlagenreinigung\/","name":"Schankanlagenreinigung - viva-service AG","isPartOf":{"@id":"https:\/\/vivaservice.de\/#website"},"primaryImageOfPage":{"@id":"https:\/\/vivaservice.de\/schankanlagenreinigung\/#primaryimage"},"image":{"@id":"https:\/\/vivaservice.de\/schankanlagenreinigung\/#primaryimage"},"thumbnailUrl":"https:\/\/vivaservice.de\/wp-content\/uploads\/2021\/08\/lgnikimamopgfbca-475x1024.png","datePublished":"2021-08-01T12:11:23+00:00","dateModified":"2026-03-17T00:01:57+00:00","description":"Schankanlagenreinigung nach nach DIN 6650-6. Reinigung von Bierleitungen, Schankanlagen, aller Art, sei es Premix oder Postmix..","breadcrumb":{"@id":"https:\/\/vivaservice.de\/schankanlagenreinigung\/#breadcrumb"},"inLanguage":"en-GB","potentialAction":[{"@type":"ReadAction","target":["https:\/\/vivaservice.de\/schankanlagenreinigung\/"]}]},{"@type":"ImageObject","inLanguage":"en-GB","@id":"https:\/\/vivaservice.de\/schankanlagenreinigung\/#primaryimage","url":"https:\/\/vivaservice.de\/wp-content\/uploads\/2021\/08\/lgnikimamopgfbca-475x1024.png","contentUrl":"https:\/\/vivaservice.de\/wp-content\/uploads\/2021\/08\/lgnikimamopgfbca-475x1024.png"},{"@type":"BreadcrumbList","@id":"https:\/\/vivaservice.de\/schankanlagenreinigung\/#breadcrumb","itemListElement":[{"@type":"ListItem","position":1,"name":"Startseite","item":"https:\/\/vivaservice.de\/"},{"@type":"ListItem","position":2,"name":"Schankanlagenreinigung"}]},{"@type":"WebSite","@id":"https:\/\/vivaservice.de\/#website","url":"https:\/\/vivaservice.de\/","name":"viva-service AG","description":"","publisher":{"@id":"https:\/\/vivaservice.de\/#organization"},"potentialAction":[{"@type":"SearchAction","target":{"@type":"EntryPoint","urlTemplate":"https:\/\/vivaservice.de\/?s={search_term_string}"},"query-input":{"@type":"PropertyValueSpecification","valueRequired":true,"valueName":"search_term_string"}}],"inLanguage":"en-GB"},{"@type":"Organization","@id":"https:\/\/vivaservice.de\/#organization","name":"viva-service AG","url":"https:\/\/vivaservice.de\/","logo":{"@type":"ImageObject","inLanguage":"en-GB","@id":"https:\/\/vivaservice.de\/#\/schema\/logo\/image\/","url":"https:\/\/vivaservice.de\/wp-content\/uploads\/2025\/06\/cropped-Wort-Bildmarke_150px.png","contentUrl":"https:\/\/vivaservice.de\/wp-content\/uploads\/2025\/06\/cropped-Wort-Bildmarke_150px.png","width":151,"height":69,"caption":"viva-service AG"},"image":{"@id":"https:\/\/vivaservice.de\/#\/schema\/logo\/image\/"}}]}},"_links":{"self":[{"href":"https:\/\/vivaservice.de\/en\/wp-json\/wp\/v2\/pages\/933","targetHints":{"allow":["GET"]}}],"collection":[{"href":"https:\/\/vivaservice.de\/en\/wp-json\/wp\/v2\/pages"}],"about":[{"href":"https:\/\/vivaservice.de\/en\/wp-json\/wp\/v2\/types\/page"}],"author":[{"embeddable":true,"href":"https:\/\/vivaservice.de\/en\/wp-json\/wp\/v2\/users\/1"}],"replies":[{"embeddable":true,"href":"https:\/\/vivaservice.de\/en\/wp-json\/wp\/v2\/comments?post=933"}],"version-history":[{"count":42,"href":"https:\/\/vivaservice.de\/en\/wp-json\/wp\/v2\/pages\/933\/revisions"}],"predecessor-version":[{"id":8505,"href":"https:\/\/vivaservice.de\/en\/wp-json\/wp\/v2\/pages\/933\/revisions\/8505"}],"wp:attachment":[{"href":"https:\/\/vivaservice.de\/en\/wp-json\/wp\/v2\/media?parent=933"}],"curies":[{"name":"wp","href":"https:\/\/api.w.org\/{rel}","templated":true}]}}