{"id":68,"date":"2021-04-08T18:54:42","date_gmt":"2021-04-08T16:54:42","guid":{"rendered":"https:\/\/vivaservice.de\/viva_test_2\/?page_id=68"},"modified":"2024-08-12T19:26:43","modified_gmt":"2024-08-12T17:26:43","slug":"kontakt","status":"publish","type":"page","link":"https:\/\/vivaservice.de\/en\/kontakt\/","title":{"rendered":"Contact"},"content":{"rendered":"<div class=\"wp-block-columns is-layout-flex wp-container-core-columns-is-layout-9d6595d7 wp-block-columns-is-layout-flex\">\n<div class=\"wp-block-column is-layout-flow wp-block-column-is-layout-flow\" style=\"flex-basis:100%\">\n<div class=\"wp-block-columns is-layout-flex wp-container-core-columns-is-layout-9d6595d7 wp-block-columns-is-layout-flex\">\n<div class=\"wp-block-column is-layout-flow wp-block-column-is-layout-flow\" style=\"flex-basis:100%\">\n<div class=\"wp-block-columns is-layout-flex wp-container-core-columns-is-layout-9d6595d7 wp-block-columns-is-layout-flex\">\n<div class=\"wp-block-column kontakt-links is-layout-flow wp-block-column-is-layout-flow\">\n<div style=\"height:28px\" aria-hidden=\"true\" class=\"wp-block-spacer\"><\/div>\n\n\n\n<p class=\"kontakt-text\" style=\"font-size:17px\">Senden Sie uns bei Fragen gerne eine E-Mail \u00fcber dieses Kontaktformular. <\/p>\n\n\n\n<div class=\"wpcf7 no-js\" id=\"wpcf7-f145-o1\" lang=\"de-DE\" dir=\"ltr\" data-wpcf7-id=\"145\">\n<div class=\"screen-reader-response\"><p role=\"status\" aria-live=\"polite\" aria-atomic=\"true\"><\/p> <ul><\/ul><\/div>\n<form action=\"\/en\/wp-json\/wp\/v2\/pages\/68#wpcf7-f145-o1\" method=\"post\" class=\"wpcf7-form init\" aria-label=\"Kontaktformular\" novalidate=\"novalidate\" data-status=\"init\" data-trp-original-action=\"\/en\/wp-json\/wp\/v2\/pages\/68#wpcf7-f145-o1\">\n<fieldset class=\"hidden-fields-container\"><input type=\"hidden\" name=\"_wpcf7\" value=\"145\" \/><input type=\"hidden\" name=\"_wpcf7_version\" value=\"6.1.4\" \/><input type=\"hidden\" name=\"_wpcf7_locale\" value=\"de_DE\" \/><input type=\"hidden\" name=\"_wpcf7_unit_tag\" value=\"wpcf7-f145-o1\" \/><input type=\"hidden\" name=\"_wpcf7_container_post\" value=\"0\" \/><input type=\"hidden\" name=\"_wpcf7_posted_data_hash\" value=\"\" \/>\n<\/fieldset>\n<p><span id=\"wpcf7-69f1cdc94ba84-wrapper\" class=\"wpcf7-form-control-wrap honeypot-873-wrap\" ><input type=\"hidden\" name=\"honeypot-873-time-start\" value=\"1777454537\"><input type=\"hidden\" name=\"honeypot-873-time-check\" value=\"4\"><label for=\"1\" class=\"hp-message\">Bitte lasse dieses Feld leer.<\/label><input id=\"1\"  class=\"wpcf7-form-control wpcf7-text\" type=\"text\" name=\"honeypot-873\" value=\"\" size=\"40\" tabindex=\"-1\" autocomplete=\"new-password\" \/><\/span>\n<\/p>\n<p>Art der Anfrage*<br \/>\n<span class=\"wpcf7-form-control-wrap\" data-name=\"menu-450\"><select class=\"wpcf7-form-control wpcf7-select wpcf7-validates-as-required\" id=\"anfrage-typ\" aria-required=\"true\" aria-invalid=\"false\" name=\"menu-450\"><option value=\"Allgemein\">Allgemein<\/option><option value=\"Messebau\">Messebau<\/option><option value=\"Schankanlagen\">Schankanlagen<\/option><option value=\"Tafelwasseranlagen\">Tafelwasseranlagen<\/option><option value=\"Sonstiges\">Sonstiges<\/option><\/select><\/span>\n<\/p>\n<p><label> Vorname*<br \/>\n<span class=\"wpcf7-form-control-wrap\" data-name=\"your-name\"><input size=\"40\" maxlength=\"400\" class=\"wpcf7-form-control wpcf7-text wpcf7-validates-as-required\" aria-required=\"true\" aria-invalid=\"false\" value=\"\" type=\"text\" name=\"your-name\" \/><\/span> <\/label>\n<\/p>\n<p><label> Nachname*<br \/>\n<span class=\"wpcf7-form-control-wrap\" data-name=\"your-name\"><input size=\"40\" maxlength=\"400\" class=\"wpcf7-form-control wpcf7-text wpcf7-validates-as-required\" aria-required=\"true\" aria-invalid=\"false\" value=\"\" type=\"text\" name=\"your-name\" \/><\/span> <\/label>\n<\/p>\n<p><label> E-Mail-Adresse*<br \/>\n<span class=\"wpcf7-form-control-wrap\" data-name=\"your-email\"><input size=\"40\" maxlength=\"400\" class=\"wpcf7-form-control wpcf7-email wpcf7-validates-as-required wpcf7-text wpcf7-validates-as-email\" aria-required=\"true\" aria-invalid=\"false\" value=\"\" type=\"email\" name=\"your-email\" \/><\/span> <\/label>\n<\/p>\n<p><label> Betreff*<br \/>\n<span class=\"wpcf7-form-control-wrap\" data-name=\"your-subject\"><input size=\"40\" maxlength=\"400\" class=\"wpcf7-form-control wpcf7-text wpcf7-validates-as-required\" aria-required=\"true\" aria-invalid=\"false\" value=\"\" type=\"text\" name=\"your-subject\" \/><\/span> <\/label>\n<\/p>\n<p><label> Nachricht<br \/>\n<span class=\"wpcf7-form-control-wrap\" data-name=\"your-message\"><textarea cols=\"40\" rows=\"10\" maxlength=\"2000\" class=\"wpcf7-form-control wpcf7-textarea\" aria-invalid=\"false\" name=\"your-message\"><\/textarea><\/span> <\/label>\n<\/p>\n<div class=\"pflichtfeld\">\n\t<p>Pflichtfelder sind mit einem * markiert\n\t<\/p>\n<\/div>\n<p><span id=\"wpcf7-69f1cdc94bdc1-wrapper\" class=\"wpcf7-form-control-wrap name_2-wrap\" ><input type=\"hidden\" name=\"name_2-time-start\" value=\"1777454537\"><input type=\"hidden\" name=\"name_2-time-check\" value=\"4\"><label for=\"wpcf7-69f1cdc94bdc1-field\" class=\"hp-message\">Bitte lasse dieses Feld leer.<\/label><input id=\"wpcf7-69f1cdc94bdc1-field\"  class=\"wpcf7-form-control wpcf7-text\" type=\"text\" name=\"name_2\" value=\"\" size=\"40\" tabindex=\"-1\" autocomplete=\"new-password\" \/><\/span>\n<\/p>\n<p><input class=\"wpcf7-form-control wpcf7-submit has-spinner\" type=\"submit\" value=\"Senden\" \/>\n<\/p><div class=\"wpcf7-response-output\" aria-hidden=\"true\"><\/div>\n<input type=\"hidden\" name=\"trp-form-language\" value=\"en\"\/><\/form>\n<\/div>\n\n<\/div>\n\n\n\n<div class=\"wp-block-column kontakt-rechts is-layout-flow wp-block-column-is-layout-flow\">\n<p class=\"kontakt-text-map-zwei\" style=\"font-size:17px\"><strong>Unser Standort in Baden-Baden<\/strong><\/p>\n\n\n\n<p class=\"kontakt-text-map-drei zwei\" style=\"font-size:17px\">Ansprechpartner im Bereich viva-gastroservice<\/p>\n\n\n\n<div style=\"height:23px\" aria-hidden=\"true\" class=\"wp-block-spacer\"><\/div>\n\n\n\n<div class=\"wp-block-columns emailspalte is-layout-flex wp-container-core-columns-is-layout-9d6595d7 wp-block-columns-is-layout-flex\">\n<div class=\"wp-block-column is-vertically-aligned-top email is-layout-flow wp-block-column-is-layout-flow\" style=\"flex-basis:12%\"><div class=\"wp-block-image email\">\n<figure class=\"aligncenter size-large\"><img loading=\"lazy\" decoding=\"async\" width=\"1024\" height=\"670\" src=\"https:\/\/vivaservice.de\/wp-content\/uploads\/2022\/02\/email_icon-1024x670.png\" alt=\"\" class=\"wp-image-2038\" srcset=\"https:\/\/vivaservice.de\/wp-content\/uploads\/2022\/02\/email_icon-1024x670.png 1024w, https:\/\/vivaservice.de\/wp-content\/uploads\/2022\/02\/email_icon-300x196.png 300w, https:\/\/vivaservice.de\/wp-content\/uploads\/2022\/02\/email_icon-768x502.png 768w, https:\/\/vivaservice.de\/wp-content\/uploads\/2022\/02\/email_icon-1600x1046.png 1600w, https:\/\/vivaservice.de\/wp-content\/uploads\/2022\/02\/email_icon-1536x1004.png 1536w, https:\/\/vivaservice.de\/wp-content\/uploads\/2022\/02\/email_icon-18x12.png 18w, https:\/\/vivaservice.de\/wp-content\/uploads\/2022\/02\/email_icon-612x400.png 612w, https:\/\/vivaservice.de\/wp-content\/uploads\/2022\/02\/email_icon-100x65.png 100w, https:\/\/vivaservice.de\/wp-content\/uploads\/2022\/02\/email_icon.png 1679w\" sizes=\"auto, (max-width: 1024px) 100vw, 1024px\" \/><\/figure>\n<\/div><\/div>\n\n\n\n<div class=\"wp-block-column is-vertically-aligned-top is-layout-flow wp-block-column-is-layout-flow\" style=\"flex-basis:100%\">\n<p class=\"has-text-align-center\" style=\"font-size:17px\">vertrieb@vivagastroservice.de<\/p>\n<\/div>\n<\/div>\n\n\n\n<div class=\"wp-block-columns telefonspalte is-layout-flex wp-container-core-columns-is-layout-9d6595d7 wp-block-columns-is-layout-flex\">\n<div class=\"wp-block-column is-vertically-aligned-top telefon is-layout-flow wp-block-column-is-layout-flow\" style=\"flex-basis:12%\"><div class=\"wp-block-image telefon\">\n<figure class=\"aligncenter size-large\"><img loading=\"lazy\" decoding=\"async\" width=\"1024\" height=\"1012\" src=\"https:\/\/vivaservice.de\/wp-content\/uploads\/2022\/02\/telefon_icon-1024x1012.png\" alt=\"\" class=\"wp-image-2039\" srcset=\"https:\/\/vivaservice.de\/wp-content\/uploads\/2022\/02\/telefon_icon-1024x1012.png 1024w, https:\/\/vivaservice.de\/wp-content\/uploads\/2022\/02\/telefon_icon-300x297.png 300w, https:\/\/vivaservice.de\/wp-content\/uploads\/2022\/02\/telefon_icon-768x759.png 768w, https:\/\/vivaservice.de\/wp-content\/uploads\/2022\/02\/telefon_icon-12x12.png 12w, https:\/\/vivaservice.de\/wp-content\/uploads\/2022\/02\/telefon_icon-405x400.png 405w, https:\/\/vivaservice.de\/wp-content\/uploads\/2022\/02\/telefon_icon-100x100.png 100w, https:\/\/vivaservice.de\/wp-content\/uploads\/2022\/02\/telefon_icon.png 1419w\" sizes=\"auto, (max-width: 1024px) 100vw, 1024px\" \/><\/figure>\n<\/div><\/div>\n\n\n\n<div class=\"wp-block-column is-vertically-aligned-top is-layout-flow wp-block-column-is-layout-flow\" style=\"flex-basis:100%\">\n<p class=\"has-text-align-center\" style=\"font-size:17px\">Zentrale: +49 (0) 434079 99 781<br>Technik \/ Vertrieb<\/p>\n<\/div>\n<\/div>\n\n\n\n<div class=\"wp-block-columns standortspalte is-layout-flex wp-container-core-columns-is-layout-9d6595d7 wp-block-columns-is-layout-flex\">\n<div class=\"wp-block-column is-vertically-aligned-top is-layout-flow wp-block-column-is-layout-flow\" style=\"flex-basis:15%\">\n<figure class=\"wp-block-gallery has-nested-images columns-default is-cropped wp-block-gallery-1 is-layout-flex wp-block-gallery-is-layout-flex\">\n<figure class=\"wp-block-image size-medium standort\"><img loading=\"lazy\" decoding=\"async\" width=\"188\" height=\"300\" data-id=\"2037\" src=\"https:\/\/vivaservice.de\/wp-content\/uploads\/2022\/02\/standort_icon-188x300.png\" alt=\"\" class=\"wp-image-2037\" srcset=\"https:\/\/vivaservice.de\/wp-content\/uploads\/2022\/02\/standort_icon-188x300.png 188w, https:\/\/vivaservice.de\/wp-content\/uploads\/2022\/02\/standort_icon-643x1024.png 643w, https:\/\/vivaservice.de\/wp-content\/uploads\/2022\/02\/standort_icon-768x1223.png 768w, https:\/\/vivaservice.de\/wp-content\/uploads\/2022\/02\/standort_icon-8x12.png 8w, https:\/\/vivaservice.de\/wp-content\/uploads\/2022\/02\/standort_icon-251x400.png 251w, https:\/\/vivaservice.de\/wp-content\/uploads\/2022\/02\/standort_icon-63x100.png 63w, https:\/\/vivaservice.de\/wp-content\/uploads\/2022\/02\/standort_icon.png 833w\" sizes=\"auto, (max-width: 188px) 100vw, 188px\" \/><\/figure>\n<\/figure>\n<\/div>\n\n\n\n<div class=\"wp-block-column is-vertically-aligned-top is-layout-flow wp-block-column-is-layout-flow\" style=\"flex-basis:85%\">\n<p style=\"font-size:17px\">Baden Baden<\/p>\n<\/div>\n<\/div>\n\n\n\n<iframe loading=\"lazy\" scrolling=\"no\" marginheight=\"0\" marginwidth=\"0\" src=\"https:\/\/www.openstreetmap.org\/export\/embed.html?bbox=7.892990112304688%2C48.60748989475176%2C8.53569030761719%2C48.907156769554426&amp;layer=mapnik&amp;marker=48.75740932392451%2C8.21436170000004\" style=\"border: 1px solid black\" width=\"425\" height=\"350\" frameborder=\"0\"><\/iframe><br><small><a href=\"https:\/\/www.openstreetmap.org\/?mlat=48.7574&amp;mlon=8.2144#map=11\/48.7574\/8.2144\">Gr\u00f6\u00dfere Karte anzeigen<\/a><\/small>\n\n\n\n<div style=\"height:30px\" aria-hidden=\"true\" class=\"wp-block-spacer\"><\/div>\n\n\n\n<div style=\"height:56px\" aria-hidden=\"true\" class=\"wp-block-spacer\"><\/div>\n\n\n\n<p class=\"kontakt-text-map\" style=\"font-size:17px\"><strong>Hier finden Sie unsere Gesch\u00e4ftsstelle<\/strong><\/p>\n\n\n\n<p class=\"kontakt-text-map-drei\" style=\"font-size:17px\">Ansprechpartner f\u00fcr die viva-service AG &amp; vivafair<\/p>\n\n\n\n<div class=\"wp-block-columns standortspalte is-layout-flex wp-container-core-columns-is-layout-9d6595d7 wp-block-columns-is-layout-flex\">\n<div class=\"wp-block-column is-layout-flow wp-block-column-is-layout-flow\" style=\"flex-basis:15%\">\n<div class=\"wp-block-columns is-layout-flex wp-container-core-columns-is-layout-9d6595d7 wp-block-columns-is-layout-flex\">\n<div class=\"wp-block-column is-layout-flow wp-block-column-is-layout-flow\" style=\"flex-basis:100%\">\n<figure class=\"wp-block-image size-medium standort\"><img loading=\"lazy\" decoding=\"async\" width=\"188\" height=\"300\" src=\"https:\/\/vivaservice.de\/wp-content\/uploads\/2022\/02\/standort_icon-188x300.png\" alt=\"\" class=\"wp-image-2037\" srcset=\"https:\/\/vivaservice.de\/wp-content\/uploads\/2022\/02\/standort_icon-188x300.png 188w, https:\/\/vivaservice.de\/wp-content\/uploads\/2022\/02\/standort_icon-643x1024.png 643w, https:\/\/vivaservice.de\/wp-content\/uploads\/2022\/02\/standort_icon-768x1223.png 768w, https:\/\/vivaservice.de\/wp-content\/uploads\/2022\/02\/standort_icon-8x12.png 8w, https:\/\/vivaservice.de\/wp-content\/uploads\/2022\/02\/standort_icon-251x400.png 251w, https:\/\/vivaservice.de\/wp-content\/uploads\/2022\/02\/standort_icon-63x100.png 63w, https:\/\/vivaservice.de\/wp-content\/uploads\/2022\/02\/standort_icon.png 833w\" sizes=\"auto, (max-width: 188px) 100vw, 188px\" \/><\/figure>\n<\/div>\n<\/div>\n<\/div>\n\n\n\n<div class=\"wp-block-column is-layout-flow wp-block-column-is-layout-flow\" style=\"flex-basis:85%\">\n<p style=\"font-size:17px\">Fritz-Reuter Weg 20, 24229 Strande<\/p>\n<\/div>\n<\/div>\n\n\n\n<iframe loading=\"lazy\" scrolling=\"no\" marginheight=\"0\" marginwidth=\"0\" src=\"https:\/\/www.openstreetmap.org\/export\/embed.html?bbox=10.172599554061891%2C54.442083544358056%2C10.18264174461365%2C54.44621361550543&amp;layer=mapnik&amp;marker=54.44415498013333%2C10.177620649337769\" style=\"border: 1px solid black\" width=\"425\" height=\"350\" frameborder=\"0\"><\/iframe><br><small><a href=\"https:\/\/www.openstreetmap.org\/?mlat=54.44415&amp;mlon=10.17762#map=17\/54.44415\/10.17762\">Gr\u00f6\u00dfere Karte anzeigen<\/a><\/small>\n\n\n\n<div style=\"height:30px\" aria-hidden=\"true\" class=\"wp-block-spacer\"><\/div>\n\n\n\n<div class=\"wp-block-columns emailspalte is-layout-flex wp-container-core-columns-is-layout-9d6595d7 wp-block-columns-is-layout-flex\">\n<div class=\"wp-block-column email is-layout-flow wp-block-column-is-layout-flow\" style=\"flex-basis:12%\"><div class=\"wp-block-image email\">\n<figure class=\"aligncenter size-large\"><img loading=\"lazy\" decoding=\"async\" width=\"1024\" height=\"670\" src=\"https:\/\/vivaservice.de\/wp-content\/uploads\/2022\/02\/email_icon-1024x670.png\" alt=\"\" class=\"wp-image-2038\" srcset=\"https:\/\/vivaservice.de\/wp-content\/uploads\/2022\/02\/email_icon-1024x670.png 1024w, https:\/\/vivaservice.de\/wp-content\/uploads\/2022\/02\/email_icon-300x196.png 300w, https:\/\/vivaservice.de\/wp-content\/uploads\/2022\/02\/email_icon-768x502.png 768w, https:\/\/vivaservice.de\/wp-content\/uploads\/2022\/02\/email_icon-1600x1046.png 1600w, https:\/\/vivaservice.de\/wp-content\/uploads\/2022\/02\/email_icon-1536x1004.png 1536w, https:\/\/vivaservice.de\/wp-content\/uploads\/2022\/02\/email_icon-18x12.png 18w, https:\/\/vivaservice.de\/wp-content\/uploads\/2022\/02\/email_icon-612x400.png 612w, https:\/\/vivaservice.de\/wp-content\/uploads\/2022\/02\/email_icon-100x65.png 100w, https:\/\/vivaservice.de\/wp-content\/uploads\/2022\/02\/email_icon.png 1679w\" sizes=\"auto, (max-width: 1024px) 100vw, 1024px\" \/><\/figure>\n<\/div><\/div>\n\n\n\n<div class=\"wp-block-column is-layout-flow wp-block-column-is-layout-flow\" style=\"flex-basis:88%\">\n<p class=\"has-text-align-center\" style=\"font-size:17px\">formkontakt@vivaservice.de<\/p>\n<\/div>\n<\/div>\n\n\n\n<div class=\"wp-block-columns telefonspalte is-layout-flex wp-container-core-columns-is-layout-9d6595d7 wp-block-columns-is-layout-flex\">\n<div class=\"wp-block-column telefon is-layout-flow wp-block-column-is-layout-flow\" style=\"flex-basis:12%\"><div class=\"wp-block-image telefon\">\n<figure class=\"aligncenter size-large\"><img loading=\"lazy\" decoding=\"async\" width=\"1024\" height=\"1012\" src=\"https:\/\/vivaservice.de\/wp-content\/uploads\/2022\/02\/telefon_icon-1024x1012.png\" alt=\"\" class=\"wp-image-2039\" srcset=\"https:\/\/vivaservice.de\/wp-content\/uploads\/2022\/02\/telefon_icon-1024x1012.png 1024w, https:\/\/vivaservice.de\/wp-content\/uploads\/2022\/02\/telefon_icon-300x297.png 300w, https:\/\/vivaservice.de\/wp-content\/uploads\/2022\/02\/telefon_icon-768x759.png 768w, https:\/\/vivaservice.de\/wp-content\/uploads\/2022\/02\/telefon_icon-12x12.png 12w, https:\/\/vivaservice.de\/wp-content\/uploads\/2022\/02\/telefon_icon-405x400.png 405w, https:\/\/vivaservice.de\/wp-content\/uploads\/2022\/02\/telefon_icon-100x100.png 100w, https:\/\/vivaservice.de\/wp-content\/uploads\/2022\/02\/telefon_icon.png 1419w\" sizes=\"auto, (max-width: 1024px) 100vw, 1024px\" \/><\/figure>\n<\/div><\/div>\n\n\n\n<div class=\"wp-block-column is-layout-flow wp-block-column-is-layout-flow\" style=\"flex-basis:88%\">\n<p class=\"has-text-align-center\" style=\"font-size:17px\">+49 (0) 431 55 68 5200<\/p>\n<\/div>\n<\/div>\n<\/div>\n<\/div>\n<\/div>\n<\/div>\n<\/div>\n<\/div>","protected":false},"excerpt":{"rendered":"<p>Senden Sie uns bei Fragen gerne eine E-Mail \u00fcber dieses Kontaktformular. Unser Standort in Baden-Baden Ansprechpartner im Bereich viva-gastroservice vertrieb@vivagastroservice.de Zentrale: +49 (0) 434079 99 781Technik \/ Vertrieb Baden Baden Gr\u00f6\u00dfere Karte anzeigen Hier finden Sie unsere Gesch\u00e4ftsstelle Ansprechpartner f\u00fcr die viva-service AG &amp; vivafair Fritz-Reuter Weg 20, 24229 Strande Gr\u00f6\u00dfere Karte anzeigen formkontakt@vivaservice.de +49 [&hellip;]<\/p>\n","protected":false},"author":1,"featured_media":0,"parent":0,"menu_order":0,"comment_status":"closed","ping_status":"closed","template":"","meta":{"footnotes":""},"class_list":["post-68","page","type-page","status-publish","hentry"],"yoast_head":"<!-- This site is optimized with the Yoast SEO plugin v27.4 - https:\/\/yoast.com\/product\/yoast-seo-wordpress\/ -->\n<title>Kontakt - viva-service AG<\/title>\n<meta name=\"description\" content=\"Kontakt zu viva-service AG und Kontakt zu vivafair das Ausschreibungsportal f\u00fcr Messest\u00e4nde. Kontaktiern vivagastroservice..\" \/>\n<meta name=\"robots\" content=\"index, follow, max-snippet:-1, max-image-preview:large, max-video-preview:-1\" \/>\n<link rel=\"canonical\" href=\"https:\/\/vivaservice.de\/en\/kontakt\/\" \/>\n<meta property=\"og:locale\" content=\"en_GB\" \/>\n<meta property=\"og:type\" content=\"article\" \/>\n<meta property=\"og:title\" content=\"Kontakt - viva-service AG\" \/>\n<meta property=\"og:description\" content=\"Kontakt zu viva-service AG und Kontakt zu vivafair das Ausschreibungsportal f\u00fcr Messest\u00e4nde. Kontaktiern vivagastroservice..\" \/>\n<meta property=\"og:url\" content=\"https:\/\/vivaservice.de\/en\/kontakt\/\" \/>\n<meta property=\"og:site_name\" content=\"viva-service AG\" \/>\n<meta property=\"article:modified_time\" content=\"2024-08-12T17:26:43+00:00\" \/>\n<meta property=\"og:image\" content=\"https:\/\/vivaservice.de\/wp-content\/uploads\/2022\/02\/email_icon-1024x670.png\" \/>\n<meta name=\"twitter:card\" content=\"summary_large_image\" \/>\n<meta name=\"twitter:label1\" content=\"Estimated reading time\" \/>\n\t<meta name=\"twitter:data1\" content=\"2 minutes\" \/>\n<script type=\"application\/ld+json\" class=\"yoast-schema-graph\">{\"@context\":\"https:\\\/\\\/schema.org\",\"@graph\":[{\"@type\":\"WebPage\",\"@id\":\"https:\\\/\\\/vivaservice.de\\\/kontakt\\\/\",\"url\":\"https:\\\/\\\/vivaservice.de\\\/kontakt\\\/\",\"name\":\"Kontakt - viva-service AG\",\"isPartOf\":{\"@id\":\"https:\\\/\\\/vivaservice.de\\\/#website\"},\"primaryImageOfPage\":{\"@id\":\"https:\\\/\\\/vivaservice.de\\\/kontakt\\\/#primaryimage\"},\"image\":{\"@id\":\"https:\\\/\\\/vivaservice.de\\\/kontakt\\\/#primaryimage\"},\"thumbnailUrl\":\"https:\\\/\\\/vivaservice.de\\\/wp-content\\\/uploads\\\/2022\\\/02\\\/email_icon-1024x670.png\",\"datePublished\":\"2021-04-08T16:54:42+00:00\",\"dateModified\":\"2024-08-12T17:26:43+00:00\",\"description\":\"Kontakt zu viva-service AG und Kontakt zu vivafair das Ausschreibungsportal f\u00fcr Messest\u00e4nde. Kontaktiern vivagastroservice..\",\"breadcrumb\":{\"@id\":\"https:\\\/\\\/vivaservice.de\\\/kontakt\\\/#breadcrumb\"},\"inLanguage\":\"en-GB\",\"potentialAction\":[{\"@type\":\"ReadAction\",\"target\":[\"https:\\\/\\\/vivaservice.de\\\/kontakt\\\/\"]}]},{\"@type\":\"ImageObject\",\"inLanguage\":\"en-GB\",\"@id\":\"https:\\\/\\\/vivaservice.de\\\/kontakt\\\/#primaryimage\",\"url\":\"https:\\\/\\\/vivaservice.de\\\/wp-content\\\/uploads\\\/2022\\\/02\\\/email_icon-1024x670.png\",\"contentUrl\":\"https:\\\/\\\/vivaservice.de\\\/wp-content\\\/uploads\\\/2022\\\/02\\\/email_icon-1024x670.png\"},{\"@type\":\"BreadcrumbList\",\"@id\":\"https:\\\/\\\/vivaservice.de\\\/kontakt\\\/#breadcrumb\",\"itemListElement\":[{\"@type\":\"ListItem\",\"position\":1,\"name\":\"Startseite\",\"item\":\"https:\\\/\\\/vivaservice.de\\\/\"},{\"@type\":\"ListItem\",\"position\":2,\"name\":\"Kontakt\"}]},{\"@type\":\"WebSite\",\"@id\":\"https:\\\/\\\/vivaservice.de\\\/#website\",\"url\":\"https:\\\/\\\/vivaservice.de\\\/\",\"name\":\"viva-service AG\",\"description\":\"\",\"publisher\":{\"@id\":\"https:\\\/\\\/vivaservice.de\\\/#organization\"},\"potentialAction\":[{\"@type\":\"SearchAction\",\"target\":{\"@type\":\"EntryPoint\",\"urlTemplate\":\"https:\\\/\\\/vivaservice.de\\\/?s={search_term_string}\"},\"query-input\":{\"@type\":\"PropertyValueSpecification\",\"valueRequired\":true,\"valueName\":\"search_term_string\"}}],\"inLanguage\":\"en-GB\"},{\"@type\":\"Organization\",\"@id\":\"https:\\\/\\\/vivaservice.de\\\/#organization\",\"name\":\"viva-service AG\",\"url\":\"https:\\\/\\\/vivaservice.de\\\/\",\"logo\":{\"@type\":\"ImageObject\",\"inLanguage\":\"en-GB\",\"@id\":\"https:\\\/\\\/vivaservice.de\\\/#\\\/schema\\\/logo\\\/image\\\/\",\"url\":\"https:\\\/\\\/vivaservice.de\\\/wp-content\\\/uploads\\\/2025\\\/06\\\/cropped-Wort-Bildmarke_150px.png\",\"contentUrl\":\"https:\\\/\\\/vivaservice.de\\\/wp-content\\\/uploads\\\/2025\\\/06\\\/cropped-Wort-Bildmarke_150px.png\",\"width\":151,\"height\":69,\"caption\":\"viva-service AG\"},\"image\":{\"@id\":\"https:\\\/\\\/vivaservice.de\\\/#\\\/schema\\\/logo\\\/image\\\/\"}}]}<\/script>\n<!-- \/ Yoast SEO plugin. -->","yoast_head_json":{"title":"Kontakt - viva-service AG","description":"Kontakt zu viva-service AG und Kontakt zu vivafair das Ausschreibungsportal f\u00fcr Messest\u00e4nde. Kontaktiern vivagastroservice..","robots":{"index":"index","follow":"follow","max-snippet":"max-snippet:-1","max-image-preview":"max-image-preview:large","max-video-preview":"max-video-preview:-1"},"canonical":"https:\/\/vivaservice.de\/en\/kontakt\/","og_locale":"en_GB","og_type":"article","og_title":"Kontakt - viva-service AG","og_description":"Kontakt zu viva-service AG und Kontakt zu vivafair das Ausschreibungsportal f\u00fcr Messest\u00e4nde. Kontaktiern vivagastroservice..","og_url":"https:\/\/vivaservice.de\/en\/kontakt\/","og_site_name":"viva-service AG","article_modified_time":"2024-08-12T17:26:43+00:00","og_image":[{"url":"https:\/\/vivaservice.de\/wp-content\/uploads\/2022\/02\/email_icon-1024x670.png","type":"","width":"","height":""}],"twitter_card":"summary_large_image","twitter_misc":{"Estimated reading time":"2 minutes"},"schema":{"@context":"https:\/\/schema.org","@graph":[{"@type":"WebPage","@id":"https:\/\/vivaservice.de\/kontakt\/","url":"https:\/\/vivaservice.de\/kontakt\/","name":"Kontakt - viva-service AG","isPartOf":{"@id":"https:\/\/vivaservice.de\/#website"},"primaryImageOfPage":{"@id":"https:\/\/vivaservice.de\/kontakt\/#primaryimage"},"image":{"@id":"https:\/\/vivaservice.de\/kontakt\/#primaryimage"},"thumbnailUrl":"https:\/\/vivaservice.de\/wp-content\/uploads\/2022\/02\/email_icon-1024x670.png","datePublished":"2021-04-08T16:54:42+00:00","dateModified":"2024-08-12T17:26:43+00:00","description":"Kontakt zu viva-service AG und Kontakt zu vivafair das Ausschreibungsportal f\u00fcr Messest\u00e4nde. Kontaktiern vivagastroservice..","breadcrumb":{"@id":"https:\/\/vivaservice.de\/kontakt\/#breadcrumb"},"inLanguage":"en-GB","potentialAction":[{"@type":"ReadAction","target":["https:\/\/vivaservice.de\/kontakt\/"]}]},{"@type":"ImageObject","inLanguage":"en-GB","@id":"https:\/\/vivaservice.de\/kontakt\/#primaryimage","url":"https:\/\/vivaservice.de\/wp-content\/uploads\/2022\/02\/email_icon-1024x670.png","contentUrl":"https:\/\/vivaservice.de\/wp-content\/uploads\/2022\/02\/email_icon-1024x670.png"},{"@type":"BreadcrumbList","@id":"https:\/\/vivaservice.de\/kontakt\/#breadcrumb","itemListElement":[{"@type":"ListItem","position":1,"name":"Startseite","item":"https:\/\/vivaservice.de\/"},{"@type":"ListItem","position":2,"name":"Kontakt"}]},{"@type":"WebSite","@id":"https:\/\/vivaservice.de\/#website","url":"https:\/\/vivaservice.de\/","name":"viva-service AG","description":"","publisher":{"@id":"https:\/\/vivaservice.de\/#organization"},"potentialAction":[{"@type":"SearchAction","target":{"@type":"EntryPoint","urlTemplate":"https:\/\/vivaservice.de\/?s={search_term_string}"},"query-input":{"@type":"PropertyValueSpecification","valueRequired":true,"valueName":"search_term_string"}}],"inLanguage":"en-GB"},{"@type":"Organization","@id":"https:\/\/vivaservice.de\/#organization","name":"viva-service AG","url":"https:\/\/vivaservice.de\/","logo":{"@type":"ImageObject","inLanguage":"en-GB","@id":"https:\/\/vivaservice.de\/#\/schema\/logo\/image\/","url":"https:\/\/vivaservice.de\/wp-content\/uploads\/2025\/06\/cropped-Wort-Bildmarke_150px.png","contentUrl":"https:\/\/vivaservice.de\/wp-content\/uploads\/2025\/06\/cropped-Wort-Bildmarke_150px.png","width":151,"height":69,"caption":"viva-service AG"},"image":{"@id":"https:\/\/vivaservice.de\/#\/schema\/logo\/image\/"}}]}},"_links":{"self":[{"href":"https:\/\/vivaservice.de\/en\/wp-json\/wp\/v2\/pages\/68","targetHints":{"allow":["GET"]}}],"collection":[{"href":"https:\/\/vivaservice.de\/en\/wp-json\/wp\/v2\/pages"}],"about":[{"href":"https:\/\/vivaservice.de\/en\/wp-json\/wp\/v2\/types\/page"}],"author":[{"embeddable":true,"href":"https:\/\/vivaservice.de\/en\/wp-json\/wp\/v2\/users\/1"}],"replies":[{"embeddable":true,"href":"https:\/\/vivaservice.de\/en\/wp-json\/wp\/v2\/comments?post=68"}],"version-history":[{"count":121,"href":"https:\/\/vivaservice.de\/en\/wp-json\/wp\/v2\/pages\/68\/revisions"}],"predecessor-version":[{"id":4146,"href":"https:\/\/vivaservice.de\/en\/wp-json\/wp\/v2\/pages\/68\/revisions\/4146"}],"wp:attachment":[{"href":"https:\/\/vivaservice.de\/en\/wp-json\/wp\/v2\/media?parent=68"}],"curies":[{"name":"wp","href":"https:\/\/api.w.org\/{rel}","templated":true}]}}