{"id":61,"date":"2021-04-08T18:41:15","date_gmt":"2021-04-08T16:41:15","guid":{"rendered":"https:\/\/vivaservice.de\/viva_test_2\/?page_id=61"},"modified":"2022-05-13T22:04:04","modified_gmt":"2022-05-13T20:04:04","slug":"impressum","status":"publish","type":"page","link":"https:\/\/vivaservice.de\/en\/impressum\/","title":{"rendered":"Impressum"},"content":{"rendered":"<p class=\"impressum-adresse\"><strong>viva-service AG<\/strong><br>Fritz Reuter Str. 20<br>24229 Strande<\/p>\n\n\n\n<p class=\"impressum-telefon\">Tel.: 0431 55 68 5200<\/p>\n\n\n\n<p class=\"impressum-email\">E-Mail: formkontakt@vivaservice.de<\/p>\n\n\n\n<p class=\"impressum-nummern\">UST-ID: DE812957448<br>HRB: 7012, Kiel<\/p>\n\n\n\n<p class=\"impressum-vertretung\">Vertreten durch:<br>Michael M\u00fcnzer (Vorstand)<br>Dr. Erich M\u00fcnzer (Aufsichtsrat)<\/p>\n\n\n\n<p class=\"impressum-ende\">Gerichtsstand Kiel<\/p>\n\n\n\n<p class=\"impressum-rechtsbelehrung\"><strong>Rechtsbelehrung:<\/strong><br>viva-service AG pr\u00fcft und aktualisiert regelm\u00e4\u00dfig die Informationen dieser Webseiten. Trotz aller Sorgfalt k\u00f6nnen sich in der Zwischenzeit Daten jedoch ver\u00e4ndert haben. viva-service AG \u00fcbernimmt keine Gew\u00e4hr f\u00fcr die Aktualit\u00e4t, Richtigkeit und Vollst\u00e4ndigkeit der zur Verf\u00fcgung gestellten Informationen. Weiterhin \u00fcbernimmt der Herausgeber auch keine Haftung oder Garantie f\u00fcr den Inhalt von Webseiten, auf die www.vivaservice.de direkt oder indirekt verweist. Die User folgen diesen Verbindungen zu anderen Webseiten auf eigene Gefahr und nutzen diese gem\u00e4\u00df den geltenden Nutzungsbedingungen der jeweiligen Betreiber. Des Weiteren beh\u00e4lt sich die viva-service AG das Recht vor, \u00c4nderungen oder Erg\u00e4nzungen an bereitgestellten Informationen vorzunehmen. Der Inhalt dieser Webseiten ist urheberrechtlich gesch\u00fctzt. Die Verwertung von Texten, Textausschnitten, Bildmaterial oder Grafiken ist ohne der vorherigen, schriftlichen Zustimmung der viva-service AG nicht gestattet.<\/p>\n\n\n\n<p class=\"impressum-bildnachweis\"><strong>Bildnachweis:<\/strong><br>Das Bildmaterial wurde von fotolia.com, shutterstock.com und pixabay.com bezogen, sind eigene Bilder oder wurden von Lieferanten zur Verf\u00fcgung gestellt.<\/p>","protected":false},"excerpt":{"rendered":"<p>viva-service AGFritz Reuter Str. 2024229 Strande Tel.: 0431 55 68 5200 E-Mail: formkontakt@vivaservice.de UST-ID: DE812957448HRB: 7012, Kiel Vertreten durch:Michael M\u00fcnzer (Vorstand)Dr. Erich M\u00fcnzer (Aufsichtsrat) Gerichtsstand Kiel Rechtsbelehrung:viva-service AG pr\u00fcft und aktualisiert regelm\u00e4\u00dfig die Informationen dieser Webseiten. Trotz aller Sorgfalt k\u00f6nnen sich in der Zwischenzeit Daten jedoch ver\u00e4ndert haben. viva-service AG \u00fcbernimmt keine Gew\u00e4hr f\u00fcr die [&hellip;]<\/p>\n","protected":false},"author":1,"featured_media":0,"parent":0,"menu_order":0,"comment_status":"closed","ping_status":"closed","template":"","meta":{"footnotes":""},"class_list":["post-61","page","type-page","status-publish","hentry"],"yoast_head":"<!-- This site is optimized with the Yoast SEO plugin v27.4 - https:\/\/yoast.com\/product\/yoast-seo-wordpress\/ -->\n<title>Impressum - viva-service AG<\/title>\n<meta name=\"robots\" content=\"noindex, follow\" \/>\n<meta property=\"og:locale\" content=\"en_GB\" \/>\n<meta property=\"og:type\" content=\"article\" \/>\n<meta property=\"og:title\" content=\"Impressum - viva-service AG\" \/>\n<meta property=\"og:description\" content=\"viva-service AGFritz Reuter Str. 2024229 Strande Tel.: 0431 55 68 5200 E-Mail: formkontakt@vivaservice.de UST-ID: DE812957448HRB: 7012, Kiel Vertreten durch:Michael M\u00fcnzer (Vorstand)Dr. Erich M\u00fcnzer (Aufsichtsrat) Gerichtsstand Kiel Rechtsbelehrung:viva-service AG pr\u00fcft und aktualisiert regelm\u00e4\u00dfig die Informationen dieser Webseiten. Trotz aller Sorgfalt k\u00f6nnen sich in der Zwischenzeit Daten jedoch ver\u00e4ndert haben. viva-service AG \u00fcbernimmt keine Gew\u00e4hr f\u00fcr die [&hellip;]\" \/>\n<meta property=\"og:url\" content=\"https:\/\/vivaservice.de\/en\/impressum\/\" \/>\n<meta property=\"og:site_name\" content=\"viva-service AG\" \/>\n<meta property=\"article:modified_time\" content=\"2022-05-13T20:04:04+00:00\" \/>\n<meta name=\"twitter:card\" content=\"summary_large_image\" \/>\n<meta name=\"twitter:label1\" content=\"Estimated reading time\" \/>\n\t<meta name=\"twitter:data1\" content=\"1 minute\" \/>\n<script type=\"application\/ld+json\" class=\"yoast-schema-graph\">{\"@context\":\"https:\\\/\\\/schema.org\",\"@graph\":[{\"@type\":\"WebPage\",\"@id\":\"https:\\\/\\\/vivaservice.de\\\/impressum\\\/\",\"url\":\"https:\\\/\\\/vivaservice.de\\\/impressum\\\/\",\"name\":\"Impressum - viva-service AG\",\"isPartOf\":{\"@id\":\"https:\\\/\\\/vivaservice.de\\\/#website\"},\"datePublished\":\"2021-04-08T16:41:15+00:00\",\"dateModified\":\"2022-05-13T20:04:04+00:00\",\"breadcrumb\":{\"@id\":\"https:\\\/\\\/vivaservice.de\\\/impressum\\\/#breadcrumb\"},\"inLanguage\":\"en-GB\",\"potentialAction\":[{\"@type\":\"ReadAction\",\"target\":[\"https:\\\/\\\/vivaservice.de\\\/impressum\\\/\"]}]},{\"@type\":\"BreadcrumbList\",\"@id\":\"https:\\\/\\\/vivaservice.de\\\/impressum\\\/#breadcrumb\",\"itemListElement\":[{\"@type\":\"ListItem\",\"position\":1,\"name\":\"Startseite\",\"item\":\"https:\\\/\\\/vivaservice.de\\\/\"},{\"@type\":\"ListItem\",\"position\":2,\"name\":\"Impressum\"}]},{\"@type\":\"WebSite\",\"@id\":\"https:\\\/\\\/vivaservice.de\\\/#website\",\"url\":\"https:\\\/\\\/vivaservice.de\\\/\",\"name\":\"viva-service AG\",\"description\":\"\",\"publisher\":{\"@id\":\"https:\\\/\\\/vivaservice.de\\\/#organization\"},\"potentialAction\":[{\"@type\":\"SearchAction\",\"target\":{\"@type\":\"EntryPoint\",\"urlTemplate\":\"https:\\\/\\\/vivaservice.de\\\/?s={search_term_string}\"},\"query-input\":{\"@type\":\"PropertyValueSpecification\",\"valueRequired\":true,\"valueName\":\"search_term_string\"}}],\"inLanguage\":\"en-GB\"},{\"@type\":\"Organization\",\"@id\":\"https:\\\/\\\/vivaservice.de\\\/#organization\",\"name\":\"viva-service AG\",\"url\":\"https:\\\/\\\/vivaservice.de\\\/\",\"logo\":{\"@type\":\"ImageObject\",\"inLanguage\":\"en-GB\",\"@id\":\"https:\\\/\\\/vivaservice.de\\\/#\\\/schema\\\/logo\\\/image\\\/\",\"url\":\"https:\\\/\\\/vivaservice.de\\\/wp-content\\\/uploads\\\/2025\\\/06\\\/cropped-Wort-Bildmarke_150px.png\",\"contentUrl\":\"https:\\\/\\\/vivaservice.de\\\/wp-content\\\/uploads\\\/2025\\\/06\\\/cropped-Wort-Bildmarke_150px.png\",\"width\":151,\"height\":69,\"caption\":\"viva-service AG\"},\"image\":{\"@id\":\"https:\\\/\\\/vivaservice.de\\\/#\\\/schema\\\/logo\\\/image\\\/\"}}]}<\/script>\n<!-- \/ Yoast SEO plugin. -->","yoast_head_json":{"title":"Impressum - viva-service AG","robots":{"index":"noindex","follow":"follow"},"og_locale":"en_GB","og_type":"article","og_title":"Impressum - viva-service AG","og_description":"viva-service AGFritz Reuter Str. 2024229 Strande Tel.: 0431 55 68 5200 E-Mail: formkontakt@vivaservice.de UST-ID: DE812957448HRB: 7012, Kiel Vertreten durch:Michael M\u00fcnzer (Vorstand)Dr. Erich M\u00fcnzer (Aufsichtsrat) Gerichtsstand Kiel Rechtsbelehrung:viva-service AG pr\u00fcft und aktualisiert regelm\u00e4\u00dfig die Informationen dieser Webseiten. Trotz aller Sorgfalt k\u00f6nnen sich in der Zwischenzeit Daten jedoch ver\u00e4ndert haben. viva-service AG \u00fcbernimmt keine Gew\u00e4hr f\u00fcr die [&hellip;]","og_url":"https:\/\/vivaservice.de\/en\/impressum\/","og_site_name":"viva-service AG","article_modified_time":"2022-05-13T20:04:04+00:00","twitter_card":"summary_large_image","twitter_misc":{"Estimated reading time":"1 minute"},"schema":{"@context":"https:\/\/schema.org","@graph":[{"@type":"WebPage","@id":"https:\/\/vivaservice.de\/impressum\/","url":"https:\/\/vivaservice.de\/impressum\/","name":"Impressum - viva-service AG","isPartOf":{"@id":"https:\/\/vivaservice.de\/#website"},"datePublished":"2021-04-08T16:41:15+00:00","dateModified":"2022-05-13T20:04:04+00:00","breadcrumb":{"@id":"https:\/\/vivaservice.de\/impressum\/#breadcrumb"},"inLanguage":"en-GB","potentialAction":[{"@type":"ReadAction","target":["https:\/\/vivaservice.de\/impressum\/"]}]},{"@type":"BreadcrumbList","@id":"https:\/\/vivaservice.de\/impressum\/#breadcrumb","itemListElement":[{"@type":"ListItem","position":1,"name":"Startseite","item":"https:\/\/vivaservice.de\/"},{"@type":"ListItem","position":2,"name":"Impressum"}]},{"@type":"WebSite","@id":"https:\/\/vivaservice.de\/#website","url":"https:\/\/vivaservice.de\/","name":"viva-service AG","description":"","publisher":{"@id":"https:\/\/vivaservice.de\/#organization"},"potentialAction":[{"@type":"SearchAction","target":{"@type":"EntryPoint","urlTemplate":"https:\/\/vivaservice.de\/?s={search_term_string}"},"query-input":{"@type":"PropertyValueSpecification","valueRequired":true,"valueName":"search_term_string"}}],"inLanguage":"en-GB"},{"@type":"Organization","@id":"https:\/\/vivaservice.de\/#organization","name":"viva-service AG","url":"https:\/\/vivaservice.de\/","logo":{"@type":"ImageObject","inLanguage":"en-GB","@id":"https:\/\/vivaservice.de\/#\/schema\/logo\/image\/","url":"https:\/\/vivaservice.de\/wp-content\/uploads\/2025\/06\/cropped-Wort-Bildmarke_150px.png","contentUrl":"https:\/\/vivaservice.de\/wp-content\/uploads\/2025\/06\/cropped-Wort-Bildmarke_150px.png","width":151,"height":69,"caption":"viva-service AG"},"image":{"@id":"https:\/\/vivaservice.de\/#\/schema\/logo\/image\/"}}]}},"_links":{"self":[{"href":"https:\/\/vivaservice.de\/en\/wp-json\/wp\/v2\/pages\/61","targetHints":{"allow":["GET"]}}],"collection":[{"href":"https:\/\/vivaservice.de\/en\/wp-json\/wp\/v2\/pages"}],"about":[{"href":"https:\/\/vivaservice.de\/en\/wp-json\/wp\/v2\/types\/page"}],"author":[{"embeddable":true,"href":"https:\/\/vivaservice.de\/en\/wp-json\/wp\/v2\/users\/1"}],"replies":[{"embeddable":true,"href":"https:\/\/vivaservice.de\/en\/wp-json\/wp\/v2\/comments?post=61"}],"version-history":[{"count":12,"href":"https:\/\/vivaservice.de\/en\/wp-json\/wp\/v2\/pages\/61\/revisions"}],"predecessor-version":[{"id":2954,"href":"https:\/\/vivaservice.de\/en\/wp-json\/wp\/v2\/pages\/61\/revisions\/2954"}],"wp:attachment":[{"href":"https:\/\/vivaservice.de\/en\/wp-json\/wp\/v2\/media?parent=61"}],"curies":[{"name":"wp","href":"https:\/\/api.w.org\/{rel}","templated":true}]}}