{"id":2326,"date":"2022-03-17T12:19:13","date_gmt":"2022-03-17T11:19:13","guid":{"rendered":"https:\/\/vivaservice.de\/?page_id=2326"},"modified":"2022-05-02T14:23:35","modified_gmt":"2022-05-02T12:23:35","slug":"ausschreibung-messestand-standbau-messebau-behoerden-verbaende-agentuern","status":"publish","type":"page","link":"https:\/\/vivaservice.de\/en\/ausschreibung-messestand-standbau-messebau-behoerden-verbaende-agentuern\/","title":{"rendered":"Ausschreibung von Messest\u00e4nden, Standbau, Messebau f\u00fcr Beh\u00f6rden, Verb\u00e4nde und Agenturen"},"content":{"rendered":"<div class=\"wp-block-image\"><figure class=\"aligncenter size-full\"><img decoding=\"async\" src=\"https:\/\/vivaservice.de\/wp-content\/uploads\/2022\/04\/vivafair_stand_02.jpg\" alt=\"gro\u00dfer Messestand\" class=\"wp-image-2816\"\/><\/figure><\/div>\n\n\n\n<h3 class=\"has-text-align-center mobile-hide wp-block-heading\">Mit einer Ausschreibung auf dem Ausschreibungsportal vivafair bis zu drei Angebote f\u00fcr Messest\u00e4nde, Standbau und Messebau erhalten. Ein kostenloser Service f\u00fcr Beh\u00f6rden, Verb\u00e4nde und Agenturen von vivafair.<\/h3>\n\n\n\n<div style=\"height:45px\" aria-hidden=\"true\" class=\"wp-block-spacer\"><\/div>\n\n\n\n<div class=\"wp-block-columns is-layout-flex wp-container-core-columns-is-layout-9d6595d7 wp-block-columns-is-layout-flex\">\n<div class=\"wp-block-column mobile-hide is-layout-flow wp-block-column-is-layout-flow\" style=\"flex-basis:20%\">\n<figure class=\"wp-block-image size-large is-resized\"><img loading=\"lazy\" decoding=\"async\" src=\"https:\/\/vivaservice.de\/wp-content\/uploads\/2022\/03\/messebauregister_formular-816x1024.png\" alt=\"\" class=\"wp-image-2335\" width=\"154\" height=\"194\" srcset=\"https:\/\/vivaservice.de\/wp-content\/uploads\/2022\/03\/messebauregister_formular-816x1024.png 816w, https:\/\/vivaservice.de\/wp-content\/uploads\/2022\/03\/messebauregister_formular-239x300.png 239w, https:\/\/vivaservice.de\/wp-content\/uploads\/2022\/03\/messebauregister_formular-768x964.png 768w, https:\/\/vivaservice.de\/wp-content\/uploads\/2022\/03\/messebauregister_formular-10x12.png 10w, https:\/\/vivaservice.de\/wp-content\/uploads\/2022\/03\/messebauregister_formular-319x400.png 319w, https:\/\/vivaservice.de\/wp-content\/uploads\/2022\/03\/messebauregister_formular-80x100.png 80w, https:\/\/vivaservice.de\/wp-content\/uploads\/2022\/03\/messebauregister_formular.png 913w\" sizes=\"auto, (max-width: 154px) 100vw, 154px\" \/><\/figure>\n<\/div>\n\n\n\n<div class=\"wp-block-column is-layout-flow wp-block-column-is-layout-flow\" style=\"flex-basis:92.5%\">\n<h3 class=\"wp-block-heading\">Mit einer Ausschreibung bis zu drei Angebote f\u00fcr Messestand, Standbau und Messebau erhalten<\/h3>\n\n\n\n<p style=\"font-size:17px\">Sie planen Ihren Messeauftritt f\u00fcr eine Beh\u00f6rde, Verband oder K\u00f6rperschaft \u00f6ffentlichen Rechts und m\u00fcssen laut Vergaberecht Ihren Messestand ausschreiben? Das Gleiche gilt f\u00fcr Agenturen, die Ihrem Auftraggeber bis zu drei Angebote vorlegen m\u00fcssen. vivafair hilft Ihnen mit einer Ausschreibung v\u00f6llig kostenlos und unverbindlich bis zu drei Angebote zu erhalten.<\/p>\n\n\n\n<div style=\"height:45px\" aria-hidden=\"true\" class=\"wp-block-spacer\"><\/div>\n<\/div>\n<\/div>\n\n\n\n<div class=\"wp-block-columns is-layout-flex wp-container-core-columns-is-layout-9d6595d7 wp-block-columns-is-layout-flex\">\n<div class=\"wp-block-column mobile-hide is-layout-flow wp-block-column-is-layout-flow\" style=\"flex-basis:20%\">\n<div style=\"height:45px\" aria-hidden=\"true\" class=\"wp-block-spacer\"><\/div>\n\n\n\n<figure class=\"wp-block-image size-large is-resized\"><img loading=\"lazy\" decoding=\"async\" src=\"https:\/\/vivaservice.de\/wp-content\/uploads\/2022\/04\/teilnahme_ausschreibung-1024x912.png\" alt=\"\" class=\"wp-image-2899\" width=\"154\" height=\"137\" srcset=\"https:\/\/vivaservice.de\/wp-content\/uploads\/2022\/04\/teilnahme_ausschreibung-1024x912.png 1024w, https:\/\/vivaservice.de\/wp-content\/uploads\/2022\/04\/teilnahme_ausschreibung-300x267.png 300w, https:\/\/vivaservice.de\/wp-content\/uploads\/2022\/04\/teilnahme_ausschreibung-768x684.png 768w, https:\/\/vivaservice.de\/wp-content\/uploads\/2022\/04\/teilnahme_ausschreibung-1600x1425.png 1600w, https:\/\/vivaservice.de\/wp-content\/uploads\/2022\/04\/teilnahme_ausschreibung-1536x1368.png 1536w, https:\/\/vivaservice.de\/wp-content\/uploads\/2022\/04\/teilnahme_ausschreibung-13x12.png 13w, https:\/\/vivaservice.de\/wp-content\/uploads\/2022\/04\/teilnahme_ausschreibung-449x400.png 449w, https:\/\/vivaservice.de\/wp-content\/uploads\/2022\/04\/teilnahme_ausschreibung-100x89.png 100w, https:\/\/vivaservice.de\/wp-content\/uploads\/2022\/04\/teilnahme_ausschreibung.png 1944w\" sizes=\"auto, (max-width: 154px) 100vw, 154px\" \/><\/figure>\n<\/div>\n\n\n\n<div class=\"wp-block-column is-layout-flow wp-block-column-is-layout-flow\" style=\"flex-basis:92.5%\">\n<h3 class=\"wp-block-heading\">Im ersten Schritt: Ausschreibung f\u00fcr Messestand erstellen<\/h3>\n\n\n\n<p style=\"font-size:17px\">Erstellen Sie eine Ausschreibung auf <strong><a href=\"https:\/\/www.vivafair.com\/neue-messestand-ausschreibung\"><mark style=\"background-color:rgba(0, 0, 0, 0)\" class=\"has-inline-color has-vivafair-color\">vivafair<\/mark><\/a><\/strong> und erhalten Sie bis zu drei Angebote f\u00fcr den geplanten Messestand aus unserem Netzwerk an Messebauunternehmen.<\/p>\n\n\n\n<p style=\"font-size:17px\">vivafair hilft Ihnen bei der Erstellung einer Ausschreibung f\u00fcr Ihren Messestand durch unser standardisiertes Ausschreibungsformular. Das Formular fragt die wesentlichen Aspekte eines Messestandes ab. Ben\u00f6tigen Sie weitere Hilfe bei der Planung Ihres Messeauftritts nutzen Sie unseren <a href=\"https:\/\/www.vivafair.com\/artikelseiten\">Messeratgeber<\/a> oder kontaktieren Sie uns.<\/p>\n\n\n\n<p style=\"font-size:17px\">Sie k\u00f6nnen die Ausschreibung f\u00fcr den Messestand durch zus\u00e4tzliche Dokumente, Skizzen und Bilder erg\u00e4nzen.  Nach Erstellung der Ausschreibung erfolgt die Pr\u00fcfung der Ausschreibung durch unser Team.<\/p>\n<\/div>\n<\/div>\n\n\n\n<div style=\"height:45px\" aria-hidden=\"true\" class=\"wp-block-spacer\"><\/div>\n\n\n\n<div class=\"wp-block-columns is-layout-flex wp-container-core-columns-is-layout-9d6595d7 wp-block-columns-is-layout-flex\">\n<div class=\"wp-block-column mobile-hide is-layout-flow wp-block-column-is-layout-flow\" style=\"flex-basis:20%\">\n<figure class=\"wp-block-image size-large is-resized\"><img loading=\"lazy\" decoding=\"async\" src=\"https:\/\/vivaservice.de\/wp-content\/uploads\/2022\/02\/email_icon-1024x670.png\" alt=\"\" class=\"wp-image-2038\" width=\"154\" height=\"101\" srcset=\"https:\/\/vivaservice.de\/wp-content\/uploads\/2022\/02\/email_icon-1024x670.png 1024w, https:\/\/vivaservice.de\/wp-content\/uploads\/2022\/02\/email_icon-300x196.png 300w, https:\/\/vivaservice.de\/wp-content\/uploads\/2022\/02\/email_icon-768x502.png 768w, https:\/\/vivaservice.de\/wp-content\/uploads\/2022\/02\/email_icon-1600x1046.png 1600w, https:\/\/vivaservice.de\/wp-content\/uploads\/2022\/02\/email_icon-1536x1004.png 1536w, https:\/\/vivaservice.de\/wp-content\/uploads\/2022\/02\/email_icon-18x12.png 18w, https:\/\/vivaservice.de\/wp-content\/uploads\/2022\/02\/email_icon-612x400.png 612w, https:\/\/vivaservice.de\/wp-content\/uploads\/2022\/02\/email_icon-100x65.png 100w, https:\/\/vivaservice.de\/wp-content\/uploads\/2022\/02\/email_icon.png 1679w\" sizes=\"auto, (max-width: 154px) 100vw, 154px\" \/><\/figure>\n<\/div>\n\n\n\n<div class=\"wp-block-column is-layout-flow wp-block-column-is-layout-flow\" style=\"flex-basis:92.5%\">\n<h3 class=\"wp-block-heading\">Im zweiten Schritt: Pr\u00fcfung und Versand der Ausschreibung an Standbauunternehmen<\/h3>\n\n\n\n<p style=\"font-size:17px\">Nach Pr\u00fcfung der Ausschreibung f\u00fcr den Messebau durch unser Team, erfolgt der anonymisierte Versand der Ausschreibung f\u00fcr den Standbau an unsere Messebauer. Bei Unklarheiten und R\u00fcckfragen meldet sich unser Team bei Ihnen, um diese im Vorfeld zu kl\u00e4ren.   <\/p>\n<\/div>\n<\/div>\n\n\n\n<div style=\"height:45px\" aria-hidden=\"true\" class=\"wp-block-spacer\"><\/div>\n\n\n\n<div class=\"wp-block-columns is-layout-flex wp-container-core-columns-is-layout-9d6595d7 wp-block-columns-is-layout-flex\">\n<div class=\"wp-block-column mobile-hide is-layout-flow wp-block-column-is-layout-flow\" style=\"flex-basis:20%\">\n<figure class=\"wp-block-image size-full is-resized\"><img loading=\"lazy\" decoding=\"async\" src=\"https:\/\/vivaservice.de\/wp-content\/uploads\/2021\/07\/schild-gepruft.png\" alt=\"\" class=\"wp-image-814\" width=\"154\" height=\"154\" srcset=\"https:\/\/vivaservice.de\/wp-content\/uploads\/2021\/07\/schild-gepruft.png 512w, https:\/\/vivaservice.de\/wp-content\/uploads\/2021\/07\/schild-gepruft-300x300.png 300w, https:\/\/vivaservice.de\/wp-content\/uploads\/2021\/07\/schild-gepruft-150x150.png 150w, https:\/\/vivaservice.de\/wp-content\/uploads\/2021\/07\/schild-gepruft-12x12.png 12w, https:\/\/vivaservice.de\/wp-content\/uploads\/2021\/07\/schild-gepruft-400x400.png 400w, https:\/\/vivaservice.de\/wp-content\/uploads\/2021\/07\/schild-gepruft-100x100.png 100w\" sizes=\"auto, (max-width: 154px) 100vw, 154px\" \/><\/figure>\n<\/div>\n\n\n\n<div class=\"wp-block-column is-layout-flow wp-block-column-is-layout-flow\" style=\"flex-basis:92.5%\">\n<h3 class=\"wp-block-heading\">Im dritten Schritt: Angebotserstellung durch die Messebauunternehmen<\/h3>\n\n\n\n<p style=\"font-size:17px\">Die Messebauer pr\u00fcfen die Unterlagen und Ihre Standbaukapazit\u00e4ten, um sich dann f\u00fcr die Teilnahme an der Ausschreibung zu entscheiden. Nach R\u00fccksprache mit Ihnen kalkulieren Sie den Aufwand f\u00fcr den Standbau und geben Ihre Angebote f\u00fcr den Messestand ab. <\/p>\n<\/div>\n<\/div>\n\n\n\n<div style=\"height:45px\" aria-hidden=\"true\" class=\"wp-block-spacer\"><\/div>\n\n\n\n<div class=\"wp-block-columns is-layout-flex wp-container-core-columns-is-layout-9d6595d7 wp-block-columns-is-layout-flex\">\n<div class=\"wp-block-column mobile-hide is-layout-flow wp-block-column-is-layout-flow\" style=\"flex-basis:20%\">\n<figure class=\"wp-block-image size-large is-resized\"><img loading=\"lazy\" decoding=\"async\" src=\"https:\/\/vivaservice.de\/wp-content\/uploads\/2022\/03\/haende-1024x613.png\" alt=\"\" class=\"wp-image-2433\" width=\"154\" height=\"92\" srcset=\"https:\/\/vivaservice.de\/wp-content\/uploads\/2022\/03\/haende-1024x613.png 1024w, https:\/\/vivaservice.de\/wp-content\/uploads\/2022\/03\/haende-300x180.png 300w, https:\/\/vivaservice.de\/wp-content\/uploads\/2022\/03\/haende-768x460.png 768w, https:\/\/vivaservice.de\/wp-content\/uploads\/2022\/03\/haende-1600x958.png 1600w, https:\/\/vivaservice.de\/wp-content\/uploads\/2022\/03\/haende-1536x919.png 1536w, https:\/\/vivaservice.de\/wp-content\/uploads\/2022\/03\/haende-18x12.png 18w, https:\/\/vivaservice.de\/wp-content\/uploads\/2022\/03\/haende-668x400.png 668w, https:\/\/vivaservice.de\/wp-content\/uploads\/2022\/03\/haende-100x60.png 100w, https:\/\/vivaservice.de\/wp-content\/uploads\/2022\/03\/haende.png 1920w\" sizes=\"auto, (max-width: 154px) 100vw, 154px\" \/><\/figure>\n<\/div>\n\n\n\n<div class=\"wp-block-column is-layout-flow wp-block-column-is-layout-flow\" style=\"flex-basis:92.5%\">\n<h3 class=\"wp-block-heading\">Im vierten Schritt: Vergleich der Angebote f\u00fcr Messest\u00e4nde, Messebau und Standbau &amp; geeigneten Messebauer ausw\u00e4hlen<\/h3>\n\n\n\n<p style=\"font-size:17px\">Sie vergleichen die Messebauangebote und w\u00e4hlen den f\u00fcr Sie geeignetsten Messebauer aus. Sie sparen durch die Nutzung von vivafair Zeit und Geld. <\/p>\n<\/div>\n<\/div>\n\n\n\n<div style=\"height:45px\" aria-hidden=\"true\" class=\"wp-block-spacer\"><\/div>\n\n\n\n<div class=\"wp-block-columns is-layout-flex wp-container-core-columns-is-layout-9d6595d7 wp-block-columns-is-layout-flex\">\n<div class=\"wp-block-column mobile-hide is-layout-flow wp-block-column-is-layout-flow\" style=\"flex-basis:20%\">\n<figure class=\"wp-block-image size-full is-resized\"><img loading=\"lazy\" decoding=\"async\" src=\"https:\/\/vivaservice.de\/wp-content\/uploads\/2022\/04\/vivafair_stand_03.jpg\" alt=\"Messestand\" class=\"wp-image-2866\" width=\"159\" height=\"117\" srcset=\"https:\/\/vivaservice.de\/wp-content\/uploads\/2022\/04\/vivafair_stand_03.jpg 686w, https:\/\/vivaservice.de\/wp-content\/uploads\/2022\/04\/vivafair_stand_03-300x222.jpg 300w, https:\/\/vivaservice.de\/wp-content\/uploads\/2022\/04\/vivafair_stand_03-16x12.jpg 16w, https:\/\/vivaservice.de\/wp-content\/uploads\/2022\/04\/vivafair_stand_03-540x400.jpg 540w, https:\/\/vivaservice.de\/wp-content\/uploads\/2022\/04\/vivafair_stand_03-100x74.jpg 100w\" sizes=\"auto, (max-width: 159px) 100vw, 159px\" \/><\/figure>\n<\/div>\n\n\n\n<div class=\"wp-block-column is-layout-flow wp-block-column-is-layout-flow\" style=\"flex-basis:92.5%\">\n<h3 class=\"wp-block-heading\">Im f\u00fcnften Schritt: Erfolgreicher Messeauftritt <\/h3>\n\n\n\n<p style=\"font-size:17px\">Ist der Messestand durch das Messebauunternehmen aufgebaut und vom Aussteller abgenommen, kommt die Einrichtung und der Bezug des Messestandes durch den Aussteller.<\/p>\n<\/div>\n<\/div>\n\n\n\n<div style=\"height:45px\" aria-hidden=\"true\" class=\"wp-block-spacer\"><\/div>\n\n\n\n<div class=\"wp-block-buttons is-layout-flex wp-block-buttons-is-layout-flex\">\n<div class=\"wp-block-button\"><a class=\"wp-block-button__link\" href=\"https:\/\/www.vivafair.com\/neue-messestand-ausschreibung\" style=\"border-radius:15px\" target=\"_blank\" rel=\"noreferrer noopener\">Ausschreibung Messestand, Standbau f\u00fcr Beh\u00f6rden, Verb\u00e4nde und Agenturen starten<\/a><\/div>\n<\/div>\n\n\n\n<div style=\"height:45px\" aria-hidden=\"true\" class=\"wp-block-spacer\"><\/div>\n\n\n\n<div class=\"wp-block-buttons is-layout-flex wp-block-buttons-is-layout-flex\">\n<div class=\"wp-block-button\"><a class=\"wp-block-button__link\" href=\"https:\/\/vivaservice.de\/en\/#vivafair\" style=\"border-radius:15px\">zur\u00fcck<\/a><\/div>\n<\/div>","protected":false},"excerpt":{"rendered":"<p>Mit einer Ausschreibung auf dem Ausschreibungsportal vivafair bis zu drei Angebote f\u00fcr Messest\u00e4nde, Standbau und Messebau erhalten. Ein kostenloser Service f\u00fcr Beh\u00f6rden, Verb\u00e4nde und Agenturen von vivafair. Mit einer Ausschreibung bis zu drei Angebote f\u00fcr Messestand, Standbau und Messebau erhalten Sie planen Ihren Messeauftritt f\u00fcr eine Beh\u00f6rde, Verband oder K\u00f6rperschaft \u00f6ffentlichen Rechts und m\u00fcssen laut [&hellip;]<\/p>\n","protected":false},"author":1,"featured_media":0,"parent":0,"menu_order":0,"comment_status":"closed","ping_status":"closed","template":"","meta":{"footnotes":""},"class_list":["post-2326","page","type-page","status-publish","hentry"],"yoast_head":"<!-- This site is optimized with the Yoast SEO plugin v27.4 - https:\/\/yoast.com\/product\/yoast-seo-wordpress\/ -->\n<title>Ausschreibung von Messest\u00e4nden, Standbau, Messebau f\u00fcr Beh\u00f6rden, Verb\u00e4nde und Agenturen - viva-service AG % %<\/title>\n<meta name=\"description\" content=\"Ausschreibung von Messest\u00e4nden, Standbau, Messsebau f\u00fcr Beh\u00f6rden, K\u00f6rperschaften \u00f6ffentlichen Rechts, Verb\u00e4nde und Agenturen. Bis zu drei Angebote erhalten.\" \/>\n<meta name=\"robots\" content=\"index, follow, max-snippet:-1, max-image-preview:large, max-video-preview:-1\" \/>\n<link rel=\"canonical\" href=\"https:\/\/vivaservice.de\/en\/ausschreibung-messestand-standbau-messebau-behoerden-verbaende-agentuern\/\" \/>\n<meta property=\"og:locale\" content=\"en_GB\" \/>\n<meta property=\"og:type\" content=\"article\" \/>\n<meta property=\"og:title\" content=\"Ausschreibung von Messest\u00e4nden, Standbau, Messebau f\u00fcr Beh\u00f6rden, Verb\u00e4nde und Agenturen - viva-service AG % %\" \/>\n<meta property=\"og:description\" content=\"Ausschreibung von Messest\u00e4nden, Standbau, Messsebau f\u00fcr Beh\u00f6rden, K\u00f6rperschaften \u00f6ffentlichen Rechts, Verb\u00e4nde und Agenturen. Bis zu drei Angebote erhalten.\" \/>\n<meta property=\"og:url\" content=\"https:\/\/vivaservice.de\/en\/ausschreibung-messestand-standbau-messebau-behoerden-verbaende-agentuern\/\" \/>\n<meta property=\"og:site_name\" content=\"viva-service AG\" \/>\n<meta property=\"article:modified_time\" content=\"2022-05-02T12:23:35+00:00\" \/>\n<meta property=\"og:image\" content=\"https:\/\/vivaservice.de\/wp-content\/uploads\/2022\/04\/vivafair_stand_02.jpg\" \/>\n<meta name=\"twitter:card\" content=\"summary_large_image\" \/>\n<meta name=\"twitter:label1\" content=\"Estimated reading time\" \/>\n\t<meta name=\"twitter:data1\" content=\"4 minutes\" \/>\n<script type=\"application\/ld+json\" class=\"yoast-schema-graph\">{\"@context\":\"https:\\\/\\\/schema.org\",\"@graph\":[{\"@type\":\"WebPage\",\"@id\":\"https:\\\/\\\/vivaservice.de\\\/ausschreibung-messestand-standbau-messebau-behoerden-verbaende-agentuern\\\/\",\"url\":\"https:\\\/\\\/vivaservice.de\\\/ausschreibung-messestand-standbau-messebau-behoerden-verbaende-agentuern\\\/\",\"name\":\"Ausschreibung von Messest\u00e4nden, Standbau, Messebau f\u00fcr Beh\u00f6rden, Verb\u00e4nde und Agenturen - viva-service AG % %\",\"isPartOf\":{\"@id\":\"https:\\\/\\\/vivaservice.de\\\/#website\"},\"primaryImageOfPage\":{\"@id\":\"https:\\\/\\\/vivaservice.de\\\/ausschreibung-messestand-standbau-messebau-behoerden-verbaende-agentuern\\\/#primaryimage\"},\"image\":{\"@id\":\"https:\\\/\\\/vivaservice.de\\\/ausschreibung-messestand-standbau-messebau-behoerden-verbaende-agentuern\\\/#primaryimage\"},\"thumbnailUrl\":\"https:\\\/\\\/vivaservice.de\\\/wp-content\\\/uploads\\\/2022\\\/04\\\/vivafair_stand_02.jpg\",\"datePublished\":\"2022-03-17T11:19:13+00:00\",\"dateModified\":\"2022-05-02T12:23:35+00:00\",\"description\":\"Ausschreibung von Messest\u00e4nden, Standbau, Messsebau f\u00fcr Beh\u00f6rden, K\u00f6rperschaften \u00f6ffentlichen Rechts, Verb\u00e4nde und Agenturen. Bis zu drei Angebote erhalten.\",\"breadcrumb\":{\"@id\":\"https:\\\/\\\/vivaservice.de\\\/ausschreibung-messestand-standbau-messebau-behoerden-verbaende-agentuern\\\/#breadcrumb\"},\"inLanguage\":\"en-GB\",\"potentialAction\":[{\"@type\":\"ReadAction\",\"target\":[\"https:\\\/\\\/vivaservice.de\\\/ausschreibung-messestand-standbau-messebau-behoerden-verbaende-agentuern\\\/\"]}]},{\"@type\":\"ImageObject\",\"inLanguage\":\"en-GB\",\"@id\":\"https:\\\/\\\/vivaservice.de\\\/ausschreibung-messestand-standbau-messebau-behoerden-verbaende-agentuern\\\/#primaryimage\",\"url\":\"https:\\\/\\\/vivaservice.de\\\/wp-content\\\/uploads\\\/2022\\\/04\\\/vivafair_stand_02.jpg\",\"contentUrl\":\"https:\\\/\\\/vivaservice.de\\\/wp-content\\\/uploads\\\/2022\\\/04\\\/vivafair_stand_02.jpg\"},{\"@type\":\"BreadcrumbList\",\"@id\":\"https:\\\/\\\/vivaservice.de\\\/ausschreibung-messestand-standbau-messebau-behoerden-verbaende-agentuern\\\/#breadcrumb\",\"itemListElement\":[{\"@type\":\"ListItem\",\"position\":1,\"name\":\"Startseite\",\"item\":\"https:\\\/\\\/vivaservice.de\\\/\"},{\"@type\":\"ListItem\",\"position\":2,\"name\":\"Ausschreibung von Messest\u00e4nden, Standbau, Messebau f\u00fcr Beh\u00f6rden, Verb\u00e4nde und Agenturen\"}]},{\"@type\":\"WebSite\",\"@id\":\"https:\\\/\\\/vivaservice.de\\\/#website\",\"url\":\"https:\\\/\\\/vivaservice.de\\\/\",\"name\":\"viva-service AG\",\"description\":\"\",\"publisher\":{\"@id\":\"https:\\\/\\\/vivaservice.de\\\/#organization\"},\"potentialAction\":[{\"@type\":\"SearchAction\",\"target\":{\"@type\":\"EntryPoint\",\"urlTemplate\":\"https:\\\/\\\/vivaservice.de\\\/?s={search_term_string}\"},\"query-input\":{\"@type\":\"PropertyValueSpecification\",\"valueRequired\":true,\"valueName\":\"search_term_string\"}}],\"inLanguage\":\"en-GB\"},{\"@type\":\"Organization\",\"@id\":\"https:\\\/\\\/vivaservice.de\\\/#organization\",\"name\":\"viva-service AG\",\"url\":\"https:\\\/\\\/vivaservice.de\\\/\",\"logo\":{\"@type\":\"ImageObject\",\"inLanguage\":\"en-GB\",\"@id\":\"https:\\\/\\\/vivaservice.de\\\/#\\\/schema\\\/logo\\\/image\\\/\",\"url\":\"https:\\\/\\\/vivaservice.de\\\/wp-content\\\/uploads\\\/2025\\\/06\\\/cropped-Wort-Bildmarke_150px.png\",\"contentUrl\":\"https:\\\/\\\/vivaservice.de\\\/wp-content\\\/uploads\\\/2025\\\/06\\\/cropped-Wort-Bildmarke_150px.png\",\"width\":151,\"height\":69,\"caption\":\"viva-service AG\"},\"image\":{\"@id\":\"https:\\\/\\\/vivaservice.de\\\/#\\\/schema\\\/logo\\\/image\\\/\"}}]}<\/script>\n<!-- \/ Yoast SEO plugin. -->","yoast_head_json":{"title":"Ausschreibung von Messest\u00e4nden, Standbau, Messebau f\u00fcr Beh\u00f6rden, Verb\u00e4nde und Agenturen - viva-service AG % %","description":"Ausschreibung von Messest\u00e4nden, Standbau, Messsebau f\u00fcr Beh\u00f6rden, K\u00f6rperschaften \u00f6ffentlichen Rechts, Verb\u00e4nde und Agenturen. Bis zu drei Angebote erhalten.","robots":{"index":"index","follow":"follow","max-snippet":"max-snippet:-1","max-image-preview":"max-image-preview:large","max-video-preview":"max-video-preview:-1"},"canonical":"https:\/\/vivaservice.de\/en\/ausschreibung-messestand-standbau-messebau-behoerden-verbaende-agentuern\/","og_locale":"en_GB","og_type":"article","og_title":"Ausschreibung von Messest\u00e4nden, Standbau, Messebau f\u00fcr Beh\u00f6rden, Verb\u00e4nde und Agenturen - viva-service AG % %","og_description":"Ausschreibung von Messest\u00e4nden, Standbau, Messsebau f\u00fcr Beh\u00f6rden, K\u00f6rperschaften \u00f6ffentlichen Rechts, Verb\u00e4nde und Agenturen. Bis zu drei Angebote erhalten.","og_url":"https:\/\/vivaservice.de\/en\/ausschreibung-messestand-standbau-messebau-behoerden-verbaende-agentuern\/","og_site_name":"viva-service AG","article_modified_time":"2022-05-02T12:23:35+00:00","og_image":[{"url":"https:\/\/vivaservice.de\/wp-content\/uploads\/2022\/04\/vivafair_stand_02.jpg","type":"","width":"","height":""}],"twitter_card":"summary_large_image","twitter_misc":{"Estimated reading time":"4 minutes"},"schema":{"@context":"https:\/\/schema.org","@graph":[{"@type":"WebPage","@id":"https:\/\/vivaservice.de\/ausschreibung-messestand-standbau-messebau-behoerden-verbaende-agentuern\/","url":"https:\/\/vivaservice.de\/ausschreibung-messestand-standbau-messebau-behoerden-verbaende-agentuern\/","name":"Ausschreibung von Messest\u00e4nden, Standbau, Messebau f\u00fcr Beh\u00f6rden, Verb\u00e4nde und Agenturen - viva-service AG % %","isPartOf":{"@id":"https:\/\/vivaservice.de\/#website"},"primaryImageOfPage":{"@id":"https:\/\/vivaservice.de\/ausschreibung-messestand-standbau-messebau-behoerden-verbaende-agentuern\/#primaryimage"},"image":{"@id":"https:\/\/vivaservice.de\/ausschreibung-messestand-standbau-messebau-behoerden-verbaende-agentuern\/#primaryimage"},"thumbnailUrl":"https:\/\/vivaservice.de\/wp-content\/uploads\/2022\/04\/vivafair_stand_02.jpg","datePublished":"2022-03-17T11:19:13+00:00","dateModified":"2022-05-02T12:23:35+00:00","description":"Ausschreibung von Messest\u00e4nden, Standbau, Messsebau f\u00fcr Beh\u00f6rden, K\u00f6rperschaften \u00f6ffentlichen Rechts, Verb\u00e4nde und Agenturen. Bis zu drei Angebote erhalten.","breadcrumb":{"@id":"https:\/\/vivaservice.de\/ausschreibung-messestand-standbau-messebau-behoerden-verbaende-agentuern\/#breadcrumb"},"inLanguage":"en-GB","potentialAction":[{"@type":"ReadAction","target":["https:\/\/vivaservice.de\/ausschreibung-messestand-standbau-messebau-behoerden-verbaende-agentuern\/"]}]},{"@type":"ImageObject","inLanguage":"en-GB","@id":"https:\/\/vivaservice.de\/ausschreibung-messestand-standbau-messebau-behoerden-verbaende-agentuern\/#primaryimage","url":"https:\/\/vivaservice.de\/wp-content\/uploads\/2022\/04\/vivafair_stand_02.jpg","contentUrl":"https:\/\/vivaservice.de\/wp-content\/uploads\/2022\/04\/vivafair_stand_02.jpg"},{"@type":"BreadcrumbList","@id":"https:\/\/vivaservice.de\/ausschreibung-messestand-standbau-messebau-behoerden-verbaende-agentuern\/#breadcrumb","itemListElement":[{"@type":"ListItem","position":1,"name":"Startseite","item":"https:\/\/vivaservice.de\/"},{"@type":"ListItem","position":2,"name":"Ausschreibung von Messest\u00e4nden, Standbau, Messebau f\u00fcr Beh\u00f6rden, Verb\u00e4nde und Agenturen"}]},{"@type":"WebSite","@id":"https:\/\/vivaservice.de\/#website","url":"https:\/\/vivaservice.de\/","name":"viva-service AG","description":"","publisher":{"@id":"https:\/\/vivaservice.de\/#organization"},"potentialAction":[{"@type":"SearchAction","target":{"@type":"EntryPoint","urlTemplate":"https:\/\/vivaservice.de\/?s={search_term_string}"},"query-input":{"@type":"PropertyValueSpecification","valueRequired":true,"valueName":"search_term_string"}}],"inLanguage":"en-GB"},{"@type":"Organization","@id":"https:\/\/vivaservice.de\/#organization","name":"viva-service AG","url":"https:\/\/vivaservice.de\/","logo":{"@type":"ImageObject","inLanguage":"en-GB","@id":"https:\/\/vivaservice.de\/#\/schema\/logo\/image\/","url":"https:\/\/vivaservice.de\/wp-content\/uploads\/2025\/06\/cropped-Wort-Bildmarke_150px.png","contentUrl":"https:\/\/vivaservice.de\/wp-content\/uploads\/2025\/06\/cropped-Wort-Bildmarke_150px.png","width":151,"height":69,"caption":"viva-service AG"},"image":{"@id":"https:\/\/vivaservice.de\/#\/schema\/logo\/image\/"}}]}},"_links":{"self":[{"href":"https:\/\/vivaservice.de\/en\/wp-json\/wp\/v2\/pages\/2326","targetHints":{"allow":["GET"]}}],"collection":[{"href":"https:\/\/vivaservice.de\/en\/wp-json\/wp\/v2\/pages"}],"about":[{"href":"https:\/\/vivaservice.de\/en\/wp-json\/wp\/v2\/types\/page"}],"author":[{"embeddable":true,"href":"https:\/\/vivaservice.de\/en\/wp-json\/wp\/v2\/users\/1"}],"replies":[{"embeddable":true,"href":"https:\/\/vivaservice.de\/en\/wp-json\/wp\/v2\/comments?post=2326"}],"version-history":[{"count":95,"href":"https:\/\/vivaservice.de\/en\/wp-json\/wp\/v2\/pages\/2326\/revisions"}],"predecessor-version":[{"id":2936,"href":"https:\/\/vivaservice.de\/en\/wp-json\/wp\/v2\/pages\/2326\/revisions\/2936"}],"wp:attachment":[{"href":"https:\/\/vivaservice.de\/en\/wp-json\/wp\/v2\/media?parent=2326"}],"curies":[{"name":"wp","href":"https:\/\/api.w.org\/{rel}","templated":true}]}}