{"id":1193,"date":"2021-09-28T18:56:44","date_gmt":"2021-09-28T16:56:44","guid":{"rendered":"https:\/\/vivaservice.de\/viva_test_2\/?page_id=1193"},"modified":"2022-05-13T22:07:44","modified_gmt":"2022-05-13T20:07:44","slug":"marketing-und-vertriebskanal-fuer-messedienstleistungen-vivafair","status":"publish","type":"page","link":"https:\/\/vivaservice.de\/en\/marketing-und-vertriebskanal-fuer-messedienstleistungen-vivafair\/","title":{"rendered":"Marketing- und Vertriebskanal f\u00fcr Messedienstleistungen"},"content":{"rendered":"<div style=\"height:27px\" aria-hidden=\"true\" class=\"wp-block-spacer\"><\/div>\n\n\n\n<div class=\"wp-block-columns is-layout-flex wp-container-core-columns-is-layout-9d6595d7 wp-block-columns-is-layout-flex\">\n<div class=\"wp-block-column is-layout-flow wp-block-column-is-layout-flow\" style=\"flex-basis:20%\">\n<figure class=\"wp-block-image size-large is-resized marketing-bild\" id=\"marketing-bild\"><img loading=\"lazy\" decoding=\"async\" src=\"https:\/\/vivaservice.de\/viva_test_2\/wp-content\/uploads\/2021\/11\/Logo_conversion_funnel_vivafair-1-962x1024.png\" alt=\"Logo Marketing &amp; Vertrieb\" class=\"wp-image-1703\" width=\"270\" height=\"287\" srcset=\"https:\/\/vivaservice.de\/wp-content\/uploads\/2021\/11\/Logo_conversion_funnel_vivafair-1-962x1024.png 962w, https:\/\/vivaservice.de\/wp-content\/uploads\/2021\/11\/Logo_conversion_funnel_vivafair-1-282x300.png 282w, https:\/\/vivaservice.de\/wp-content\/uploads\/2021\/11\/Logo_conversion_funnel_vivafair-1-768x817.png 768w, https:\/\/vivaservice.de\/wp-content\/uploads\/2021\/11\/Logo_conversion_funnel_vivafair-1-1443x1536.png 1443w, https:\/\/vivaservice.de\/wp-content\/uploads\/2021\/11\/Logo_conversion_funnel_vivafair-1-11x12.png 11w, https:\/\/vivaservice.de\/wp-content\/uploads\/2021\/11\/Logo_conversion_funnel_vivafair-1-376x400.png 376w, https:\/\/vivaservice.de\/wp-content\/uploads\/2021\/11\/Logo_conversion_funnel_vivafair-1-94x100.png 94w, https:\/\/vivaservice.de\/wp-content\/uploads\/2021\/11\/Logo_conversion_funnel_vivafair-1.png 1480w\" sizes=\"auto, (max-width: 270px) 100vw, 270px\" \/><figcaption>Kundengewinnung mit vivafair<\/figcaption><\/figure>\n<\/div>\n\n\n\n<div class=\"wp-block-column is-layout-flow wp-block-column-is-layout-flow\" style=\"flex-basis:66.66%\">\n<h2 class=\"has-text-align-left wp-block-heading\" id=\"neukundengewinnug-fur-messedienstleister-mit-vivafair\" style=\"font-size:25px\">Neukundengewinnung f\u00fcr Messedienstleister mit vivafair als Marketing und Vertriebskanal<\/h2>\n\n\n\n<p style=\"font-size:17px\">vivafair bietet mit seinem Auftritt im Internet Messedienstleistern die M\u00f6glichkeit, zielgruppengenau neue Kunden und Auftr\u00e4ge zu gewinnen.  Wir bieten allen Messedienstleistern wie zum Beispiel Caterern, Eventorganisatoren, Floristen, Messecoaches, Messebekleidung, Messefotografen und Veranstaltungsagenturen die Internetplattform vivafair als Werbe- und Vertriebsplattform an. <\/p>\n\n\n\n<p style=\"font-size:17px\">Sie haben Interesse sich auf vivafair zu pr\u00e4sentieren und neue Kunden zu gewinnen?<br>Kontaktieren Sie uns. Wir finden die richtige Pr\u00e4sentation f\u00fcr Sie auf vivafair.<\/p>\n\n\n\n<div class=\"wp-block-buttons is-layout-flex wp-block-buttons-is-layout-flex\">\n<div class=\"wp-block-button\"><a class=\"wp-block-button__link\" href=\"https:\/\/vivaservice.de\/en\/kontakt\/\" style=\"border-radius:15px\">neue Kunden gewinnen<\/a><\/div>\n<\/div>\n\n\n\n<div style=\"height:45px\" aria-hidden=\"true\" class=\"wp-block-spacer\"><\/div>\n\n\n\n<div class=\"wp-block-buttons is-layout-flex wp-block-buttons-is-layout-flex\">\n<div class=\"wp-block-button\"><a class=\"wp-block-button__link\" href=\"https:\/\/www.vivafair.com\" style=\"border-radius:15px\">Jetzt zu vivafair<\/a><\/div>\n<\/div>\n\n\n\n<div style=\"height:45px\" aria-hidden=\"true\" class=\"wp-block-spacer\"><\/div>\n\n\n\n<div class=\"wp-block-buttons is-layout-flex wp-block-buttons-is-layout-flex\">\n<div class=\"wp-block-button\"><a class=\"wp-block-button__link\" href=\"https:\/\/vivaservice.de\/en\/#vivafair\" style=\"border-radius:15px\">zur\u00fcck<\/a><\/div>\n<\/div>\n<\/div>\n<\/div>\n\n\n\n<p><\/p>","protected":false},"excerpt":{"rendered":"<p>Neukundengewinnung f\u00fcr Messedienstleister mit vivafair als Marketing und Vertriebskanal vivafair bietet mit seinem Auftritt im Internet Messedienstleistern die M\u00f6glichkeit, zielgruppengenau neue Kunden und Auftr\u00e4ge zu gewinnen. Wir bieten allen Messedienstleistern wie zum Beispiel Caterern, Eventorganisatoren, Floristen, Messecoaches, Messebekleidung, Messefotografen und Veranstaltungsagenturen die Internetplattform vivafair als Werbe- und Vertriebsplattform an. Sie haben Interesse sich auf vivafair [&hellip;]<\/p>\n","protected":false},"author":1,"featured_media":0,"parent":0,"menu_order":0,"comment_status":"closed","ping_status":"closed","template":"","meta":{"footnotes":""},"class_list":["post-1193","page","type-page","status-publish","hentry"],"yoast_head":"<!-- This site is optimized with the Yoast SEO plugin v27.4 - https:\/\/yoast.com\/product\/yoast-seo-wordpress\/ -->\n<title>Marketing- und Vertriebskanal f\u00fcr Messedienstleistungen - viva-service AG<\/title>\n<meta name=\"robots\" content=\"index, follow, max-snippet:-1, max-image-preview:large, max-video-preview:-1\" \/>\n<link rel=\"canonical\" href=\"https:\/\/vivaservice.de\/en\/marketing-und-vertriebskanal-fuer-messedienstleistungen-vivafair\/\" \/>\n<meta property=\"og:locale\" content=\"en_GB\" \/>\n<meta property=\"og:type\" content=\"article\" \/>\n<meta property=\"og:title\" content=\"Marketing- und Vertriebskanal f\u00fcr Messedienstleistungen - viva-service AG\" \/>\n<meta property=\"og:description\" content=\"Neukundengewinnung f\u00fcr Messedienstleister mit vivafair als Marketing und Vertriebskanal vivafair bietet mit seinem Auftritt im Internet Messedienstleistern die M\u00f6glichkeit, zielgruppengenau neue Kunden und Auftr\u00e4ge zu gewinnen. Wir bieten allen Messedienstleistern wie zum Beispiel Caterern, Eventorganisatoren, Floristen, Messecoaches, Messebekleidung, Messefotografen und Veranstaltungsagenturen die Internetplattform vivafair als Werbe- und Vertriebsplattform an. Sie haben Interesse sich auf vivafair [&hellip;]\" \/>\n<meta property=\"og:url\" content=\"https:\/\/vivaservice.de\/en\/marketing-und-vertriebskanal-fuer-messedienstleistungen-vivafair\/\" \/>\n<meta property=\"og:site_name\" content=\"viva-service AG\" \/>\n<meta property=\"article:modified_time\" content=\"2022-05-13T20:07:44+00:00\" \/>\n<meta property=\"og:image\" content=\"https:\/\/vivaservice.de\/viva_test_2\/wp-content\/uploads\/2021\/11\/Logo_conversion_funnel_vivafair-1-962x1024.png\" \/>\n<meta name=\"twitter:card\" content=\"summary_large_image\" \/>\n<meta name=\"twitter:label1\" content=\"Estimated reading time\" \/>\n\t<meta name=\"twitter:data1\" content=\"1 minute\" \/>\n<script type=\"application\/ld+json\" class=\"yoast-schema-graph\">{\"@context\":\"https:\\\/\\\/schema.org\",\"@graph\":[{\"@type\":\"WebPage\",\"@id\":\"https:\\\/\\\/vivaservice.de\\\/marketing-und-vertriebskanal-fuer-messedienstleistungen-vivafair\\\/\",\"url\":\"https:\\\/\\\/vivaservice.de\\\/marketing-und-vertriebskanal-fuer-messedienstleistungen-vivafair\\\/\",\"name\":\"Marketing- und Vertriebskanal f\u00fcr Messedienstleistungen - viva-service AG\",\"isPartOf\":{\"@id\":\"https:\\\/\\\/vivaservice.de\\\/#website\"},\"primaryImageOfPage\":{\"@id\":\"https:\\\/\\\/vivaservice.de\\\/marketing-und-vertriebskanal-fuer-messedienstleistungen-vivafair\\\/#primaryimage\"},\"image\":{\"@id\":\"https:\\\/\\\/vivaservice.de\\\/marketing-und-vertriebskanal-fuer-messedienstleistungen-vivafair\\\/#primaryimage\"},\"thumbnailUrl\":\"https:\\\/\\\/vivaservice.de\\\/viva_test_2\\\/wp-content\\\/uploads\\\/2021\\\/11\\\/Logo_conversion_funnel_vivafair-1-962x1024.png\",\"datePublished\":\"2021-09-28T16:56:44+00:00\",\"dateModified\":\"2022-05-13T20:07:44+00:00\",\"breadcrumb\":{\"@id\":\"https:\\\/\\\/vivaservice.de\\\/marketing-und-vertriebskanal-fuer-messedienstleistungen-vivafair\\\/#breadcrumb\"},\"inLanguage\":\"en-GB\",\"potentialAction\":[{\"@type\":\"ReadAction\",\"target\":[\"https:\\\/\\\/vivaservice.de\\\/marketing-und-vertriebskanal-fuer-messedienstleistungen-vivafair\\\/\"]}]},{\"@type\":\"ImageObject\",\"inLanguage\":\"en-GB\",\"@id\":\"https:\\\/\\\/vivaservice.de\\\/marketing-und-vertriebskanal-fuer-messedienstleistungen-vivafair\\\/#primaryimage\",\"url\":\"https:\\\/\\\/vivaservice.de\\\/viva_test_2\\\/wp-content\\\/uploads\\\/2021\\\/11\\\/Logo_conversion_funnel_vivafair-1-962x1024.png\",\"contentUrl\":\"https:\\\/\\\/vivaservice.de\\\/viva_test_2\\\/wp-content\\\/uploads\\\/2021\\\/11\\\/Logo_conversion_funnel_vivafair-1-962x1024.png\"},{\"@type\":\"BreadcrumbList\",\"@id\":\"https:\\\/\\\/vivaservice.de\\\/marketing-und-vertriebskanal-fuer-messedienstleistungen-vivafair\\\/#breadcrumb\",\"itemListElement\":[{\"@type\":\"ListItem\",\"position\":1,\"name\":\"Startseite\",\"item\":\"https:\\\/\\\/vivaservice.de\\\/\"},{\"@type\":\"ListItem\",\"position\":2,\"name\":\"Marketing- und Vertriebskanal f\u00fcr Messedienstleistungen\"}]},{\"@type\":\"WebSite\",\"@id\":\"https:\\\/\\\/vivaservice.de\\\/#website\",\"url\":\"https:\\\/\\\/vivaservice.de\\\/\",\"name\":\"viva-service AG\",\"description\":\"\",\"publisher\":{\"@id\":\"https:\\\/\\\/vivaservice.de\\\/#organization\"},\"potentialAction\":[{\"@type\":\"SearchAction\",\"target\":{\"@type\":\"EntryPoint\",\"urlTemplate\":\"https:\\\/\\\/vivaservice.de\\\/?s={search_term_string}\"},\"query-input\":{\"@type\":\"PropertyValueSpecification\",\"valueRequired\":true,\"valueName\":\"search_term_string\"}}],\"inLanguage\":\"en-GB\"},{\"@type\":\"Organization\",\"@id\":\"https:\\\/\\\/vivaservice.de\\\/#organization\",\"name\":\"viva-service AG\",\"url\":\"https:\\\/\\\/vivaservice.de\\\/\",\"logo\":{\"@type\":\"ImageObject\",\"inLanguage\":\"en-GB\",\"@id\":\"https:\\\/\\\/vivaservice.de\\\/#\\\/schema\\\/logo\\\/image\\\/\",\"url\":\"https:\\\/\\\/vivaservice.de\\\/wp-content\\\/uploads\\\/2025\\\/06\\\/cropped-Wort-Bildmarke_150px.png\",\"contentUrl\":\"https:\\\/\\\/vivaservice.de\\\/wp-content\\\/uploads\\\/2025\\\/06\\\/cropped-Wort-Bildmarke_150px.png\",\"width\":151,\"height\":69,\"caption\":\"viva-service AG\"},\"image\":{\"@id\":\"https:\\\/\\\/vivaservice.de\\\/#\\\/schema\\\/logo\\\/image\\\/\"}}]}<\/script>\n<!-- \/ Yoast SEO plugin. -->","yoast_head_json":{"title":"Marketing- und Vertriebskanal f\u00fcr Messedienstleistungen - viva-service AG","robots":{"index":"index","follow":"follow","max-snippet":"max-snippet:-1","max-image-preview":"max-image-preview:large","max-video-preview":"max-video-preview:-1"},"canonical":"https:\/\/vivaservice.de\/en\/marketing-und-vertriebskanal-fuer-messedienstleistungen-vivafair\/","og_locale":"en_GB","og_type":"article","og_title":"Marketing- und Vertriebskanal f\u00fcr Messedienstleistungen - viva-service AG","og_description":"Neukundengewinnung f\u00fcr Messedienstleister mit vivafair als Marketing und Vertriebskanal vivafair bietet mit seinem Auftritt im Internet Messedienstleistern die M\u00f6glichkeit, zielgruppengenau neue Kunden und Auftr\u00e4ge zu gewinnen. Wir bieten allen Messedienstleistern wie zum Beispiel Caterern, Eventorganisatoren, Floristen, Messecoaches, Messebekleidung, Messefotografen und Veranstaltungsagenturen die Internetplattform vivafair als Werbe- und Vertriebsplattform an. Sie haben Interesse sich auf vivafair [&hellip;]","og_url":"https:\/\/vivaservice.de\/en\/marketing-und-vertriebskanal-fuer-messedienstleistungen-vivafair\/","og_site_name":"viva-service AG","article_modified_time":"2022-05-13T20:07:44+00:00","og_image":[{"url":"https:\/\/vivaservice.de\/viva_test_2\/wp-content\/uploads\/2021\/11\/Logo_conversion_funnel_vivafair-1-962x1024.png","type":"","width":"","height":""}],"twitter_card":"summary_large_image","twitter_misc":{"Estimated reading time":"1 minute"},"schema":{"@context":"https:\/\/schema.org","@graph":[{"@type":"WebPage","@id":"https:\/\/vivaservice.de\/marketing-und-vertriebskanal-fuer-messedienstleistungen-vivafair\/","url":"https:\/\/vivaservice.de\/marketing-und-vertriebskanal-fuer-messedienstleistungen-vivafair\/","name":"Marketing- und Vertriebskanal f\u00fcr Messedienstleistungen - viva-service AG","isPartOf":{"@id":"https:\/\/vivaservice.de\/#website"},"primaryImageOfPage":{"@id":"https:\/\/vivaservice.de\/marketing-und-vertriebskanal-fuer-messedienstleistungen-vivafair\/#primaryimage"},"image":{"@id":"https:\/\/vivaservice.de\/marketing-und-vertriebskanal-fuer-messedienstleistungen-vivafair\/#primaryimage"},"thumbnailUrl":"https:\/\/vivaservice.de\/viva_test_2\/wp-content\/uploads\/2021\/11\/Logo_conversion_funnel_vivafair-1-962x1024.png","datePublished":"2021-09-28T16:56:44+00:00","dateModified":"2022-05-13T20:07:44+00:00","breadcrumb":{"@id":"https:\/\/vivaservice.de\/marketing-und-vertriebskanal-fuer-messedienstleistungen-vivafair\/#breadcrumb"},"inLanguage":"en-GB","potentialAction":[{"@type":"ReadAction","target":["https:\/\/vivaservice.de\/marketing-und-vertriebskanal-fuer-messedienstleistungen-vivafair\/"]}]},{"@type":"ImageObject","inLanguage":"en-GB","@id":"https:\/\/vivaservice.de\/marketing-und-vertriebskanal-fuer-messedienstleistungen-vivafair\/#primaryimage","url":"https:\/\/vivaservice.de\/viva_test_2\/wp-content\/uploads\/2021\/11\/Logo_conversion_funnel_vivafair-1-962x1024.png","contentUrl":"https:\/\/vivaservice.de\/viva_test_2\/wp-content\/uploads\/2021\/11\/Logo_conversion_funnel_vivafair-1-962x1024.png"},{"@type":"BreadcrumbList","@id":"https:\/\/vivaservice.de\/marketing-und-vertriebskanal-fuer-messedienstleistungen-vivafair\/#breadcrumb","itemListElement":[{"@type":"ListItem","position":1,"name":"Startseite","item":"https:\/\/vivaservice.de\/"},{"@type":"ListItem","position":2,"name":"Marketing- und Vertriebskanal f\u00fcr Messedienstleistungen"}]},{"@type":"WebSite","@id":"https:\/\/vivaservice.de\/#website","url":"https:\/\/vivaservice.de\/","name":"viva-service AG","description":"","publisher":{"@id":"https:\/\/vivaservice.de\/#organization"},"potentialAction":[{"@type":"SearchAction","target":{"@type":"EntryPoint","urlTemplate":"https:\/\/vivaservice.de\/?s={search_term_string}"},"query-input":{"@type":"PropertyValueSpecification","valueRequired":true,"valueName":"search_term_string"}}],"inLanguage":"en-GB"},{"@type":"Organization","@id":"https:\/\/vivaservice.de\/#organization","name":"viva-service AG","url":"https:\/\/vivaservice.de\/","logo":{"@type":"ImageObject","inLanguage":"en-GB","@id":"https:\/\/vivaservice.de\/#\/schema\/logo\/image\/","url":"https:\/\/vivaservice.de\/wp-content\/uploads\/2025\/06\/cropped-Wort-Bildmarke_150px.png","contentUrl":"https:\/\/vivaservice.de\/wp-content\/uploads\/2025\/06\/cropped-Wort-Bildmarke_150px.png","width":151,"height":69,"caption":"viva-service AG"},"image":{"@id":"https:\/\/vivaservice.de\/#\/schema\/logo\/image\/"}}]}},"_links":{"self":[{"href":"https:\/\/vivaservice.de\/en\/wp-json\/wp\/v2\/pages\/1193","targetHints":{"allow":["GET"]}}],"collection":[{"href":"https:\/\/vivaservice.de\/en\/wp-json\/wp\/v2\/pages"}],"about":[{"href":"https:\/\/vivaservice.de\/en\/wp-json\/wp\/v2\/types\/page"}],"author":[{"embeddable":true,"href":"https:\/\/vivaservice.de\/en\/wp-json\/wp\/v2\/users\/1"}],"replies":[{"embeddable":true,"href":"https:\/\/vivaservice.de\/en\/wp-json\/wp\/v2\/comments?post=1193"}],"version-history":[{"count":31,"href":"https:\/\/vivaservice.de\/en\/wp-json\/wp\/v2\/pages\/1193\/revisions"}],"predecessor-version":[{"id":2956,"href":"https:\/\/vivaservice.de\/en\/wp-json\/wp\/v2\/pages\/1193\/revisions\/2956"}],"wp:attachment":[{"href":"https:\/\/vivaservice.de\/en\/wp-json\/wp\/v2\/media?parent=1193"}],"curies":[{"name":"wp","href":"https:\/\/api.w.org\/{rel}","templated":true}]}}