{"id":1187,"date":"2021-09-28T18:55:08","date_gmt":"2021-09-28T16:55:08","guid":{"rendered":"https:\/\/vivaservice.de\/viva_test_2\/?page_id=1187"},"modified":"2022-05-13T22:15:40","modified_gmt":"2022-05-13T20:15:40","slug":"messepersonal","status":"publish","type":"page","link":"https:\/\/vivaservice.de\/en\/messepersonal\/","title":{"rendered":"Messepersonal buchen"},"content":{"rendered":"<div class=\"wp-block-columns is-layout-flex wp-container-core-columns-is-layout-9d6595d7 wp-block-columns-is-layout-flex\">\n<div class=\"wp-block-column is-layout-flow wp-block-column-is-layout-flow\" style=\"flex-basis:33.33%\">\n<div class=\"alignnormal\"><div id=\"metaslider-id-2782\" style=\"max-width: 500px;\" class=\"ml-slider-3-108-0 metaslider metaslider-flex metaslider-2782 ml-slider has-dots-nav ms-theme-default\" role=\"region\" aria-label=\"Messepersonal\" data-height=\"500\" data-width=\"500\">\n    <div id=\"metaslider_container_2782\">\n        <div id=\"metaslider_2782\">\n            <ul class='slides'>\n                <li style=\"display: block; width: 100%;\" class=\"slide-2783 ms-image\" aria-roledescription=\"slide\" data-date=\"2022-04-20 19:17:51\" data-filename=\"buffet-500x500.jpg\" data-slide-type=\"image\"><img loading=\"lazy\" decoding=\"async\" src=\"https:\/\/vivaservice.de\/wp-content\/uploads\/2022\/03\/buffet-500x500.jpg\" height=\"500\" width=\"500\" alt=\"buffet\" class=\"slider-2782 slide-2783 msDefaultImage\" title=\"buffet\" \/><div class=\"caption-wrap\"><div class=\"caption\">Buffet<\/div><\/div><\/li>\n                <li style=\"display: none; width: 100%;\" class=\"slide-2784 ms-image\" aria-roledescription=\"slide\" data-date=\"2022-04-20 19:17:58\" data-filename=\"garderobe-500x500.jpg\" data-slide-type=\"image\"><img loading=\"lazy\" decoding=\"async\" src=\"https:\/\/vivaservice.de\/wp-content\/uploads\/2022\/03\/garderobe-500x500.jpg\" height=\"500\" width=\"500\" alt=\"Kleiderb\u00fcgel\" class=\"slider-2782 slide-2784 msDefaultImage\" title=\"garderobe\" \/><div class=\"caption-wrap\"><div class=\"caption\">Kleiderb\u00fcgel<\/div><\/div><\/li>\n            <\/ul>\n        <\/div>\n        \n    <\/div>\n<\/div><\/div>\n<\/div>\n\n\n\n<div class=\"wp-block-column is-layout-flow wp-block-column-is-layout-flow\" style=\"flex-basis:66.66%\">\n<p style=\"font-size:17px\">vivafair bietet mit seinen Partnern qualifizierets Messepersonal an. Denken Sie fr\u00fchzeitig bei der Messeplanung an die Buchung von Messepersonal. Dazu ben\u00f6tigen Sie eine Aufstellung der Qualifikation des Messepersonals. So ben\u00f6tigen Sie zum Aufbau und Einrichtung des Messestandes Aufbauhelfer. W\u00e4hrend der Messe Standpesonal, Promotoren und Hostessen. Bei internationalen Messen sind Dolmetscher und mehrsprachiges Personal gefordert.  F\u00fcr Events auf Ihrem Messestand sollte man an Eventpersonal, Empfangs- &amp; Garderobenpersonal denken. Catering Personal hilft Ihnen bei der Versorgung Ihrer Messeg\u00e4ste. <\/p>\n\n\n\n<div class=\"wp-block-buttons is-layout-flex wp-block-buttons-is-layout-flex\">\n<div class=\"wp-block-button\"><a class=\"wp-block-button__link\" href=\"https:\/\/vivaservice.de\/en\/messepersonal-anfragen-formular\/\" style=\"border-radius:15px\">Messepersonal anfragen<\/a><\/div>\n<\/div>\n\n\n\n<div style=\"height:45px\" aria-hidden=\"true\" class=\"wp-block-spacer\"><\/div>\n\n\n\n<p style=\"font-size:17px\">Sie sind Vermittler von Messepersonal und k\u00f6nnen Personal mit den beschriebenen Qualifikationen unseren Ausstellern zur Verf\u00fcgung stellen und haben Interesse mit uns zusammenzarbeiten? Melden Sie sich bei uns.  <\/p>\n\n\n\n<p style=\"font-size:17px\">Messepersonal vermitteln:<\/p>\n\n\n\n<div class=\"wp-block-buttons is-layout-flex wp-block-buttons-is-layout-flex\">\n<div class=\"wp-block-button\"><a class=\"wp-block-button__link\" href=\"https:\/\/vivaservice.de\/en\/kontakt\/\" style=\"border-radius:15px\">Contact<\/a><\/div>\n<\/div>\n\n\n\n<div style=\"height:45px\" aria-hidden=\"true\" class=\"wp-block-spacer\"><\/div>\n\n\n\n<div class=\"wp-block-buttons is-layout-flex wp-block-buttons-is-layout-flex\">\n<div class=\"wp-block-button\"><a class=\"wp-block-button__link\" href=\"https:\/\/vivaservice.de\/en\/#vivafair\" style=\"border-radius:15px\">zur\u00fcck<\/a><\/div>\n<\/div>\n<\/div>\n<\/div>","protected":false},"excerpt":{"rendered":"<p>vivafair bietet mit seinen Partnern qualifizierets Messepersonal an. Denken Sie fr\u00fchzeitig bei der Messeplanung an die Buchung von Messepersonal. Dazu ben\u00f6tigen Sie eine Aufstellung der Qualifikation des Messepersonals. So ben\u00f6tigen Sie zum Aufbau und Einrichtung des Messestandes Aufbauhelfer. W\u00e4hrend der Messe Standpesonal, Promotoren und Hostessen. Bei internationalen Messen sind Dolmetscher und mehrsprachiges Personal gefordert. F\u00fcr [&hellip;]<\/p>\n","protected":false},"author":1,"featured_media":0,"parent":0,"menu_order":0,"comment_status":"closed","ping_status":"closed","template":"","meta":{"footnotes":""},"class_list":["post-1187","page","type-page","status-publish","hentry"],"yoast_head":"<!-- This site is optimized with the Yoast SEO plugin v27.4 - https:\/\/yoast.com\/product\/yoast-seo-wordpress\/ -->\n<title>Messepersonal buchen - viva-service AG<\/title>\n<meta name=\"robots\" content=\"index, follow, max-snippet:-1, max-image-preview:large, max-video-preview:-1\" \/>\n<link rel=\"canonical\" href=\"https:\/\/vivaservice.de\/en\/messepersonal\/\" \/>\n<meta property=\"og:locale\" content=\"en_GB\" \/>\n<meta property=\"og:type\" content=\"article\" \/>\n<meta property=\"og:title\" content=\"Messepersonal buchen - viva-service AG\" \/>\n<meta property=\"og:description\" content=\"vivafair bietet mit seinen Partnern qualifizierets Messepersonal an. Denken Sie fr\u00fchzeitig bei der Messeplanung an die Buchung von Messepersonal. Dazu ben\u00f6tigen Sie eine Aufstellung der Qualifikation des Messepersonals. So ben\u00f6tigen Sie zum Aufbau und Einrichtung des Messestandes Aufbauhelfer. W\u00e4hrend der Messe Standpesonal, Promotoren und Hostessen. Bei internationalen Messen sind Dolmetscher und mehrsprachiges Personal gefordert. F\u00fcr [&hellip;]\" \/>\n<meta property=\"og:url\" content=\"https:\/\/vivaservice.de\/en\/messepersonal\/\" \/>\n<meta property=\"og:site_name\" content=\"viva-service AG\" \/>\n<meta property=\"article:modified_time\" content=\"2022-05-13T20:15:40+00:00\" \/>\n<meta name=\"twitter:card\" content=\"summary_large_image\" \/>\n<meta name=\"twitter:label1\" content=\"Estimated reading time\" \/>\n\t<meta name=\"twitter:data1\" content=\"1 minute\" \/>\n<script type=\"application\/ld+json\" class=\"yoast-schema-graph\">{\"@context\":\"https:\\\/\\\/schema.org\",\"@graph\":[{\"@type\":\"WebPage\",\"@id\":\"https:\\\/\\\/vivaservice.de\\\/messepersonal\\\/\",\"url\":\"https:\\\/\\\/vivaservice.de\\\/messepersonal\\\/\",\"name\":\"Messepersonal buchen - viva-service AG\",\"isPartOf\":{\"@id\":\"https:\\\/\\\/vivaservice.de\\\/#website\"},\"datePublished\":\"2021-09-28T16:55:08+00:00\",\"dateModified\":\"2022-05-13T20:15:40+00:00\",\"breadcrumb\":{\"@id\":\"https:\\\/\\\/vivaservice.de\\\/messepersonal\\\/#breadcrumb\"},\"inLanguage\":\"en-GB\",\"potentialAction\":[{\"@type\":\"ReadAction\",\"target\":[\"https:\\\/\\\/vivaservice.de\\\/messepersonal\\\/\"]}]},{\"@type\":\"BreadcrumbList\",\"@id\":\"https:\\\/\\\/vivaservice.de\\\/messepersonal\\\/#breadcrumb\",\"itemListElement\":[{\"@type\":\"ListItem\",\"position\":1,\"name\":\"Startseite\",\"item\":\"https:\\\/\\\/vivaservice.de\\\/\"},{\"@type\":\"ListItem\",\"position\":2,\"name\":\"Messepersonal buchen\"}]},{\"@type\":\"WebSite\",\"@id\":\"https:\\\/\\\/vivaservice.de\\\/#website\",\"url\":\"https:\\\/\\\/vivaservice.de\\\/\",\"name\":\"viva-service AG\",\"description\":\"\",\"publisher\":{\"@id\":\"https:\\\/\\\/vivaservice.de\\\/#organization\"},\"potentialAction\":[{\"@type\":\"SearchAction\",\"target\":{\"@type\":\"EntryPoint\",\"urlTemplate\":\"https:\\\/\\\/vivaservice.de\\\/?s={search_term_string}\"},\"query-input\":{\"@type\":\"PropertyValueSpecification\",\"valueRequired\":true,\"valueName\":\"search_term_string\"}}],\"inLanguage\":\"en-GB\"},{\"@type\":\"Organization\",\"@id\":\"https:\\\/\\\/vivaservice.de\\\/#organization\",\"name\":\"viva-service AG\",\"url\":\"https:\\\/\\\/vivaservice.de\\\/\",\"logo\":{\"@type\":\"ImageObject\",\"inLanguage\":\"en-GB\",\"@id\":\"https:\\\/\\\/vivaservice.de\\\/#\\\/schema\\\/logo\\\/image\\\/\",\"url\":\"https:\\\/\\\/vivaservice.de\\\/wp-content\\\/uploads\\\/2025\\\/06\\\/cropped-Wort-Bildmarke_150px.png\",\"contentUrl\":\"https:\\\/\\\/vivaservice.de\\\/wp-content\\\/uploads\\\/2025\\\/06\\\/cropped-Wort-Bildmarke_150px.png\",\"width\":151,\"height\":69,\"caption\":\"viva-service AG\"},\"image\":{\"@id\":\"https:\\\/\\\/vivaservice.de\\\/#\\\/schema\\\/logo\\\/image\\\/\"}}]}<\/script>\n<!-- \/ Yoast SEO plugin. -->","yoast_head_json":{"title":"Messepersonal buchen - viva-service AG","robots":{"index":"index","follow":"follow","max-snippet":"max-snippet:-1","max-image-preview":"max-image-preview:large","max-video-preview":"max-video-preview:-1"},"canonical":"https:\/\/vivaservice.de\/en\/messepersonal\/","og_locale":"en_GB","og_type":"article","og_title":"Messepersonal buchen - viva-service AG","og_description":"vivafair bietet mit seinen Partnern qualifizierets Messepersonal an. Denken Sie fr\u00fchzeitig bei der Messeplanung an die Buchung von Messepersonal. Dazu ben\u00f6tigen Sie eine Aufstellung der Qualifikation des Messepersonals. So ben\u00f6tigen Sie zum Aufbau und Einrichtung des Messestandes Aufbauhelfer. W\u00e4hrend der Messe Standpesonal, Promotoren und Hostessen. Bei internationalen Messen sind Dolmetscher und mehrsprachiges Personal gefordert. F\u00fcr [&hellip;]","og_url":"https:\/\/vivaservice.de\/en\/messepersonal\/","og_site_name":"viva-service AG","article_modified_time":"2022-05-13T20:15:40+00:00","twitter_card":"summary_large_image","twitter_misc":{"Estimated reading time":"1 minute"},"schema":{"@context":"https:\/\/schema.org","@graph":[{"@type":"WebPage","@id":"https:\/\/vivaservice.de\/messepersonal\/","url":"https:\/\/vivaservice.de\/messepersonal\/","name":"Messepersonal buchen - viva-service AG","isPartOf":{"@id":"https:\/\/vivaservice.de\/#website"},"datePublished":"2021-09-28T16:55:08+00:00","dateModified":"2022-05-13T20:15:40+00:00","breadcrumb":{"@id":"https:\/\/vivaservice.de\/messepersonal\/#breadcrumb"},"inLanguage":"en-GB","potentialAction":[{"@type":"ReadAction","target":["https:\/\/vivaservice.de\/messepersonal\/"]}]},{"@type":"BreadcrumbList","@id":"https:\/\/vivaservice.de\/messepersonal\/#breadcrumb","itemListElement":[{"@type":"ListItem","position":1,"name":"Startseite","item":"https:\/\/vivaservice.de\/"},{"@type":"ListItem","position":2,"name":"Messepersonal buchen"}]},{"@type":"WebSite","@id":"https:\/\/vivaservice.de\/#website","url":"https:\/\/vivaservice.de\/","name":"viva-service AG","description":"","publisher":{"@id":"https:\/\/vivaservice.de\/#organization"},"potentialAction":[{"@type":"SearchAction","target":{"@type":"EntryPoint","urlTemplate":"https:\/\/vivaservice.de\/?s={search_term_string}"},"query-input":{"@type":"PropertyValueSpecification","valueRequired":true,"valueName":"search_term_string"}}],"inLanguage":"en-GB"},{"@type":"Organization","@id":"https:\/\/vivaservice.de\/#organization","name":"viva-service AG","url":"https:\/\/vivaservice.de\/","logo":{"@type":"ImageObject","inLanguage":"en-GB","@id":"https:\/\/vivaservice.de\/#\/schema\/logo\/image\/","url":"https:\/\/vivaservice.de\/wp-content\/uploads\/2025\/06\/cropped-Wort-Bildmarke_150px.png","contentUrl":"https:\/\/vivaservice.de\/wp-content\/uploads\/2025\/06\/cropped-Wort-Bildmarke_150px.png","width":151,"height":69,"caption":"viva-service AG"},"image":{"@id":"https:\/\/vivaservice.de\/#\/schema\/logo\/image\/"}}]}},"_links":{"self":[{"href":"https:\/\/vivaservice.de\/en\/wp-json\/wp\/v2\/pages\/1187","targetHints":{"allow":["GET"]}}],"collection":[{"href":"https:\/\/vivaservice.de\/en\/wp-json\/wp\/v2\/pages"}],"about":[{"href":"https:\/\/vivaservice.de\/en\/wp-json\/wp\/v2\/types\/page"}],"author":[{"embeddable":true,"href":"https:\/\/vivaservice.de\/en\/wp-json\/wp\/v2\/users\/1"}],"replies":[{"embeddable":true,"href":"https:\/\/vivaservice.de\/en\/wp-json\/wp\/v2\/comments?post=1187"}],"version-history":[{"count":20,"href":"https:\/\/vivaservice.de\/en\/wp-json\/wp\/v2\/pages\/1187\/revisions"}],"predecessor-version":[{"id":2958,"href":"https:\/\/vivaservice.de\/en\/wp-json\/wp\/v2\/pages\/1187\/revisions\/2958"}],"wp:attachment":[{"href":"https:\/\/vivaservice.de\/en\/wp-json\/wp\/v2\/media?parent=1187"}],"curies":[{"name":"wp","href":"https:\/\/api.w.org\/{rel}","templated":true}]}}