{"id":1184,"date":"2021-09-28T18:54:11","date_gmt":"2021-09-28T16:54:11","guid":{"rendered":"https:\/\/vivaservice.de\/viva_test_2\/?page_id=1184"},"modified":"2022-04-28T10:42:43","modified_gmt":"2022-04-28T08:42:43","slug":"messeveranstalter","status":"publish","type":"page","link":"https:\/\/vivaservice.de\/en\/messeveranstalter\/","title":{"rendered":"Messeveranstalter"},"content":{"rendered":"<div class=\"wp-block-columns is-layout-flex wp-container-core-columns-is-layout-9d6595d7 wp-block-columns-is-layout-flex\">\n<div class=\"wp-block-column is-layout-flow wp-block-column-is-layout-flow\" style=\"flex-basis:33.33%\">\n<div class=\"alignnormal\"><div id=\"metaslider-id-2872\" style=\"max-width: 650px; margin: 0 auto;\" class=\"ml-slider-3-108-0 metaslider metaslider-flex metaslider-2872 ml-slider has-dots-nav ms-theme-default\" role=\"region\" aria-label=\"Messeveranstalter\" data-height=\"500\" data-width=\"650\">\n    <div id=\"metaslider_container_2872\">\n        <div id=\"metaslider_2872\">\n            <ul class='slides'>\n                <li style=\"display: block; width: 100%;\" class=\"slide-2881 ms-image\" aria-roledescription=\"slide\" data-date=\"2022-04-28 10:45:27\" data-filename=\"vivafair_stand_04_2-650x500.jpg\" data-slide-type=\"image\"><img loading=\"lazy\" decoding=\"async\" src=\"https:\/\/vivaservice.de\/wp-content\/uploads\/2022\/04\/vivafair_stand_04_2-650x500.jpg\" height=\"500\" width=\"650\" alt=\"Messestand\" class=\"slider-2872 slide-2881 msDefaultImage\" title=\"vivafair_stand_04_2\" \/><\/li>\n                <li style=\"display: none; width: 100%;\" class=\"slide-2882 ms-image\" aria-roledescription=\"slide\" data-date=\"2022-04-28 10:45:33\" data-filename=\"vivafair_stand_04_1-650x500.jpg\" data-slide-type=\"image\"><img loading=\"lazy\" decoding=\"async\" src=\"https:\/\/vivaservice.de\/wp-content\/uploads\/2022\/04\/vivafair_stand_04_1-650x500.jpg\" height=\"500\" width=\"650\" alt=\"Messestand\" class=\"slider-2872 slide-2882 msDefaultImage\" title=\"vivafair_stand_04_1\" \/><\/li>\n                <li style=\"display: none; width: 100%;\" class=\"slide-2883 ms-image\" aria-roledescription=\"slide\" data-date=\"2022-04-28 10:45:37\" data-filename=\"vivafair_stand_04_3-650x500.jpg\" data-slide-type=\"image\"><img loading=\"lazy\" decoding=\"async\" src=\"https:\/\/vivaservice.de\/wp-content\/uploads\/2022\/04\/vivafair_stand_04_3-650x500.jpg\" height=\"500\" width=\"650\" alt=\"Messestand\" class=\"slider-2872 slide-2883 msDefaultImage\" title=\"vivafair_stand_04_3\" \/><\/li>\n            <\/ul>\n        <\/div>\n        \n    <\/div>\n<\/div><\/div>\n<\/div>\n\n\n\n<div class=\"wp-block-column is-layout-flow wp-block-column-is-layout-flow\" style=\"flex-basis:66.66%\">\n<p style=\"font-size:17px\">vivafair wendet sich mit seinen Dienstleistungen ebenfalls an Messeveranstalter und Organisatoren von Events. Durch eine Ausschreibung von vivafair k\u00f6nnen wir Ihnen Angebote von qualifizierten Messebauunternehmen vermitteln. Au\u00dferdem bietet vivafair Ihnen weitere M\u00f6glichkeiten einer Zusammenarbeit, die f\u00fcr beide Seiten von Vorteil ist. <\/p>\n\n\n\n<p style=\"font-size:17px\">Sie organiseren eine Messe oder eine Veranstaltung und ben\u00f6tigen qualifizierten Messebau? Sprechen Sie uns f\u00fcr einen ersten Ideenaustausch einfach an. <\/p>\n\n\n\n<div class=\"wp-block-buttons is-layout-flex wp-block-buttons-is-layout-flex\">\n<div class=\"wp-block-button\"><a class=\"wp-block-button__link\" href=\"https:\/\/vivaservice.de\/en\/kontakt\/\" style=\"border-radius:15px\">Contact<\/a><\/div>\n<\/div>\n\n\n\n<div style=\"height:45px\" aria-hidden=\"true\" class=\"wp-block-spacer\"><\/div>\n\n\n\n<div class=\"wp-block-buttons is-layout-flex wp-block-buttons-is-layout-flex\">\n<div class=\"wp-block-button\"><a class=\"wp-block-button__link\" href=\"https:\/\/vivaservice.de\/en\/#vivafair\" style=\"border-radius:15px\">zur\u00fcck<\/a><\/div>\n<\/div>\n<\/div>\n<\/div>\n\n\n\n<p><\/p>","protected":false},"excerpt":{"rendered":"<p>vivafair wendet sich mit seinen Dienstleistungen ebenfalls an Messeveranstalter und Organisatoren von Events. Durch eine Ausschreibung von vivafair k\u00f6nnen wir Ihnen Angebote von qualifizierten Messebauunternehmen vermitteln. Au\u00dferdem bietet vivafair Ihnen weitere M\u00f6glichkeiten einer Zusammenarbeit, die f\u00fcr beide Seiten von Vorteil ist. Sie organiseren eine Messe oder eine Veranstaltung und ben\u00f6tigen qualifizierten Messebau? Sprechen Sie uns [&hellip;]<\/p>\n","protected":false},"author":1,"featured_media":0,"parent":0,"menu_order":0,"comment_status":"closed","ping_status":"closed","template":"","meta":{"footnotes":""},"class_list":["post-1184","page","type-page","status-publish","hentry"],"yoast_head":"<!-- This site is optimized with the Yoast SEO plugin v27.4 - https:\/\/yoast.com\/product\/yoast-seo-wordpress\/ -->\n<title>Messeveranstalter - viva-service AG<\/title>\n<meta name=\"robots\" content=\"index, follow, max-snippet:-1, max-image-preview:large, max-video-preview:-1\" \/>\n<link rel=\"canonical\" href=\"https:\/\/vivaservice.de\/en\/messeveranstalter\/\" \/>\n<meta property=\"og:locale\" content=\"en_GB\" \/>\n<meta property=\"og:type\" content=\"article\" \/>\n<meta property=\"og:title\" content=\"Messeveranstalter - viva-service AG\" \/>\n<meta property=\"og:description\" content=\"vivafair wendet sich mit seinen Dienstleistungen ebenfalls an Messeveranstalter und Organisatoren von Events. Durch eine Ausschreibung von vivafair k\u00f6nnen wir Ihnen Angebote von qualifizierten Messebauunternehmen vermitteln. Au\u00dferdem bietet vivafair Ihnen weitere M\u00f6glichkeiten einer Zusammenarbeit, die f\u00fcr beide Seiten von Vorteil ist. Sie organiseren eine Messe oder eine Veranstaltung und ben\u00f6tigen qualifizierten Messebau? Sprechen Sie uns [&hellip;]\" \/>\n<meta property=\"og:url\" content=\"https:\/\/vivaservice.de\/en\/messeveranstalter\/\" \/>\n<meta property=\"og:site_name\" content=\"viva-service AG\" \/>\n<meta property=\"article:modified_time\" content=\"2022-04-28T08:42:43+00:00\" \/>\n<meta name=\"twitter:card\" content=\"summary_large_image\" \/>\n<meta name=\"twitter:label1\" content=\"Estimated reading time\" \/>\n\t<meta name=\"twitter:data1\" content=\"1 minute\" \/>\n<script type=\"application\/ld+json\" class=\"yoast-schema-graph\">{\"@context\":\"https:\\\/\\\/schema.org\",\"@graph\":[{\"@type\":\"WebPage\",\"@id\":\"https:\\\/\\\/vivaservice.de\\\/messeveranstalter\\\/\",\"url\":\"https:\\\/\\\/vivaservice.de\\\/messeveranstalter\\\/\",\"name\":\"Messeveranstalter - viva-service AG\",\"isPartOf\":{\"@id\":\"https:\\\/\\\/vivaservice.de\\\/#website\"},\"datePublished\":\"2021-09-28T16:54:11+00:00\",\"dateModified\":\"2022-04-28T08:42:43+00:00\",\"breadcrumb\":{\"@id\":\"https:\\\/\\\/vivaservice.de\\\/messeveranstalter\\\/#breadcrumb\"},\"inLanguage\":\"en-GB\",\"potentialAction\":[{\"@type\":\"ReadAction\",\"target\":[\"https:\\\/\\\/vivaservice.de\\\/messeveranstalter\\\/\"]}]},{\"@type\":\"BreadcrumbList\",\"@id\":\"https:\\\/\\\/vivaservice.de\\\/messeveranstalter\\\/#breadcrumb\",\"itemListElement\":[{\"@type\":\"ListItem\",\"position\":1,\"name\":\"Startseite\",\"item\":\"https:\\\/\\\/vivaservice.de\\\/\"},{\"@type\":\"ListItem\",\"position\":2,\"name\":\"Messeveranstalter\"}]},{\"@type\":\"WebSite\",\"@id\":\"https:\\\/\\\/vivaservice.de\\\/#website\",\"url\":\"https:\\\/\\\/vivaservice.de\\\/\",\"name\":\"viva-service AG\",\"description\":\"\",\"publisher\":{\"@id\":\"https:\\\/\\\/vivaservice.de\\\/#organization\"},\"potentialAction\":[{\"@type\":\"SearchAction\",\"target\":{\"@type\":\"EntryPoint\",\"urlTemplate\":\"https:\\\/\\\/vivaservice.de\\\/?s={search_term_string}\"},\"query-input\":{\"@type\":\"PropertyValueSpecification\",\"valueRequired\":true,\"valueName\":\"search_term_string\"}}],\"inLanguage\":\"en-GB\"},{\"@type\":\"Organization\",\"@id\":\"https:\\\/\\\/vivaservice.de\\\/#organization\",\"name\":\"viva-service AG\",\"url\":\"https:\\\/\\\/vivaservice.de\\\/\",\"logo\":{\"@type\":\"ImageObject\",\"inLanguage\":\"en-GB\",\"@id\":\"https:\\\/\\\/vivaservice.de\\\/#\\\/schema\\\/logo\\\/image\\\/\",\"url\":\"https:\\\/\\\/vivaservice.de\\\/wp-content\\\/uploads\\\/2025\\\/06\\\/cropped-Wort-Bildmarke_150px.png\",\"contentUrl\":\"https:\\\/\\\/vivaservice.de\\\/wp-content\\\/uploads\\\/2025\\\/06\\\/cropped-Wort-Bildmarke_150px.png\",\"width\":151,\"height\":69,\"caption\":\"viva-service AG\"},\"image\":{\"@id\":\"https:\\\/\\\/vivaservice.de\\\/#\\\/schema\\\/logo\\\/image\\\/\"}}]}<\/script>\n<!-- \/ Yoast SEO plugin. -->","yoast_head_json":{"title":"Messeveranstalter - viva-service AG","robots":{"index":"index","follow":"follow","max-snippet":"max-snippet:-1","max-image-preview":"max-image-preview:large","max-video-preview":"max-video-preview:-1"},"canonical":"https:\/\/vivaservice.de\/en\/messeveranstalter\/","og_locale":"en_GB","og_type":"article","og_title":"Messeveranstalter - viva-service AG","og_description":"vivafair wendet sich mit seinen Dienstleistungen ebenfalls an Messeveranstalter und Organisatoren von Events. Durch eine Ausschreibung von vivafair k\u00f6nnen wir Ihnen Angebote von qualifizierten Messebauunternehmen vermitteln. Au\u00dferdem bietet vivafair Ihnen weitere M\u00f6glichkeiten einer Zusammenarbeit, die f\u00fcr beide Seiten von Vorteil ist. Sie organiseren eine Messe oder eine Veranstaltung und ben\u00f6tigen qualifizierten Messebau? Sprechen Sie uns [&hellip;]","og_url":"https:\/\/vivaservice.de\/en\/messeveranstalter\/","og_site_name":"viva-service AG","article_modified_time":"2022-04-28T08:42:43+00:00","twitter_card":"summary_large_image","twitter_misc":{"Estimated reading time":"1 minute"},"schema":{"@context":"https:\/\/schema.org","@graph":[{"@type":"WebPage","@id":"https:\/\/vivaservice.de\/messeveranstalter\/","url":"https:\/\/vivaservice.de\/messeveranstalter\/","name":"Messeveranstalter - viva-service AG","isPartOf":{"@id":"https:\/\/vivaservice.de\/#website"},"datePublished":"2021-09-28T16:54:11+00:00","dateModified":"2022-04-28T08:42:43+00:00","breadcrumb":{"@id":"https:\/\/vivaservice.de\/messeveranstalter\/#breadcrumb"},"inLanguage":"en-GB","potentialAction":[{"@type":"ReadAction","target":["https:\/\/vivaservice.de\/messeveranstalter\/"]}]},{"@type":"BreadcrumbList","@id":"https:\/\/vivaservice.de\/messeveranstalter\/#breadcrumb","itemListElement":[{"@type":"ListItem","position":1,"name":"Startseite","item":"https:\/\/vivaservice.de\/"},{"@type":"ListItem","position":2,"name":"Messeveranstalter"}]},{"@type":"WebSite","@id":"https:\/\/vivaservice.de\/#website","url":"https:\/\/vivaservice.de\/","name":"viva-service AG","description":"","publisher":{"@id":"https:\/\/vivaservice.de\/#organization"},"potentialAction":[{"@type":"SearchAction","target":{"@type":"EntryPoint","urlTemplate":"https:\/\/vivaservice.de\/?s={search_term_string}"},"query-input":{"@type":"PropertyValueSpecification","valueRequired":true,"valueName":"search_term_string"}}],"inLanguage":"en-GB"},{"@type":"Organization","@id":"https:\/\/vivaservice.de\/#organization","name":"viva-service AG","url":"https:\/\/vivaservice.de\/","logo":{"@type":"ImageObject","inLanguage":"en-GB","@id":"https:\/\/vivaservice.de\/#\/schema\/logo\/image\/","url":"https:\/\/vivaservice.de\/wp-content\/uploads\/2025\/06\/cropped-Wort-Bildmarke_150px.png","contentUrl":"https:\/\/vivaservice.de\/wp-content\/uploads\/2025\/06\/cropped-Wort-Bildmarke_150px.png","width":151,"height":69,"caption":"viva-service AG"},"image":{"@id":"https:\/\/vivaservice.de\/#\/schema\/logo\/image\/"}}]}},"_links":{"self":[{"href":"https:\/\/vivaservice.de\/en\/wp-json\/wp\/v2\/pages\/1184","targetHints":{"allow":["GET"]}}],"collection":[{"href":"https:\/\/vivaservice.de\/en\/wp-json\/wp\/v2\/pages"}],"about":[{"href":"https:\/\/vivaservice.de\/en\/wp-json\/wp\/v2\/types\/page"}],"author":[{"embeddable":true,"href":"https:\/\/vivaservice.de\/en\/wp-json\/wp\/v2\/users\/1"}],"replies":[{"embeddable":true,"href":"https:\/\/vivaservice.de\/en\/wp-json\/wp\/v2\/comments?post=1184"}],"version-history":[{"count":18,"href":"https:\/\/vivaservice.de\/en\/wp-json\/wp\/v2\/pages\/1184\/revisions"}],"predecessor-version":[{"id":2876,"href":"https:\/\/vivaservice.de\/en\/wp-json\/wp\/v2\/pages\/1184\/revisions\/2876"}],"wp:attachment":[{"href":"https:\/\/vivaservice.de\/en\/wp-json\/wp\/v2\/media?parent=1184"}],"curies":[{"name":"wp","href":"https:\/\/api.w.org\/{rel}","templated":true}]}}