{"id":1181,"date":"2021-09-28T18:46:19","date_gmt":"2021-09-28T16:46:19","guid":{"rendered":"https:\/\/vivaservice.de\/viva_test_2\/?page_id=1181"},"modified":"2022-05-13T22:19:52","modified_gmt":"2022-05-13T20:19:52","slug":"aussteller","status":"publish","type":"page","link":"https:\/\/vivaservice.de\/en\/aussteller\/","title":{"rendered":"Messestand planen &#038; Angebote f\u00fcr Messestand einholen"},"content":{"rendered":"<div style=\"height:45px\" aria-hidden=\"true\" class=\"wp-block-spacer\"><\/div>\n\n\n\n<div class=\"wp-block-columns is-layout-flex wp-container-core-columns-is-layout-9d6595d7 wp-block-columns-is-layout-flex\">\n<div class=\"wp-block-column is-layout-flow wp-block-column-is-layout-flow\" style=\"flex-basis:33.33%\">\n<div class=\"alignnormal\"><div id=\"metaslider-id-2776\" style=\"max-width: 500px;\" class=\"ml-slider-3-108-0 metaslider metaslider-flex metaslider-2776 ml-slider has-dots-nav ms-theme-default\" role=\"region\" aria-label=\"Messestand planen\" data-height=\"500\" data-width=\"500\">\n    <div id=\"metaslider_container_2776\">\n        <div id=\"metaslider_2776\">\n            <ul class='slides'>\n                <li style=\"display: block; width: 100%;\" class=\"slide-2778 ms-image\" aria-roledescription=\"slide\" data-date=\"2022-04-20 19:14:17\" data-filename=\"messevorbereitung-300x300.jpeg\" data-slide-type=\"image\"><img loading=\"lazy\" decoding=\"async\" src=\"https:\/\/vivaservice.de\/wp-content\/uploads\/2022\/02\/messevorbereitung-300x300.jpeg\" height=\"500\" width=\"500\" alt=\"Terminplaner\" class=\"slider-2776 slide-2778 msDefaultImage\" title=\"messevorbereitung\" \/><div class=\"caption-wrap\"><div class=\"caption\">Messeplanung<\/div><\/div><\/li>\n                <li style=\"display: none; width: 100%;\" class=\"slide-2780 ms-image\" aria-roledescription=\"slide\" data-date=\"2022-04-20 19:14:40\" data-filename=\"messenachbereitung-190x190.jpeg\" data-slide-type=\"image\"><img loading=\"lazy\" decoding=\"async\" src=\"https:\/\/vivaservice.de\/wp-content\/uploads\/2022\/02\/messenachbereitung-190x190.jpeg\" height=\"500\" width=\"500\" alt=\"Nachbereitung\" class=\"slider-2776 slide-2780 msDefaultImage\" title=\"messenachbereitung\" \/><div class=\"caption-wrap\"><div class=\"caption\">Messenachbereitung<\/div><\/div><\/li>\n            <\/ul>\n        <\/div>\n        \n    <\/div>\n<\/div><\/div>\n<\/div>\n\n\n\n<div class=\"wp-block-column is-layout-flow wp-block-column-is-layout-flow\" style=\"flex-basis:66.66%\">\n<p style=\"font-size:17px\">Vivafair unterst\u00fctzt Aussteller, Beh\u00f6rden, Verb\u00e4nde und Agenturen bei der Messeteilnahme. Zu einem erfolgt die Unterst\u00fctzung durch ein umfangreiches Planungs- und Informationsangebot. Zum anderen k\u00f6nnen Aussteller mit einer Ausschreibung auf vivafair bis zu drei Messebauangebote einholen. Das spart Zeit und Geld. Erfahren Sie hier mehr dazu, wie vivafair Sie bei der Planung Ihrer Messeteilnahme unterst\u00fctzen kann.<\/p>\n\n\n\n<h3 class=\"wp-block-heading\" id=\"die-phasen-eines-messeauftritts\">Die Phasen eines Messeauftritts<\/h3>\n\n\n\n<p style=\"font-size:17px\">Die Internetplattform vivafair unterst\u00fctzt Aussteller mit seinen Ratgebern und \u00cdnformationen bei der Planung des Messeauftritts. Es gibt drei Phasen einer erfolgreichen Messeteilnahme. <\/p>\n\n\n\n<p style=\"font-size:17px\">Die erste Phase ist die Messevorbereitung und Planung. In dieser Phase unterst\u00fctzt vivafair Sie mit umfangreichen Informationen. Bevor Sie mit der Messeplanung beginnen, sollten Sie die Ziele und Gr\u00fcnde f\u00fcr die Messeteilnahme festlegen. Nur so k\u00f6nnen Sie sp\u00e4ter die Erfolge messen. Ein nicht zu vernachl\u00e4ssingender Posten ist das ben\u00f6tigte Messebudget. Dies bedingt die weitere Planung und sollte immer im Blick bleiben. Das Kernst\u00fcck einer jeden Messe ist der Messestand mit seinen pr\u00e4sentierten Produkten und Dienstleistungen. Nutzen Sie bei der Planung die Tipps zur Gestaltung eines Messestandes. Informieren Sie sich \u00fcber die unterschiedlichen, g\u00e4ngigen Messestandtypen. Holen Sie sich mehrere Angebote f\u00fcr Ihren Messestand mit einer Ausschreibung bei vivafair ein. Vergleichen Sie die Konzepte und w\u00e4hlen Sie das beste Messebauangebot.  Hilftreich sind auch die Informationen zur gestalterischen Planung eines Messestandes. Investieren Sie Zeit und Ressourcen in die Messevorbereitung. Mit einer guten Plannung lassen sich viele Fehler vermeiden. Die zweite Phase ist die Messedurchf\u00fchrung. Die dritte Phase ist die Messenachbereitung mit der Erfolgsmessung.<\/p>\n<\/div>\n<\/div>\n\n\n\n<h3 class=\"wp-block-heading\" id=\"ratgeber\">Ratgeber<\/h3>\n\n\n\n<p style=\"font-size:17px\">In den Ratgebern finden Sie nicht nur Informationen zur Messevorbereitung, sondern auch Tipps zur Messedurchf\u00fchrung und im Anschluss zur Messenachbereitung.  Bevor Sie mit der Planung der Messeteilnahme beginnen, ist es wichtig ein Budget und Ziele f\u00fcr die Messeteilnahme fest zulegen. Diese sollten Sie bei der Planung immer im Auge behalten. Holen Sie sich mit einer Ausschreibung \u00fcber vivafair mehrere Angebote f\u00fcr Ihren Messestand ein. Vergleichen Sie die angebotenen Konzepte f\u00fcr Ihren Messestand. Danach w\u00e4hlen Sie das  Messebauunternehmen mit dem besten Angebot aus. <\/p>\n\n\n\n<p style=\"font-size:17px\">Aber nicht nur die Gestaltung des Messestandes ist wichtig, sondern auch die Definition der Ziele f\u00fcr die Messeteilnahme und deren Erfolgsmessung. Weitere Informationen finden Sie dazu im<\/p>\n\n\n\n<div class=\"wp-block-buttons is-layout-flex wp-block-buttons-is-layout-flex\">\n<div class=\"wp-block-button\"><a class=\"wp-block-button__link\" href=\"https:\/\/www.vivafair.com\/artikelseiten\" style=\"border-radius:15px\" target=\"_blank\" rel=\"noreferrer noopener\">Ratgeber Messebau<\/a><\/div>\n<\/div>\n\n\n\n<div style=\"height:45px\" aria-hidden=\"true\" class=\"wp-block-spacer\"><\/div>\n\n\n\n<h3 class=\"wp-block-heading\" id=\"messestand-planen-und-angebote-fur-standbau-einholen\">Messestand planen und Angebote f\u00fcr Standbau einholen<\/h3>\n\n\n\n<p style=\"font-size:17px\">Eine zentrale Aufgabe bei der Planung des Messeauftritts ist neben der Produktpr\u00e4sentation und der Aktionen auf dem Messestand, der Stand an sich. Dazu geh\u00f6ren die Festlegung eines Budgets f\u00fcr den Messestand und die Festlegung der Anforderungen an den diesen. Vivafair unterst\u00fctzt den Aussteller bei der Konfiguration des Messestandes durch ein standardisiertes Ausschreibungsformular. In diesem Formular werden die grundlegenden Anforderungen an einen Messestand abgefragt. Diese Informationen helfen dem Messebauunternehmen bei der Erstellung eines Angebots f\u00fcr den Messsestand. Je mehr Informationen der Aussteller liefert und je konkreter der Aussteller seine Vorstellungen darlegt, umso genauer kann das Standbauunternehmen sein Angebot f\u00fcr den Messestand spezifizieren. Das Ausschreibungsformular wird anonymisiert an unsere Messebauunternehmen versendet. Nach Pr\u00fcfung der Angaben durch die Standbauunternehmen und R\u00fccksprache mit dem Aussteller erh\u00e4lt der Aussteller bis zu drei Angebote f\u00fcr den geplanten Messestand. <\/p>\n\n\n\n<div class=\"wp-block-buttons is-layout-flex wp-block-buttons-is-layout-flex\">\n<div class=\"wp-block-button\"><a class=\"wp-block-button__link\" href=\"https:\/\/www.vivafair.com\/neue-messestand-ausschreibung\" style=\"border-radius:15px\" target=\"_blank\" rel=\"noreferrer noopener\">Angebote f\u00fcr Messestand einholen<\/a><\/div>\n<\/div>\n\n\n\n<div style=\"height:45px\" aria-hidden=\"true\" class=\"wp-block-spacer\"><\/div>\n\n\n\n<div class=\"wp-block-buttons is-layout-flex wp-block-buttons-is-layout-flex\">\n<div class=\"wp-block-button\"><a class=\"wp-block-button__link\" href=\"https:\/\/vivaservice.de\/en\/#vivafair\" style=\"border-radius:15px\">zur\u00fcck<\/a><\/div>\n<\/div>\n\n\n\n<p><\/p>","protected":false},"excerpt":{"rendered":"<p>Vivafair unterst\u00fctzt Aussteller, Beh\u00f6rden, Verb\u00e4nde und Agenturen bei der Messeteilnahme. Zu einem erfolgt die Unterst\u00fctzung durch ein umfangreiches Planungs- und Informationsangebot. Zum anderen k\u00f6nnen Aussteller mit einer Ausschreibung auf vivafair bis zu drei Messebauangebote einholen. Das spart Zeit und Geld. Erfahren Sie hier mehr dazu, wie vivafair Sie bei der Planung Ihrer Messeteilnahme unterst\u00fctzen kann. [&hellip;]<\/p>\n","protected":false},"author":1,"featured_media":0,"parent":0,"menu_order":0,"comment_status":"closed","ping_status":"closed","template":"","meta":{"footnotes":""},"class_list":["post-1181","page","type-page","status-publish","hentry"],"yoast_head":"<!-- This site is optimized with the Yoast SEO plugin v27.4 - https:\/\/yoast.com\/product\/yoast-seo-wordpress\/ -->\n<title>Messestand planen &amp; Angebote f\u00fcr Messestand einholen - viva-service AG<\/title>\n<meta name=\"description\" content=\"Ausschreibung auf vivafair starten und bis zu drei Angebote f\u00fcr Ihren Messestand erhalten. Angebote f\u00fcr Messebau und Standbau vergleichen.\" \/>\n<meta name=\"robots\" content=\"index, follow, max-snippet:-1, max-image-preview:large, max-video-preview:-1\" \/>\n<link rel=\"canonical\" href=\"https:\/\/vivaservice.de\/en\/aussteller\/\" \/>\n<meta property=\"og:locale\" content=\"en_GB\" \/>\n<meta property=\"og:type\" content=\"article\" \/>\n<meta property=\"og:title\" content=\"Messestand planen &amp; Angebote f\u00fcr Messestand einholen - viva-service AG\" \/>\n<meta property=\"og:description\" content=\"Ausschreibung auf vivafair starten und bis zu drei Angebote f\u00fcr Ihren Messestand erhalten. Angebote f\u00fcr Messebau und Standbau vergleichen.\" \/>\n<meta property=\"og:url\" content=\"https:\/\/vivaservice.de\/en\/aussteller\/\" \/>\n<meta property=\"og:site_name\" content=\"viva-service AG\" \/>\n<meta property=\"article:modified_time\" content=\"2022-05-13T20:19:52+00:00\" \/>\n<meta name=\"twitter:card\" content=\"summary_large_image\" \/>\n<meta name=\"twitter:label1\" content=\"Estimated reading time\" \/>\n\t<meta name=\"twitter:data1\" content=\"3 minutes\" \/>\n<script type=\"application\/ld+json\" class=\"yoast-schema-graph\">{\"@context\":\"https:\\\/\\\/schema.org\",\"@graph\":[{\"@type\":\"WebPage\",\"@id\":\"https:\\\/\\\/vivaservice.de\\\/aussteller\\\/\",\"url\":\"https:\\\/\\\/vivaservice.de\\\/aussteller\\\/\",\"name\":\"Messestand planen & Angebote f\u00fcr Messestand einholen - viva-service AG\",\"isPartOf\":{\"@id\":\"https:\\\/\\\/vivaservice.de\\\/#website\"},\"datePublished\":\"2021-09-28T16:46:19+00:00\",\"dateModified\":\"2022-05-13T20:19:52+00:00\",\"description\":\"Ausschreibung auf vivafair starten und bis zu drei Angebote f\u00fcr Ihren Messestand erhalten. Angebote f\u00fcr Messebau und Standbau vergleichen.\",\"breadcrumb\":{\"@id\":\"https:\\\/\\\/vivaservice.de\\\/aussteller\\\/#breadcrumb\"},\"inLanguage\":\"en-GB\",\"potentialAction\":[{\"@type\":\"ReadAction\",\"target\":[\"https:\\\/\\\/vivaservice.de\\\/aussteller\\\/\"]}]},{\"@type\":\"BreadcrumbList\",\"@id\":\"https:\\\/\\\/vivaservice.de\\\/aussteller\\\/#breadcrumb\",\"itemListElement\":[{\"@type\":\"ListItem\",\"position\":1,\"name\":\"Startseite\",\"item\":\"https:\\\/\\\/vivaservice.de\\\/\"},{\"@type\":\"ListItem\",\"position\":2,\"name\":\"Messestand planen &#038; Angebote f\u00fcr Messestand einholen\"}]},{\"@type\":\"WebSite\",\"@id\":\"https:\\\/\\\/vivaservice.de\\\/#website\",\"url\":\"https:\\\/\\\/vivaservice.de\\\/\",\"name\":\"viva-service AG\",\"description\":\"\",\"publisher\":{\"@id\":\"https:\\\/\\\/vivaservice.de\\\/#organization\"},\"potentialAction\":[{\"@type\":\"SearchAction\",\"target\":{\"@type\":\"EntryPoint\",\"urlTemplate\":\"https:\\\/\\\/vivaservice.de\\\/?s={search_term_string}\"},\"query-input\":{\"@type\":\"PropertyValueSpecification\",\"valueRequired\":true,\"valueName\":\"search_term_string\"}}],\"inLanguage\":\"en-GB\"},{\"@type\":\"Organization\",\"@id\":\"https:\\\/\\\/vivaservice.de\\\/#organization\",\"name\":\"viva-service AG\",\"url\":\"https:\\\/\\\/vivaservice.de\\\/\",\"logo\":{\"@type\":\"ImageObject\",\"inLanguage\":\"en-GB\",\"@id\":\"https:\\\/\\\/vivaservice.de\\\/#\\\/schema\\\/logo\\\/image\\\/\",\"url\":\"https:\\\/\\\/vivaservice.de\\\/wp-content\\\/uploads\\\/2025\\\/06\\\/cropped-Wort-Bildmarke_150px.png\",\"contentUrl\":\"https:\\\/\\\/vivaservice.de\\\/wp-content\\\/uploads\\\/2025\\\/06\\\/cropped-Wort-Bildmarke_150px.png\",\"width\":151,\"height\":69,\"caption\":\"viva-service AG\"},\"image\":{\"@id\":\"https:\\\/\\\/vivaservice.de\\\/#\\\/schema\\\/logo\\\/image\\\/\"}}]}<\/script>\n<!-- \/ Yoast SEO plugin. -->","yoast_head_json":{"title":"Messestand planen & Angebote f\u00fcr Messestand einholen - viva-service AG","description":"Ausschreibung auf vivafair starten und bis zu drei Angebote f\u00fcr Ihren Messestand erhalten. Angebote f\u00fcr Messebau und Standbau vergleichen.","robots":{"index":"index","follow":"follow","max-snippet":"max-snippet:-1","max-image-preview":"max-image-preview:large","max-video-preview":"max-video-preview:-1"},"canonical":"https:\/\/vivaservice.de\/en\/aussteller\/","og_locale":"en_GB","og_type":"article","og_title":"Messestand planen & Angebote f\u00fcr Messestand einholen - viva-service AG","og_description":"Ausschreibung auf vivafair starten und bis zu drei Angebote f\u00fcr Ihren Messestand erhalten. Angebote f\u00fcr Messebau und Standbau vergleichen.","og_url":"https:\/\/vivaservice.de\/en\/aussteller\/","og_site_name":"viva-service AG","article_modified_time":"2022-05-13T20:19:52+00:00","twitter_card":"summary_large_image","twitter_misc":{"Estimated reading time":"3 minutes"},"schema":{"@context":"https:\/\/schema.org","@graph":[{"@type":"WebPage","@id":"https:\/\/vivaservice.de\/aussteller\/","url":"https:\/\/vivaservice.de\/aussteller\/","name":"Messestand planen & Angebote f\u00fcr Messestand einholen - viva-service AG","isPartOf":{"@id":"https:\/\/vivaservice.de\/#website"},"datePublished":"2021-09-28T16:46:19+00:00","dateModified":"2022-05-13T20:19:52+00:00","description":"Ausschreibung auf vivafair starten und bis zu drei Angebote f\u00fcr Ihren Messestand erhalten. Angebote f\u00fcr Messebau und Standbau vergleichen.","breadcrumb":{"@id":"https:\/\/vivaservice.de\/aussteller\/#breadcrumb"},"inLanguage":"en-GB","potentialAction":[{"@type":"ReadAction","target":["https:\/\/vivaservice.de\/aussteller\/"]}]},{"@type":"BreadcrumbList","@id":"https:\/\/vivaservice.de\/aussteller\/#breadcrumb","itemListElement":[{"@type":"ListItem","position":1,"name":"Startseite","item":"https:\/\/vivaservice.de\/"},{"@type":"ListItem","position":2,"name":"Messestand planen &#038; Angebote f\u00fcr Messestand einholen"}]},{"@type":"WebSite","@id":"https:\/\/vivaservice.de\/#website","url":"https:\/\/vivaservice.de\/","name":"viva-service AG","description":"","publisher":{"@id":"https:\/\/vivaservice.de\/#organization"},"potentialAction":[{"@type":"SearchAction","target":{"@type":"EntryPoint","urlTemplate":"https:\/\/vivaservice.de\/?s={search_term_string}"},"query-input":{"@type":"PropertyValueSpecification","valueRequired":true,"valueName":"search_term_string"}}],"inLanguage":"en-GB"},{"@type":"Organization","@id":"https:\/\/vivaservice.de\/#organization","name":"viva-service AG","url":"https:\/\/vivaservice.de\/","logo":{"@type":"ImageObject","inLanguage":"en-GB","@id":"https:\/\/vivaservice.de\/#\/schema\/logo\/image\/","url":"https:\/\/vivaservice.de\/wp-content\/uploads\/2025\/06\/cropped-Wort-Bildmarke_150px.png","contentUrl":"https:\/\/vivaservice.de\/wp-content\/uploads\/2025\/06\/cropped-Wort-Bildmarke_150px.png","width":151,"height":69,"caption":"viva-service AG"},"image":{"@id":"https:\/\/vivaservice.de\/#\/schema\/logo\/image\/"}}]}},"_links":{"self":[{"href":"https:\/\/vivaservice.de\/en\/wp-json\/wp\/v2\/pages\/1181","targetHints":{"allow":["GET"]}}],"collection":[{"href":"https:\/\/vivaservice.de\/en\/wp-json\/wp\/v2\/pages"}],"about":[{"href":"https:\/\/vivaservice.de\/en\/wp-json\/wp\/v2\/types\/page"}],"author":[{"embeddable":true,"href":"https:\/\/vivaservice.de\/en\/wp-json\/wp\/v2\/users\/1"}],"replies":[{"embeddable":true,"href":"https:\/\/vivaservice.de\/en\/wp-json\/wp\/v2\/comments?post=1181"}],"version-history":[{"count":103,"href":"https:\/\/vivaservice.de\/en\/wp-json\/wp\/v2\/pages\/1181\/revisions"}],"predecessor-version":[{"id":2962,"href":"https:\/\/vivaservice.de\/en\/wp-json\/wp\/v2\/pages\/1181\/revisions\/2962"}],"wp:attachment":[{"href":"https:\/\/vivaservice.de\/en\/wp-json\/wp\/v2\/media?parent=1181"}],"curies":[{"name":"wp","href":"https:\/\/api.w.org\/{rel}","templated":true}]}}