{"id":1151,"date":"2021-09-14T15:06:35","date_gmt":"2021-09-14T13:06:35","guid":{"rendered":"https:\/\/vivaservice.de\/viva_test_2\/?page_id=1151"},"modified":"2022-05-13T22:38:35","modified_gmt":"2022-05-13T20:38:35","slug":"gastronomiezubehoer","status":"publish","type":"page","link":"https:\/\/vivaservice.de\/en\/gastronomiezubehoer\/","title":{"rendered":"Gastronomiezubeh\u00f6r"},"content":{"rendered":"<div class=\"wp-block-columns is-layout-flex wp-container-core-columns-is-layout-9d6595d7 wp-block-columns-is-layout-flex\">\n<div class=\"wp-block-column is-layout-flow wp-block-column-is-layout-flow\" style=\"flex-basis:40%\">\n<div class=\"alignnormal\"><div id=\"metaslider-id-2736\" style=\"max-width: 500px;\" class=\"ml-slider-3-108-0 metaslider metaslider-flex metaslider-2736 ml-slider has-dots-nav ms-theme-default\" role=\"region\" aria-label=\"Gastronomiezubeh\u00f6r\" data-height=\"500\" data-width=\"500\">\n    <div id=\"metaslider_container_2736\">\n        <div id=\"metaslider_2736\">\n            <ul class='slides'>\n                <li style=\"display: block; width: 100%;\" class=\"slide-2738 ms-image\" aria-roledescription=\"slide\" data-date=\"2022-04-11 14:36:17\" data-filename=\"eurostar_silber-500x500.jpg\" data-slide-type=\"image\"><img loading=\"lazy\" decoding=\"async\" src=\"https:\/\/vivaservice.de\/wp-content\/uploads\/2022\/02\/eurostar_silber-500x500.jpg\" height=\"500\" width=\"500\" alt=\"Eurostar Zapfhahn silber\" class=\"slider-2736 slide-2738 msDefaultImage\" title=\"eurostar_silber\" \/><div class=\"caption-wrap\"><div class=\"caption\">Eurostar Zapfhahn Edelstahl<\/div><\/div><\/li>\n                <li style=\"display: none; width: 100%;\" class=\"slide-2777 ms-image\" aria-roledescription=\"slide\" data-date=\"2022-04-20 19:11:27\" data-filename=\"dichtungen-e1650474620807-375x375.jpg\" data-slide-type=\"image\"><img loading=\"lazy\" decoding=\"async\" src=\"https:\/\/vivaservice.de\/wp-content\/uploads\/2022\/02\/dichtungen-e1650474620807-375x375.jpg\" height=\"500\" width=\"500\" alt=\"verschiedene Dichtungsringe\" class=\"slider-2736 slide-2777 msDefaultImage\" title=\"dichtungen\" \/><div class=\"caption-wrap\"><div class=\"caption\">Dichtungen<\/div><\/div><\/li>\n                <li style=\"display: none; width: 100%;\" class=\"slide-2739 ms-image\" aria-roledescription=\"slide\" data-date=\"2022-04-11 14:36:24\" data-filename=\"eurostar_messing-500x500.jpg\" data-slide-type=\"image\"><img loading=\"lazy\" decoding=\"async\" src=\"https:\/\/vivaservice.de\/wp-content\/uploads\/2022\/02\/eurostar_messing-500x500.jpg\" height=\"500\" width=\"500\" alt=\"Eurostar Zapfhahn Messing\" class=\"slider-2736 slide-2739 msDefaultImage\" title=\"eurostar_messing\" \/><div class=\"caption-wrap\"><div class=\"caption\">Eurostar Zapfhahn Messing<\/div><\/div><\/li>\n                <li style=\"display: none; width: 100%;\" class=\"slide-2741 ms-image\" aria-roledescription=\"slide\" data-date=\"2022-04-11 14:36:39\" data-filename=\"Fluegelmutter_anthrazit-310x310.jpg\" data-slide-type=\"image\"><img loading=\"lazy\" decoding=\"async\" src=\"https:\/\/vivaservice.de\/wp-content\/uploads\/2022\/02\/Fluegelmutter_anthrazit-310x310.jpg\" height=\"500\" width=\"500\" alt=\"Fl\u00fcgelmutter\" class=\"slider-2736 slide-2741 msDefaultImage\" title=\"Fl\u00fcgelmutter_anthrazit\" \/><div class=\"caption-wrap\"><div class=\"caption\">Fl\u00fcgelmutter<\/div><\/div><\/li>\n            <\/ul>\n        <\/div>\n        \n    <\/div>\n<\/div><\/div>\n<\/div>\n\n\n\n<div class=\"wp-block-column is-layout-flow wp-block-column-is-layout-flow\" style=\"flex-basis:66.66%\">\n<div style=\"height:45px\" aria-hidden=\"true\" class=\"wp-block-spacer\"><\/div>\n\n\n\n<h3 class=\"has-text-align-center wp-block-heading\">Gastronomiezubeh\u00f6r f\u00fcr Ihre Schankanlage, hochwertige Zapfh\u00e4hne, Begleitk\u00fchler, Theken und Reinigungsmittel f\u00fcr Ihre Schankanlage. Sicherheit mit youvee Luftreinigern<\/h3>\n\n\n\n<div style=\"height:45px\" aria-hidden=\"true\" class=\"wp-block-spacer\"><\/div>\n\n\n\n<p style=\"font-size:17px\">viva gastroservice kann Ihnen eine gro\u00dfe Palette an Produkten f\u00fcr Ihre Schankanlage anbieten. Wir liefern Ihnen gerne hochwertige Produkte, von denen wir \u00fcberzeugt sind und die sich unserer Erfahrung nach bew\u00e4hrt haben. Wir stellen immer wieder fest, dass sich beim Gastronomiezubeh\u00f6r Qualit\u00e4t auf lange Sicht einfach auszahlt.<\/p>\n\n\n\n<h3 class=\"wp-block-heading\">Zapfh\u00e4hne der Firma Raffeiner aus S\u00fcdtirol als Gastronomiezubeh\u00f6r<\/h3>\n\n\n\n<p style=\"font-size:17px\">Seit Jahren machen wir beste Erfahrungen mit den hochwertigen Zapfh\u00e4hnen der Firma Raffeiner. Diese Zapfh\u00e4hne sind sehr langlebig, lassen sich gut zerlegen und reinigen. Die Zapfh\u00e4hne von Raffeiner sind ein Qualit\u00e4tsprodukt aus S\u00fcdtirol. Sie k\u00f6nnen sich sogar Ihre Zapfh\u00e4hne von Raffeiner individualisieren lassen. Kontaktieren Sie uns f\u00fcr ein Angebot.<\/p>\n\n\n\n<div style=\"height:45px\" aria-hidden=\"true\" class=\"wp-block-spacer\"><\/div>\n<\/div>\n<\/div>\n\n\n\n<h3 class=\"wp-block-heading\">Reinigungsmittel der Firma Thonhauser mit dem patentierten TM-Farbindikator<\/h3>\n\n\n\n<p style=\"font-size:17px\">Wir nutzen seit Jahren die Reinigungsmittel der Firma Thonhauser mit dem patentierten TM-Farbindikator wie zum Beispiel Desana. In der Praxis haben sich diese Produkte einfach bew\u00e4hrt. Wir verkaufen Ihnen auch kleine Gebinde.<\/p>\n\n\n\n<div style=\"height:45px\" aria-hidden=\"true\" class=\"wp-block-spacer\"><\/div>\n\n\n\n<h3 class=\"wp-block-heading\">Tafelwasseranlagen von blupura<\/h3>\n\n\n\n<p>Wir vertreiben, warten, reinigen und bauen die Tafelwasseranalgen von blupura ein. Die Tafelwasseranlagen sind nicht nur stylisch, sondern auch in den unterschiedlichsten Variationen f\u00fcr Gastronomie, Gewerbe und den Privatgebrauch konzipiert. Weitere Informationen finden Sie hier <\/p>\n\n\n\n<div class=\"wp-block-buttons is-layout-flex wp-block-buttons-is-layout-flex\">\n<div class=\"wp-block-button\"><a class=\"wp-block-button__link\" href=\"https:\/\/vivaservice.de\/en\/vertrieb-reinigung-service-von-tafelwasseranlagen-und-wasserspendern\/\" style=\"border-radius:15px\">Tafelwasseranlagen<\/a><\/div>\n<\/div>\n\n\n\n<div style=\"height:45px\" aria-hidden=\"true\" class=\"wp-block-spacer\"><\/div>\n\n\n\n<h3 class=\"wp-block-heading\">Mobile Luftreiniger von youvee<\/h3>\n\n\n\n<p style=\"font-size:17px\">Die Sicherheit Ihrer G\u00e4ste und Personal liegt Ihnen am Herzen? Sch\u00fctzen Sie Ihre G\u00e4ste und Ihr Personal mit den mobilen Luftreinigern von youvee. Die mobilen Luftreiniger haben nicht nur ein modernes Design, sie sind auch sehr effizient und wirksam. <\/p>\n\n\n\n<div class=\"wp-block-buttons is-layout-flex wp-block-buttons-is-layout-flex\">\n<div class=\"wp-block-button\"><a class=\"wp-block-button__link\" href=\"https:\/\/vivaservice.de\/en\/luftfilter\/\" style=\"border-radius:15px\">Luftfilteranlagen<\/a><\/div>\n<\/div>\n\n\n\n<div style=\"height:45px\" aria-hidden=\"true\" class=\"wp-block-spacer\"><\/div>\n\n\n\n<p style=\"font-size:17px\">Sie ben\u00f6tigen weiteres Gastronomiezubeh\u00f6r?<br>Kontaktieren Sie uns!<\/p>\n\n\n\n<div class=\"wp-block-buttons is-layout-flex wp-block-buttons-is-layout-flex\">\n<div class=\"wp-block-button\"><a class=\"wp-block-button__link\" href=\"https:\/\/vivaservice.de\/en\/kontakt\/\" style=\"border-radius:15px\">Anfrage Gastronomiezubeh\u00f6r<\/a><\/div>\n<\/div>\n\n\n\n<div style=\"height:45px\" aria-hidden=\"true\" class=\"wp-block-spacer\"><\/div>\n\n\n\n<div class=\"wp-block-buttons is-layout-flex wp-block-buttons-is-layout-flex\">\n<div class=\"wp-block-button\"><a class=\"wp-block-button__link\" href=\"https:\/\/vivaservice.de\/en\/#viva-gastroservice\" style=\"border-radius:15px\">zur\u00fcck<\/a><\/div>\n<\/div>","protected":false},"excerpt":{"rendered":"<p>Gastronomiezubeh\u00f6r f\u00fcr Ihre Schankanlage, hochwertige Zapfh\u00e4hne, Begleitk\u00fchler, Theken und Reinigungsmittel f\u00fcr Ihre Schankanlage. Sicherheit mit youvee Luftreinigern viva gastroservice kann Ihnen eine gro\u00dfe Palette an Produkten f\u00fcr Ihre Schankanlage anbieten. Wir liefern Ihnen gerne hochwertige Produkte, von denen wir \u00fcberzeugt sind und die sich unserer Erfahrung nach bew\u00e4hrt haben. Wir stellen immer wieder fest, dass [&hellip;]<\/p>\n","protected":false},"author":1,"featured_media":0,"parent":0,"menu_order":0,"comment_status":"closed","ping_status":"closed","template":"","meta":{"footnotes":""},"class_list":["post-1151","page","type-page","status-publish","hentry"],"yoast_head":"<!-- This site is optimized with the Yoast SEO plugin v27.4 - https:\/\/yoast.com\/product\/yoast-seo-wordpress\/ -->\n<title>Gastronomiezubeh\u00f6r - viva-service AG<\/title>\n<meta name=\"description\" content=\"Gastronomiezubeh\u00f6r f\u00fcr Ihre Schankanlage, hochwertige Zapfh\u00e4hne, Begleitk\u00fchler, Theken und Reinigungsmittel f\u00fcr die Schankanlagenreinigung.\" \/>\n<meta name=\"robots\" content=\"index, follow, max-snippet:-1, max-image-preview:large, max-video-preview:-1\" \/>\n<link rel=\"canonical\" href=\"https:\/\/vivaservice.de\/en\/gastronomiezubehoer\/\" \/>\n<meta property=\"og:locale\" content=\"en_GB\" \/>\n<meta property=\"og:type\" content=\"article\" \/>\n<meta property=\"og:title\" content=\"Gastronomiezubeh\u00f6r - viva-service AG\" \/>\n<meta property=\"og:description\" content=\"Gastronomiezubeh\u00f6r f\u00fcr Ihre Schankanlage, hochwertige Zapfh\u00e4hne, Begleitk\u00fchler, Theken und Reinigungsmittel f\u00fcr die Schankanlagenreinigung.\" \/>\n<meta property=\"og:url\" content=\"https:\/\/vivaservice.de\/en\/gastronomiezubehoer\/\" \/>\n<meta property=\"og:site_name\" content=\"viva-service AG\" \/>\n<meta property=\"article:modified_time\" content=\"2022-05-13T20:38:35+00:00\" \/>\n<meta name=\"twitter:card\" content=\"summary_large_image\" \/>\n<meta name=\"twitter:label1\" content=\"Estimated reading time\" \/>\n\t<meta name=\"twitter:data1\" content=\"2 minutes\" \/>\n<script type=\"application\/ld+json\" class=\"yoast-schema-graph\">{\"@context\":\"https:\\\/\\\/schema.org\",\"@graph\":[{\"@type\":\"WebPage\",\"@id\":\"https:\\\/\\\/vivaservice.de\\\/gastronomiezubehoer\\\/\",\"url\":\"https:\\\/\\\/vivaservice.de\\\/gastronomiezubehoer\\\/\",\"name\":\"Gastronomiezubeh\u00f6r - viva-service AG\",\"isPartOf\":{\"@id\":\"https:\\\/\\\/vivaservice.de\\\/#website\"},\"datePublished\":\"2021-09-14T13:06:35+00:00\",\"dateModified\":\"2022-05-13T20:38:35+00:00\",\"description\":\"Gastronomiezubeh\u00f6r f\u00fcr Ihre Schankanlage, hochwertige Zapfh\u00e4hne, Begleitk\u00fchler, Theken und Reinigungsmittel f\u00fcr die Schankanlagenreinigung.\",\"breadcrumb\":{\"@id\":\"https:\\\/\\\/vivaservice.de\\\/gastronomiezubehoer\\\/#breadcrumb\"},\"inLanguage\":\"en-GB\",\"potentialAction\":[{\"@type\":\"ReadAction\",\"target\":[\"https:\\\/\\\/vivaservice.de\\\/gastronomiezubehoer\\\/\"]}]},{\"@type\":\"BreadcrumbList\",\"@id\":\"https:\\\/\\\/vivaservice.de\\\/gastronomiezubehoer\\\/#breadcrumb\",\"itemListElement\":[{\"@type\":\"ListItem\",\"position\":1,\"name\":\"Startseite\",\"item\":\"https:\\\/\\\/vivaservice.de\\\/\"},{\"@type\":\"ListItem\",\"position\":2,\"name\":\"Gastronomiezubeh\u00f6r\"}]},{\"@type\":\"WebSite\",\"@id\":\"https:\\\/\\\/vivaservice.de\\\/#website\",\"url\":\"https:\\\/\\\/vivaservice.de\\\/\",\"name\":\"viva-service AG\",\"description\":\"\",\"publisher\":{\"@id\":\"https:\\\/\\\/vivaservice.de\\\/#organization\"},\"potentialAction\":[{\"@type\":\"SearchAction\",\"target\":{\"@type\":\"EntryPoint\",\"urlTemplate\":\"https:\\\/\\\/vivaservice.de\\\/?s={search_term_string}\"},\"query-input\":{\"@type\":\"PropertyValueSpecification\",\"valueRequired\":true,\"valueName\":\"search_term_string\"}}],\"inLanguage\":\"en-GB\"},{\"@type\":\"Organization\",\"@id\":\"https:\\\/\\\/vivaservice.de\\\/#organization\",\"name\":\"viva-service AG\",\"url\":\"https:\\\/\\\/vivaservice.de\\\/\",\"logo\":{\"@type\":\"ImageObject\",\"inLanguage\":\"en-GB\",\"@id\":\"https:\\\/\\\/vivaservice.de\\\/#\\\/schema\\\/logo\\\/image\\\/\",\"url\":\"https:\\\/\\\/vivaservice.de\\\/wp-content\\\/uploads\\\/2025\\\/06\\\/cropped-Wort-Bildmarke_150px.png\",\"contentUrl\":\"https:\\\/\\\/vivaservice.de\\\/wp-content\\\/uploads\\\/2025\\\/06\\\/cropped-Wort-Bildmarke_150px.png\",\"width\":151,\"height\":69,\"caption\":\"viva-service AG\"},\"image\":{\"@id\":\"https:\\\/\\\/vivaservice.de\\\/#\\\/schema\\\/logo\\\/image\\\/\"}}]}<\/script>\n<!-- \/ Yoast SEO plugin. -->","yoast_head_json":{"title":"Gastronomiezubeh\u00f6r - viva-service AG","description":"Gastronomiezubeh\u00f6r f\u00fcr Ihre Schankanlage, hochwertige Zapfh\u00e4hne, Begleitk\u00fchler, Theken und Reinigungsmittel f\u00fcr die Schankanlagenreinigung.","robots":{"index":"index","follow":"follow","max-snippet":"max-snippet:-1","max-image-preview":"max-image-preview:large","max-video-preview":"max-video-preview:-1"},"canonical":"https:\/\/vivaservice.de\/en\/gastronomiezubehoer\/","og_locale":"en_GB","og_type":"article","og_title":"Gastronomiezubeh\u00f6r - viva-service AG","og_description":"Gastronomiezubeh\u00f6r f\u00fcr Ihre Schankanlage, hochwertige Zapfh\u00e4hne, Begleitk\u00fchler, Theken und Reinigungsmittel f\u00fcr die Schankanlagenreinigung.","og_url":"https:\/\/vivaservice.de\/en\/gastronomiezubehoer\/","og_site_name":"viva-service AG","article_modified_time":"2022-05-13T20:38:35+00:00","twitter_card":"summary_large_image","twitter_misc":{"Estimated reading time":"2 minutes"},"schema":{"@context":"https:\/\/schema.org","@graph":[{"@type":"WebPage","@id":"https:\/\/vivaservice.de\/gastronomiezubehoer\/","url":"https:\/\/vivaservice.de\/gastronomiezubehoer\/","name":"Gastronomiezubeh\u00f6r - viva-service AG","isPartOf":{"@id":"https:\/\/vivaservice.de\/#website"},"datePublished":"2021-09-14T13:06:35+00:00","dateModified":"2022-05-13T20:38:35+00:00","description":"Gastronomiezubeh\u00f6r f\u00fcr Ihre Schankanlage, hochwertige Zapfh\u00e4hne, Begleitk\u00fchler, Theken und Reinigungsmittel f\u00fcr die Schankanlagenreinigung.","breadcrumb":{"@id":"https:\/\/vivaservice.de\/gastronomiezubehoer\/#breadcrumb"},"inLanguage":"en-GB","potentialAction":[{"@type":"ReadAction","target":["https:\/\/vivaservice.de\/gastronomiezubehoer\/"]}]},{"@type":"BreadcrumbList","@id":"https:\/\/vivaservice.de\/gastronomiezubehoer\/#breadcrumb","itemListElement":[{"@type":"ListItem","position":1,"name":"Startseite","item":"https:\/\/vivaservice.de\/"},{"@type":"ListItem","position":2,"name":"Gastronomiezubeh\u00f6r"}]},{"@type":"WebSite","@id":"https:\/\/vivaservice.de\/#website","url":"https:\/\/vivaservice.de\/","name":"viva-service AG","description":"","publisher":{"@id":"https:\/\/vivaservice.de\/#organization"},"potentialAction":[{"@type":"SearchAction","target":{"@type":"EntryPoint","urlTemplate":"https:\/\/vivaservice.de\/?s={search_term_string}"},"query-input":{"@type":"PropertyValueSpecification","valueRequired":true,"valueName":"search_term_string"}}],"inLanguage":"en-GB"},{"@type":"Organization","@id":"https:\/\/vivaservice.de\/#organization","name":"viva-service AG","url":"https:\/\/vivaservice.de\/","logo":{"@type":"ImageObject","inLanguage":"en-GB","@id":"https:\/\/vivaservice.de\/#\/schema\/logo\/image\/","url":"https:\/\/vivaservice.de\/wp-content\/uploads\/2025\/06\/cropped-Wort-Bildmarke_150px.png","contentUrl":"https:\/\/vivaservice.de\/wp-content\/uploads\/2025\/06\/cropped-Wort-Bildmarke_150px.png","width":151,"height":69,"caption":"viva-service AG"},"image":{"@id":"https:\/\/vivaservice.de\/#\/schema\/logo\/image\/"}}]}},"_links":{"self":[{"href":"https:\/\/vivaservice.de\/en\/wp-json\/wp\/v2\/pages\/1151","targetHints":{"allow":["GET"]}}],"collection":[{"href":"https:\/\/vivaservice.de\/en\/wp-json\/wp\/v2\/pages"}],"about":[{"href":"https:\/\/vivaservice.de\/en\/wp-json\/wp\/v2\/types\/page"}],"author":[{"embeddable":true,"href":"https:\/\/vivaservice.de\/en\/wp-json\/wp\/v2\/users\/1"}],"replies":[{"embeddable":true,"href":"https:\/\/vivaservice.de\/en\/wp-json\/wp\/v2\/comments?post=1151"}],"version-history":[{"count":74,"href":"https:\/\/vivaservice.de\/en\/wp-json\/wp\/v2\/pages\/1151\/revisions"}],"predecessor-version":[{"id":2967,"href":"https:\/\/vivaservice.de\/en\/wp-json\/wp\/v2\/pages\/1151\/revisions\/2967"}],"wp:attachment":[{"href":"https:\/\/vivaservice.de\/en\/wp-json\/wp\/v2\/media?parent=1151"}],"curies":[{"name":"wp","href":"https:\/\/api.w.org\/{rel}","templated":true}]}}